{"id":83441,"date":"2025-03-17T14:21:52","date_gmt":"2025-03-17T13:21:52","guid":{"rendered":"https:\/\/partyinabox.dk\/party\/vare\/cirkus-soeloeve-invitationer\/"},"modified":"2026-03-24T12:53:40","modified_gmt":"2026-03-24T11:53:40","slug":"cirkus-soeloeve-invitationer","status":"publish","type":"product","link":"https:\/\/partyinabox.dk\/party\/vare\/cirkus-soeloeve-invitationer\/","title":{"rendered":"Cirkus s\u00f8l\u00f8ve invitationer"},"content":{"rendered":"<p>G\u00f8r din b\u00f8rnef\u00f8dselsdag til noget helt s\u00e6rligt med disse sjove cirkus s\u00f8l\u00f8ve invitationer. De s\u00e6tter den helt rette stemning, inden festen overhovedet er begyndt.<\/p>\n<p>Invitationerne er lavet af papir og har en unik s\u00f8l\u00f8veform med farverigt tryk, der fanger opm\u00e6rksomheden. Hver pakke indeholder 6 invitationer og 6 matchende konvolutter, s\u00e5 du nemt kan sende dem til g\u00e6sterne.<\/p>\n<p>Brug dem til at invitere venner og familie til en cirkusfest, temadag eller en magisk f\u00f8dselsdag \u2013 de passer til enhver festlig anledning.<\/p>\n<p>Indhold: 6 stk. \/ M\u00e5l: 8.5 x 18.5 cm<\/p>\n","protected":false},"excerpt":{"rendered":"<p>G\u00f8r din b\u00f8rnef\u00f8dselsdag til noget helt s\u00e6rligt med disse sjove cirkus s\u00f8l\u00f8ve invitationer. De s\u00e6tter den helt rette stemning, inden festen overhovedet er begyndt. Invitationerne er lavet af papir og har en unik s\u00f8l\u00f8veform med farverigt tryk, der fanger opm\u00e6rksomheden. [&hellip;]<\/p>\n","protected":false},"featured_media":83442,"template":"","meta":{"_acf_changed":false},"product_brand":[],"product_cat":[34],"product_tag":[],"class_list":{"0":"post-83441","1":"product","2":"type-product","3":"status-publish","4":"has-post-thumbnail","6":"product_cat-accessories","7":"pa_item-color-multi","8":"pa_item-color-lyseblaa","9":"pa_item-group-festtilbehoer","10":"pa_item-subgroup-invitationer","11":"pa_pakken-indeholder-6-stk-invitationer6-stk-konvolutter","12":"pa_tema_tax-animals","13":"pa_under-tema-seal","15":"first","16":"instock","17":"taxable","18":"shipping-taxable","19":"purchasable","20":"product-type-simple"},"bundled_by":[],"bundle_stock_status":"instock","bundle_stock_quantity":25,"bundle_virtual":false,"bundle_layout":"","bundle_add_to_cart_form_location":"","bundle_editable_in_cart":false,"bundle_sold_individually_context":"","bundle_item_grouping":"","bundle_min_size":"","bundle_max_size":"","bundle_price":[],"bundled_items":[],"bundle_sell_ids":[],"acf":[],"tiered_pricing_type":"fixed","tiered_pricing_fixed_rules":[],"tiered_pricing_product_settings":{"layout":"default","base_unit_name":{"singular":null,"plural":null},"default_variation":null},"tiered_pricing_minimum_quantity":null,"tiered_pricing_roles_data":[],"tiered_pricing_percentage_rules":[],"tiered_pricing_maximum_quantity":null,"tiered_pricing_quantity_step":null,"_links":{"self":[{"href":"https:\/\/partyinabox.dk\/party\/wp-json\/wp\/v2\/product\/83441","targetHints":{"allow":["GET"]}}],"collection":[{"href":"https:\/\/partyinabox.dk\/party\/wp-json\/wp\/v2\/product"}],"about":[{"href":"https:\/\/partyinabox.dk\/party\/wp-json\/wp\/v2\/types\/product"}],"wp:featuredmedia":[{"embeddable":true,"href":"https:\/\/partyinabox.dk\/party\/wp-json\/wp\/v2\/media\/83442"}],"wp:attachment":[{"href":"https:\/\/partyinabox.dk\/party\/wp-json\/wp\/v2\/media?parent=83441"}],"wp:term":[{"taxonomy":"product_brand","embeddable":true,"href":"https:\/\/partyinabox.dk\/party\/wp-json\/wp\/v2\/product_brand?post=83441"},{"taxonomy":"product_cat","embeddable":true,"href":"https:\/\/partyinabox.dk\/party\/wp-json\/wp\/v2\/product_cat?post=83441"},{"taxonomy":"product_tag","embeddable":true,"href":"https:\/\/partyinabox.dk\/party\/wp-json\/wp\/v2\/product_tag?post=83441"}],"curies":[{"name":"wp","href":"https:\/\/api.w.org\/{rel}","templated":true}]}}