{"id":83180,"date":"2025-03-13T11:45:44","date_gmt":"2025-03-13T10:45:44","guid":{"rendered":"https:\/\/partyinabox.dk\/party\/vare\/regnbue-tal-kagelys-3\/"},"modified":"2026-04-05T13:33:40","modified_gmt":"2026-04-05T11:33:40","slug":"regnbue-tal-kagelys-3","status":"publish","type":"product","link":"https:\/\/partyinabox.dk\/party\/vare\/regnbue-tal-kagelys-3\/","title":{"rendered":"Regnbue tal kagelys 3"},"content":{"rendered":"<p>Skab en festlig stemning til enhver fejring med dette flotte kagelys formet som tallet 3. Det farverige m\u00f8nster g\u00f8r lyset til en sjov og unik detalje p\u00e5 kagen.<\/p>\n<p>Lavet af voks og tr\u00e6, er dette lys b\u00e5de dekorativt og praktisk. Takket v\u00e6re den medf\u00f8lgende pind er det nemt at placere p\u00e5 kagen.<\/p>\n<p>Brug lyset alene eller kombiner det med andre tal for at markere s\u00e6rlige \u00f8jeblikke som f\u00f8dselsdage eller jubil\u00e6er.<\/p>\n<p>Indhold: 1 stk. \/ H\u00f8jde: 5,5 cm<\/p>\n","protected":false},"excerpt":{"rendered":"<p>Skab en festlig stemning til enhver fejring med dette flotte kagelys formet som tallet 3. Det farverige m\u00f8nster g\u00f8r lyset til en sjov og unik detalje p\u00e5 kagen. Lavet af voks og tr\u00e6, er dette lys b\u00e5de dekorativt og praktisk. [&hellip;]<\/p>\n","protected":false},"featured_media":83181,"template":"","meta":{"_acf_changed":false},"product_brand":[],"product_cat":[33],"product_tag":[],"class_list":{"0":"post-83180","1":"product","2":"type-product","3":"status-publish","4":"has-post-thumbnail","6":"product_cat-til-kagen","7":"pa_item-color-regnbue","8":"pa_item-group-kagetilbehoer","9":"pa_item-subgroup-kagelys","10":"pa_pakken-indeholder-kagelys","11":"pa_tema_tax-birthday","12":"pa_under-tema-birthday","14":"first","15":"instock","16":"taxable","17":"shipping-taxable","18":"purchasable","19":"product-type-simple"},"bundled_by":[],"bundle_stock_status":"instock","bundle_stock_quantity":7,"bundle_virtual":false,"bundle_layout":"","bundle_add_to_cart_form_location":"","bundle_editable_in_cart":false,"bundle_sold_individually_context":"","bundle_item_grouping":"","bundle_min_size":"","bundle_max_size":"","bundle_price":[],"bundled_items":[],"bundle_sell_ids":[],"acf":[],"tiered_pricing_type":"fixed","tiered_pricing_fixed_rules":[],"tiered_pricing_product_settings":{"layout":"default","base_unit_name":{"singular":null,"plural":null},"default_variation":null},"tiered_pricing_minimum_quantity":null,"tiered_pricing_roles_data":[],"tiered_pricing_percentage_rules":[],"tiered_pricing_maximum_quantity":null,"tiered_pricing_quantity_step":null,"_links":{"self":[{"href":"https:\/\/partyinabox.dk\/party\/wp-json\/wp\/v2\/product\/83180","targetHints":{"allow":["GET"]}}],"collection":[{"href":"https:\/\/partyinabox.dk\/party\/wp-json\/wp\/v2\/product"}],"about":[{"href":"https:\/\/partyinabox.dk\/party\/wp-json\/wp\/v2\/types\/product"}],"wp:featuredmedia":[{"embeddable":true,"href":"https:\/\/partyinabox.dk\/party\/wp-json\/wp\/v2\/media\/83181"}],"wp:attachment":[{"href":"https:\/\/partyinabox.dk\/party\/wp-json\/wp\/v2\/media?parent=83180"}],"wp:term":[{"taxonomy":"product_brand","embeddable":true,"href":"https:\/\/partyinabox.dk\/party\/wp-json\/wp\/v2\/product_brand?post=83180"},{"taxonomy":"product_cat","embeddable":true,"href":"https:\/\/partyinabox.dk\/party\/wp-json\/wp\/v2\/product_cat?post=83180"},{"taxonomy":"product_tag","embeddable":true,"href":"https:\/\/partyinabox.dk\/party\/wp-json\/wp\/v2\/product_tag?post=83180"}],"curies":[{"name":"wp","href":"https:\/\/api.w.org\/{rel}","templated":true}]}}