{"id":83164,"date":"2025-03-26T00:00:00","date_gmt":"2025-03-25T23:00:00","guid":{"rendered":"https:\/\/partyinabox.dk\/party\/vare\/sort-hvid-ternet-sloejfe-dug\/"},"modified":"2026-03-23T09:12:34","modified_gmt":"2026-03-23T08:12:34","slug":"sort-hvid-ternet-sloejfe-dug","status":"publish","type":"product","link":"https:\/\/partyinabox.dk\/party\/vare\/sort-hvid-ternet-sloejfe-dug\/","title":{"rendered":"Sort\/hvid ternet sl\u00f8jfe dug (plastik)"},"content":{"rendered":"<p>S\u00e6t rammen for et elegant bordarrangement med denne ternede sl\u00f8jfe-dug. Den kombinerer et klassisk m\u00f8nster med charmerende sorte sl\u00f8jfer, der giver et stilfuldt udtryk til enhver anledning.<\/p>\n<p>Dugen er lavet af holdbart polyester og m\u00e5ler 180 x 120 cm. Farvekombinationen passer til b\u00e5de festlige og mere afslappede begivenheder.<\/p>\n<p>Brug den til f\u00f8dselsdage, middagsselskaber eller andre hyggelige sammenkomster, hvor bordet skal fremst\u00e5 p\u00e6nt og indbydende.<\/p>\n<p>Indhold: 1 stk. \/ M\u00e5l: 180 x 120 cm<\/p>\n","protected":false},"excerpt":{"rendered":"<p>S\u00e6t rammen for et elegant bordarrangement med denne ternede sl\u00f8jfe-dug. Den kombinerer et klassisk m\u00f8nster med charmerende sorte sl\u00f8jfer, der giver et stilfuldt udtryk til enhver anledning. Dugen er lavet af holdbart polyester og m\u00e5ler 180 x 120 cm. Farvekombinationen [&hellip;]<\/p>\n","protected":false},"featured_media":83165,"template":"","meta":{"_acf_changed":false},"product_brand":[],"product_cat":[32],"product_tag":[],"class_list":{"0":"post-83164","1":"product","2":"type-product","3":"status-publish","4":"has-post-thumbnail","6":"product_cat-service","7":"pa_item-color-hvid","8":"pa_item-color-sort","9":"pa_item-group-borddekoration","10":"pa_item-subgroup-duge","11":"pa_pakken-indeholder-dug","12":"pa_tema_tax-generic","13":"pa_under-tema-generic","15":"first","16":"instock","17":"taxable","18":"shipping-taxable","19":"purchasable","20":"product-type-simple"},"bundled_by":[],"bundle_stock_status":"instock","bundle_stock_quantity":49,"bundle_virtual":false,"bundle_layout":"","bundle_add_to_cart_form_location":"","bundle_editable_in_cart":false,"bundle_sold_individually_context":"","bundle_item_grouping":"","bundle_min_size":"","bundle_max_size":"","bundle_price":[],"bundled_items":[],"bundle_sell_ids":[],"acf":[],"tiered_pricing_type":"fixed","tiered_pricing_fixed_rules":[],"tiered_pricing_product_settings":{"layout":"default","base_unit_name":{"singular":null,"plural":null},"default_variation":null},"tiered_pricing_minimum_quantity":null,"tiered_pricing_roles_data":[],"tiered_pricing_percentage_rules":[],"tiered_pricing_maximum_quantity":null,"tiered_pricing_quantity_step":null,"_links":{"self":[{"href":"https:\/\/partyinabox.dk\/party\/wp-json\/wp\/v2\/product\/83164","targetHints":{"allow":["GET"]}}],"collection":[{"href":"https:\/\/partyinabox.dk\/party\/wp-json\/wp\/v2\/product"}],"about":[{"href":"https:\/\/partyinabox.dk\/party\/wp-json\/wp\/v2\/types\/product"}],"wp:featuredmedia":[{"embeddable":true,"href":"https:\/\/partyinabox.dk\/party\/wp-json\/wp\/v2\/media\/83165"}],"wp:attachment":[{"href":"https:\/\/partyinabox.dk\/party\/wp-json\/wp\/v2\/media?parent=83164"}],"wp:term":[{"taxonomy":"product_brand","embeddable":true,"href":"https:\/\/partyinabox.dk\/party\/wp-json\/wp\/v2\/product_brand?post=83164"},{"taxonomy":"product_cat","embeddable":true,"href":"https:\/\/partyinabox.dk\/party\/wp-json\/wp\/v2\/product_cat?post=83164"},{"taxonomy":"product_tag","embeddable":true,"href":"https:\/\/partyinabox.dk\/party\/wp-json\/wp\/v2\/product_tag?post=83164"}],"curies":[{"name":"wp","href":"https:\/\/api.w.org\/{rel}","templated":true}]}}