{"id":83151,"date":"2025-03-13T11:45:29","date_gmt":"2025-03-13T10:45:29","guid":{"rendered":"https:\/\/partyinabox.dk\/party\/vare\/cirkus-cupcake-kagetopper\/"},"modified":"2026-04-22T10:19:19","modified_gmt":"2026-04-22T08:19:19","slug":"cirkus-cupcake-kagetopper","status":"publish","type":"product","link":"https:\/\/partyinabox.dk\/party\/vare\/cirkus-cupcake-kagetopper\/","title":{"rendered":"Cirkus kagepynt"},"content":{"rendered":"<p>G\u00f8r dine cupcakes til midtpunktet ved enhver fest med disse cirkustema kagetoppere. De unikke designs bringer \u00f8jeblikkeligt liv og farve til b\u00e5de b\u00f8rnef\u00f8dselsdage og temafester.<\/p>\n<p>Hver pakke indeholder seks forskellige toppere, der forestiller charmerende cirkusfigurer som l\u00f8ver, zebraer og artister. De er fremstillet i papir og tr\u00e6 og m\u00e5ler mellem 9 og 11,5 cm i h\u00f8jden, perfekt til at give dine kager et ekstra pift.<\/p>\n<p>Brug dem til at skabe en gennemf\u00f8rt cirkusstemning, eller kombin\u00e9r dem med andre festartikler for en personlig dekoration.<\/p>\n<p>Indhold: 6 stk. \/ M\u00e5l: 9-11,5 cm<\/p>\n","protected":false},"excerpt":{"rendered":"<p>G\u00f8r dine cupcakes til midtpunktet ved enhver fest med disse cirkustema kagetoppere. De unikke designs bringer \u00f8jeblikkeligt liv og farve til b\u00e5de b\u00f8rnef\u00f8dselsdage og temafester. Hver pakke indeholder seks forskellige toppere, der forestiller charmerende cirkusfigurer som l\u00f8ver, zebraer og artister. [&hellip;]<\/p>\n","protected":false},"featured_media":83152,"template":"","meta":{"_acf_changed":false},"product_brand":[],"product_cat":[33],"product_tag":[],"class_list":{"0":"post-83151","1":"product","2":"type-product","3":"status-publish","4":"has-post-thumbnail","6":"product_cat-til-kagen","7":"pa_item-color-multi","8":"pa_item-group-kagetilbehoer","9":"pa_item-subgroup-kagefigur-kagetopper","10":"pa_pakken-indeholder-6-stk-kagetoppere","11":"pa_tema_tax-funny","12":"pa_under-tema-circus","14":"first","15":"instock","16":"taxable","17":"shipping-taxable","18":"purchasable","19":"product-type-simple"},"bundled_by":[],"bundle_stock_status":"instock","bundle_stock_quantity":45,"bundle_virtual":false,"bundle_layout":"","bundle_add_to_cart_form_location":"","bundle_editable_in_cart":false,"bundle_sold_individually_context":"","bundle_item_grouping":"","bundle_min_size":"","bundle_max_size":"","bundle_price":[],"bundled_items":[],"bundle_sell_ids":[],"acf":[],"tiered_pricing_type":"fixed","tiered_pricing_fixed_rules":[],"tiered_pricing_product_settings":{"layout":"default","base_unit_name":{"singular":null,"plural":null},"default_variation":null},"tiered_pricing_minimum_quantity":null,"tiered_pricing_roles_data":[],"tiered_pricing_percentage_rules":[],"tiered_pricing_maximum_quantity":null,"tiered_pricing_quantity_step":null,"_links":{"self":[{"href":"https:\/\/partyinabox.dk\/party\/wp-json\/wp\/v2\/product\/83151","targetHints":{"allow":["GET"]}}],"collection":[{"href":"https:\/\/partyinabox.dk\/party\/wp-json\/wp\/v2\/product"}],"about":[{"href":"https:\/\/partyinabox.dk\/party\/wp-json\/wp\/v2\/types\/product"}],"wp:featuredmedia":[{"embeddable":true,"href":"https:\/\/partyinabox.dk\/party\/wp-json\/wp\/v2\/media\/83152"}],"wp:attachment":[{"href":"https:\/\/partyinabox.dk\/party\/wp-json\/wp\/v2\/media?parent=83151"}],"wp:term":[{"taxonomy":"product_brand","embeddable":true,"href":"https:\/\/partyinabox.dk\/party\/wp-json\/wp\/v2\/product_brand?post=83151"},{"taxonomy":"product_cat","embeddable":true,"href":"https:\/\/partyinabox.dk\/party\/wp-json\/wp\/v2\/product_cat?post=83151"},{"taxonomy":"product_tag","embeddable":true,"href":"https:\/\/partyinabox.dk\/party\/wp-json\/wp\/v2\/product_tag?post=83151"}],"curies":[{"name":"wp","href":"https:\/\/api.w.org\/{rel}","templated":true}]}}