{"id":83135,"date":"2025-03-13T11:45:29","date_gmt":"2025-03-13T10:45:29","guid":{"rendered":"https:\/\/partyinabox.dk\/party\/vare\/havfrue-folie-ballon\/"},"modified":"2026-04-28T07:15:11","modified_gmt":"2026-04-28T05:15:11","slug":"havfrue-folie-ballon","status":"publish","type":"product","link":"https:\/\/partyinabox.dk\/party\/vare\/havfrue-folie-ballon\/","title":{"rendered":"Havfrue folie ballon"},"content":{"rendered":"<p>G\u00f8r din fest endnu mere eventyrlig med denne havfrue folieballon. Den detaljerede og farverige ballon skaber en magisk stemning og er perfekt til b\u00f8rnef\u00f8dselsdage, temafester eller andre s\u00e6rlige lejligheder.<\/p>\n<p>Ballonen m\u00e5ler 67 x 110 cm efter oppustning og er lavet af holdbart metalfolie, som sikrer en flot finish. Den kan fyldes med b\u00e5de luft og helium og leveres med en praktisk suger\u00f8r til oppustning.<\/p>\n<p>Tip: Brug ballonen som midtpunkt i din dekoration, h\u00e6ng den op p\u00e5 v\u00e6ggen eller kombiner den med andre farverige balloner for et festligt look.<\/p>\n<p>Indhold: 1 stk. \/ M\u00e5l: 67 x 110 cm<\/p>\n","protected":false},"excerpt":{"rendered":"<p>G\u00f8r din fest endnu mere eventyrlig med denne havfrue folieballon. Den detaljerede og farverige ballon skaber en magisk stemning og er perfekt til b\u00f8rnef\u00f8dselsdage, temafester eller andre s\u00e6rlige lejligheder. Ballonen m\u00e5ler 67 x 110 cm efter oppustning og er lavet [&hellip;]<\/p>\n","protected":false},"featured_media":83136,"template":"","meta":{"_acf_changed":false},"product_brand":[],"product_cat":[30],"product_tag":[],"class_list":{"0":"post-83135","1":"product","2":"type-product","3":"status-publish","4":"has-post-thumbnail","6":"product_cat-balloner","7":"pa_item-color-hvid","8":"pa_item-color-lilla","9":"pa_item-group-balloner","10":"pa_item-subgroup-folieballoner","11":"pa_pakken-indeholder-folieballonsugeroer","12":"pa_tema_tax-fantasy-fairytale","13":"pa_under-tema-mermaid","15":"first","16":"instock","17":"taxable","18":"shipping-taxable","19":"purchasable","20":"product-type-simple"},"bundled_by":[],"bundle_stock_status":"instock","bundle_stock_quantity":16,"bundle_virtual":false,"bundle_layout":"","bundle_add_to_cart_form_location":"","bundle_editable_in_cart":false,"bundle_sold_individually_context":"","bundle_item_grouping":"","bundle_min_size":"","bundle_max_size":"","bundle_price":[],"bundled_items":[],"bundle_sell_ids":[],"acf":[],"tiered_pricing_type":"fixed","tiered_pricing_fixed_rules":[],"tiered_pricing_product_settings":{"layout":"default","base_unit_name":{"singular":null,"plural":null},"default_variation":null},"tiered_pricing_minimum_quantity":null,"tiered_pricing_roles_data":[],"tiered_pricing_percentage_rules":[],"tiered_pricing_maximum_quantity":null,"tiered_pricing_quantity_step":null,"_links":{"self":[{"href":"https:\/\/partyinabox.dk\/party\/wp-json\/wp\/v2\/product\/83135","targetHints":{"allow":["GET"]}}],"collection":[{"href":"https:\/\/partyinabox.dk\/party\/wp-json\/wp\/v2\/product"}],"about":[{"href":"https:\/\/partyinabox.dk\/party\/wp-json\/wp\/v2\/types\/product"}],"wp:featuredmedia":[{"embeddable":true,"href":"https:\/\/partyinabox.dk\/party\/wp-json\/wp\/v2\/media\/83136"}],"wp:attachment":[{"href":"https:\/\/partyinabox.dk\/party\/wp-json\/wp\/v2\/media?parent=83135"}],"wp:term":[{"taxonomy":"product_brand","embeddable":true,"href":"https:\/\/partyinabox.dk\/party\/wp-json\/wp\/v2\/product_brand?post=83135"},{"taxonomy":"product_cat","embeddable":true,"href":"https:\/\/partyinabox.dk\/party\/wp-json\/wp\/v2\/product_cat?post=83135"},{"taxonomy":"product_tag","embeddable":true,"href":"https:\/\/partyinabox.dk\/party\/wp-json\/wp\/v2\/product_tag?post=83135"}],"curies":[{"name":"wp","href":"https:\/\/api.w.org\/{rel}","templated":true}]}}