{"id":83127,"date":"2025-03-13T11:45:12","date_gmt":"2025-03-13T10:45:12","guid":{"rendered":"https:\/\/partyinabox.dk\/party\/vare\/roed-stribet-folie-ballon-med-stjerner\/"},"modified":"2026-04-22T22:29:44","modified_gmt":"2026-04-22T20:29:44","slug":"roed-stribet-folie-ballon-med-stjerner","status":"publish","type":"product","link":"https:\/\/partyinabox.dk\/party\/vare\/roed-stribet-folie-ballon-med-stjerner\/","title":{"rendered":"R\u00f8d stribet folie ballon med stjerner"},"content":{"rendered":"<p>Skab en festlig atmosf\u00e6re med denne dekorative stjerne cirkus folieballon i r\u00f8d. Den unikke, runde form og de gyldne stjerner bringer et element af elegance til enhver anledning.<\/p>\n<p>Ballonen er fremstillet af holdbar metalfolie og har en st\u00f8rrelse p\u00e5 50 cm efter oppustning. Med dens matte r\u00f8de overflade og smukke stjernedesign bliver den et blikfang til b\u00e5de f\u00f8dselsdage, barned\u00e5b og andre fester. Der medf\u00f8lger et suger\u00f8r til nem oppustning.<\/p>\n<p>Tip: h\u00e6ng den op i fiskesn\u00f8re eller fyld den med helium for en sv\u00e6vende effekt.<\/p>\n<p>Indhold: 1 stk. \/ M\u00e5l: 50 cm<\/p>\n","protected":false},"excerpt":{"rendered":"<p>Skab en festlig atmosf\u00e6re med denne dekorative stjerne cirkus folieballon i r\u00f8d. Den unikke, runde form og de gyldne stjerner bringer et element af elegance til enhver anledning. Ballonen er fremstillet af holdbar metalfolie og har en st\u00f8rrelse p\u00e5 50 [&hellip;]<\/p>\n","protected":false},"featured_media":83128,"template":"","meta":{"_acf_changed":false},"product_brand":[],"product_cat":[30],"product_tag":[],"class_list":{"0":"post-83127","1":"product","2":"type-product","3":"status-publish","4":"has-post-thumbnail","6":"product_cat-balloner","7":"pa_item-color-guld","8":"pa_item-color-lyseroed","9":"pa_item-color-roed","10":"pa_item-group-balloner","11":"pa_item-subgroup-folieballoner","12":"pa_pakken-indeholder-folieballonsugeroer","13":"pa_tema_tax-funny","14":"pa_under-tema-circus","16":"first","17":"instock","18":"taxable","19":"shipping-taxable","20":"purchasable","21":"product-type-simple"},"bundled_by":[],"bundle_stock_status":"instock","bundle_stock_quantity":166,"bundle_virtual":false,"bundle_layout":"","bundle_add_to_cart_form_location":"","bundle_editable_in_cart":false,"bundle_sold_individually_context":"","bundle_item_grouping":"","bundle_min_size":"","bundle_max_size":"","bundle_price":[],"bundled_items":[],"bundle_sell_ids":[],"acf":[],"tiered_pricing_type":"fixed","tiered_pricing_fixed_rules":[],"tiered_pricing_product_settings":{"layout":"default","base_unit_name":{"singular":null,"plural":null},"default_variation":null},"tiered_pricing_minimum_quantity":null,"tiered_pricing_roles_data":[],"tiered_pricing_percentage_rules":[],"tiered_pricing_maximum_quantity":null,"tiered_pricing_quantity_step":null,"_links":{"self":[{"href":"https:\/\/partyinabox.dk\/party\/wp-json\/wp\/v2\/product\/83127","targetHints":{"allow":["GET"]}}],"collection":[{"href":"https:\/\/partyinabox.dk\/party\/wp-json\/wp\/v2\/product"}],"about":[{"href":"https:\/\/partyinabox.dk\/party\/wp-json\/wp\/v2\/types\/product"}],"wp:featuredmedia":[{"embeddable":true,"href":"https:\/\/partyinabox.dk\/party\/wp-json\/wp\/v2\/media\/83128"}],"wp:attachment":[{"href":"https:\/\/partyinabox.dk\/party\/wp-json\/wp\/v2\/media?parent=83127"}],"wp:term":[{"taxonomy":"product_brand","embeddable":true,"href":"https:\/\/partyinabox.dk\/party\/wp-json\/wp\/v2\/product_brand?post=83127"},{"taxonomy":"product_cat","embeddable":true,"href":"https:\/\/partyinabox.dk\/party\/wp-json\/wp\/v2\/product_cat?post=83127"},{"taxonomy":"product_tag","embeddable":true,"href":"https:\/\/partyinabox.dk\/party\/wp-json\/wp\/v2\/product_tag?post=83127"}],"curies":[{"name":"wp","href":"https:\/\/api.w.org\/{rel}","templated":true}]}}