{"id":83115,"date":"2025-03-13T11:45:12","date_gmt":"2025-03-13T10:45:12","guid":{"rendered":"https:\/\/partyinabox.dk\/party\/vare\/dekorativ-perlekaede-lille\/"},"modified":"2026-04-12T20:11:38","modified_gmt":"2026-04-12T18:11:38","slug":"dekorativ-perlekaede-lille","status":"publish","type":"product","link":"https:\/\/partyinabox.dk\/party\/vare\/dekorativ-perlekaede-lille\/","title":{"rendered":"Dekorativ perlek\u00e6de (lille)"},"content":{"rendered":"<p>Skab en elegant stemning med denne dekorative perlek\u00e6de. Perfekt til at tilf\u00f8je et strejf af finesse til bryllupper, fester og kreative DIY-projekter.<\/p>\n<p>Perlek\u00e6den er 10 meter lang og har perler med en diameter p\u00e5 8 mm, der giver et smukt og ensartet udtryk. Fremstillet i holdbart plast, der g\u00f8r den genanvendelig og nem at arbejde med.<\/p>\n<p>Brug perlek\u00e6den som borddekoration, til blomsterarrangementer eller som en del af gaveindpakning for en ekstra personlig detalje.<\/p>\n<p>Indhold: 1 stk. \/ M\u00e5l: 8 mm x 10 m<\/p>\n","protected":false},"excerpt":{"rendered":"<p>Skab en elegant stemning med denne dekorative perlek\u00e6de. Perfekt til at tilf\u00f8je et strejf af finesse til bryllupper, fester og kreative DIY-projekter. Perlek\u00e6den er 10 meter lang og har perler med en diameter p\u00e5 8 mm, der giver et smukt [&hellip;]<\/p>\n","protected":false},"featured_media":83116,"template":"","meta":{"_acf_changed":false},"product_brand":[],"product_cat":[34],"product_tag":[],"class_list":{"0":"post-83115","1":"product","2":"type-product","3":"status-publish","4":"has-post-thumbnail","6":"product_cat-accessories","7":"pa_item-color-hvid","8":"pa_item-group-stof-diy","9":"pa_item-subgroup-baand","10":"pa_pakken-indeholder-perlekaede","11":"pa_tema_tax-generic","12":"pa_under-tema-generic","14":"first","15":"instock","16":"taxable","17":"shipping-taxable","18":"purchasable","19":"product-type-simple"},"bundled_by":[],"bundle_stock_status":"instock","bundle_stock_quantity":45,"bundle_virtual":false,"bundle_layout":"","bundle_add_to_cart_form_location":"","bundle_editable_in_cart":false,"bundle_sold_individually_context":"","bundle_item_grouping":"","bundle_min_size":"","bundle_max_size":"","bundle_price":[],"bundled_items":[],"bundle_sell_ids":[],"acf":[],"tiered_pricing_type":"fixed","tiered_pricing_fixed_rules":[],"tiered_pricing_product_settings":{"layout":"default","base_unit_name":{"singular":null,"plural":null},"default_variation":null},"tiered_pricing_minimum_quantity":null,"tiered_pricing_roles_data":[],"tiered_pricing_percentage_rules":[],"tiered_pricing_maximum_quantity":null,"tiered_pricing_quantity_step":null,"_links":{"self":[{"href":"https:\/\/partyinabox.dk\/party\/wp-json\/wp\/v2\/product\/83115","targetHints":{"allow":["GET"]}}],"collection":[{"href":"https:\/\/partyinabox.dk\/party\/wp-json\/wp\/v2\/product"}],"about":[{"href":"https:\/\/partyinabox.dk\/party\/wp-json\/wp\/v2\/types\/product"}],"wp:featuredmedia":[{"embeddable":true,"href":"https:\/\/partyinabox.dk\/party\/wp-json\/wp\/v2\/media\/83116"}],"wp:attachment":[{"href":"https:\/\/partyinabox.dk\/party\/wp-json\/wp\/v2\/media?parent=83115"}],"wp:term":[{"taxonomy":"product_brand","embeddable":true,"href":"https:\/\/partyinabox.dk\/party\/wp-json\/wp\/v2\/product_brand?post=83115"},{"taxonomy":"product_cat","embeddable":true,"href":"https:\/\/partyinabox.dk\/party\/wp-json\/wp\/v2\/product_cat?post=83115"},{"taxonomy":"product_tag","embeddable":true,"href":"https:\/\/partyinabox.dk\/party\/wp-json\/wp\/v2\/product_tag?post=83115"}],"curies":[{"name":"wp","href":"https:\/\/api.w.org\/{rel}","templated":true}]}}