{"id":83093,"date":"2025-03-13T11:45:12","date_gmt":"2025-03-13T10:45:12","guid":{"rendered":"https:\/\/partyinabox.dk\/party\/vare\/sort-happy-birthday-folie-ballon\/"},"modified":"2026-04-30T11:59:33","modified_gmt":"2026-04-30T09:59:33","slug":"sort-happy-birthday-folie-ballon","status":"publish","type":"product","link":"https:\/\/partyinabox.dk\/party\/vare\/sort-happy-birthday-folie-ballon\/","title":{"rendered":"Sort &#8220;happy birthday&#8221; folie ballon"},"content":{"rendered":"<p>Skab en stilren og festlig stemning til din f\u00f8dselsdagsfejring med disse sorte folieballoner. De giver et moderne udtryk og passer perfekt til b\u00e5de sm\u00e5 og store selskaber.<\/p>\n<p>Pakken indeholder 13 folieballoner, der tilsammen staver &#8220;Happy Birthday&#8221;. Ballonerne er fremstillet i holdbar metalfolie og oppustes nemt med luft. Den samlede l\u00e6ngde er ca. 340 cm, hvilket g\u00f8r dem ideelle som baggrund eller h\u00e6ngende dekoration.<\/p>\n<p>Tip: Kombin\u00e9r med andre balloner eller lysk\u00e6der for en ekstra flot effekt.<\/p>\n<p>Indhold: 13 stk. \/ M\u00e5l: 340 x 35 cm<\/p>\n","protected":false},"excerpt":{"rendered":"<p>Skab en stilren og festlig stemning til din f\u00f8dselsdagsfejring med disse sorte folieballoner. De giver et moderne udtryk og passer perfekt til b\u00e5de sm\u00e5 og store selskaber. Pakken indeholder 13 folieballoner, der tilsammen staver &#8220;Happy Birthday&#8221;. Ballonerne er fremstillet i [&hellip;]<\/p>\n","protected":false},"featured_media":83094,"template":"","meta":{"_acf_changed":false},"product_brand":[],"product_cat":[30,60],"product_tag":[],"class_list":{"0":"post-83093","1":"product","2":"type-product","3":"status-publish","4":"has-post-thumbnail","6":"product_cat-balloner","7":"product_cat-folie-bogstaver","8":"pa_item-color-sort","9":"pa_item-group-balloner","10":"pa_item-subgroup-folieballoner","11":"pa_pakken-indeholder-13-stk-folieballonersugeroer","12":"pa_tema_tax-birthday","13":"pa_under-tema-birthday","15":"first","16":"instock","17":"taxable","18":"shipping-taxable","19":"purchasable","20":"product-type-simple"},"bundled_by":[],"bundle_stock_status":"instock","bundle_stock_quantity":51,"bundle_virtual":false,"bundle_layout":"","bundle_add_to_cart_form_location":"","bundle_editable_in_cart":false,"bundle_sold_individually_context":"","bundle_item_grouping":"","bundle_min_size":"","bundle_max_size":"","bundle_price":[],"bundled_items":[],"bundle_sell_ids":[],"acf":[],"tiered_pricing_type":"fixed","tiered_pricing_fixed_rules":[],"tiered_pricing_product_settings":{"layout":"default","base_unit_name":{"singular":null,"plural":null},"default_variation":null},"tiered_pricing_minimum_quantity":null,"tiered_pricing_roles_data":[],"tiered_pricing_percentage_rules":[],"tiered_pricing_maximum_quantity":null,"tiered_pricing_quantity_step":null,"_links":{"self":[{"href":"https:\/\/partyinabox.dk\/party\/wp-json\/wp\/v2\/product\/83093","targetHints":{"allow":["GET"]}}],"collection":[{"href":"https:\/\/partyinabox.dk\/party\/wp-json\/wp\/v2\/product"}],"about":[{"href":"https:\/\/partyinabox.dk\/party\/wp-json\/wp\/v2\/types\/product"}],"wp:featuredmedia":[{"embeddable":true,"href":"https:\/\/partyinabox.dk\/party\/wp-json\/wp\/v2\/media\/83094"}],"wp:attachment":[{"href":"https:\/\/partyinabox.dk\/party\/wp-json\/wp\/v2\/media?parent=83093"}],"wp:term":[{"taxonomy":"product_brand","embeddable":true,"href":"https:\/\/partyinabox.dk\/party\/wp-json\/wp\/v2\/product_brand?post=83093"},{"taxonomy":"product_cat","embeddable":true,"href":"https:\/\/partyinabox.dk\/party\/wp-json\/wp\/v2\/product_cat?post=83093"},{"taxonomy":"product_tag","embeddable":true,"href":"https:\/\/partyinabox.dk\/party\/wp-json\/wp\/v2\/product_tag?post=83093"}],"curies":[{"name":"wp","href":"https:\/\/api.w.org\/{rel}","templated":true}]}}