{"id":83075,"date":"2025-03-13T11:44:54","date_gmt":"2025-03-13T10:44:54","guid":{"rendered":"https:\/\/partyinabox.dk\/party\/vare\/mat-creme-folie-ballon-tal-2-stor\/"},"modified":"2026-05-01T09:15:28","modified_gmt":"2026-05-01T07:15:28","slug":"mat-creme-folie-ballon-tal-2-stor","status":"publish","type":"product","link":"https:\/\/partyinabox.dk\/party\/vare\/mat-creme-folie-ballon-tal-2-stor\/","title":{"rendered":"Mat creme folie ballon tal 2 (stor)"},"content":{"rendered":"<p>Skab en imponerende fejring med en stor talballon i mat lysegr\u00e5\/beige. Denne elegante ballon tilf\u00f8jer et stilfuldt touch til b\u00e5de f\u00f8dselsdage, jubil\u00e6er og andre s\u00e6rlige begivenheder.<\/p>\n<p>Ballonen er fremstillet i holdbart metalfolie og m\u00e5ler 86 cm efter oppustning. Den kan fyldes med b\u00e5de luft og helium. S\u00e6ttet inkluderer et praktisk suger\u00f8r til nem oppustning. Ved brug af helium kan ballonen sv\u00e6ve i 4-7 dage.<\/p>\n<p>Brug ballonen som en flot baggrund til billeder, eller kombiner flere tal for at skabe en unik dekoration, der passer til anledningen.<\/p>\n<p>Indhold: 1 stk. \/ St\u00f8rrelse: 86 cm<\/p>\n","protected":false},"excerpt":{"rendered":"<p>Skab en imponerende fejring med en stor talballon i mat lysegr\u00e5\/beige. Denne elegante ballon tilf\u00f8jer et stilfuldt touch til b\u00e5de f\u00f8dselsdage, jubil\u00e6er og andre s\u00e6rlige begivenheder. Ballonen er fremstillet i holdbart metalfolie og m\u00e5ler 86 cm efter oppustning. Den kan [&hellip;]<\/p>\n","protected":false},"featured_media":83076,"template":"","meta":{"_acf_changed":false},"product_brand":[],"product_cat":[61],"product_tag":[],"class_list":{"0":"post-83075","1":"product","2":"type-product","3":"status-publish","4":"has-post-thumbnail","6":"product_cat-folie-tal","7":"pa_item-color-graa","8":"pa_item-color-beige","9":"pa_item-group-balloner","10":"pa_item-subgroup-folieballoner-tal-bogstav","11":"pa_pakken-indeholder-folieballonsugeroer","12":"pa_tema_tax-generic","13":"pa_under-tema-generic","15":"first","16":"instock","17":"taxable","18":"shipping-taxable","19":"purchasable","20":"product-type-simple"},"bundled_by":[],"bundle_stock_status":"instock","bundle_stock_quantity":52,"bundle_virtual":false,"bundle_layout":"","bundle_add_to_cart_form_location":"","bundle_editable_in_cart":false,"bundle_sold_individually_context":"","bundle_item_grouping":"","bundle_min_size":"","bundle_max_size":"","bundle_price":[],"bundled_items":[],"bundle_sell_ids":[],"acf":[],"tiered_pricing_type":"fixed","tiered_pricing_fixed_rules":[],"tiered_pricing_product_settings":{"layout":"default","base_unit_name":{"singular":null,"plural":null},"default_variation":null},"tiered_pricing_minimum_quantity":null,"tiered_pricing_roles_data":[],"tiered_pricing_percentage_rules":[],"tiered_pricing_maximum_quantity":null,"tiered_pricing_quantity_step":null,"_links":{"self":[{"href":"https:\/\/partyinabox.dk\/party\/wp-json\/wp\/v2\/product\/83075","targetHints":{"allow":["GET"]}}],"collection":[{"href":"https:\/\/partyinabox.dk\/party\/wp-json\/wp\/v2\/product"}],"about":[{"href":"https:\/\/partyinabox.dk\/party\/wp-json\/wp\/v2\/types\/product"}],"wp:featuredmedia":[{"embeddable":true,"href":"https:\/\/partyinabox.dk\/party\/wp-json\/wp\/v2\/media\/83076"}],"wp:attachment":[{"href":"https:\/\/partyinabox.dk\/party\/wp-json\/wp\/v2\/media?parent=83075"}],"wp:term":[{"taxonomy":"product_brand","embeddable":true,"href":"https:\/\/partyinabox.dk\/party\/wp-json\/wp\/v2\/product_brand?post=83075"},{"taxonomy":"product_cat","embeddable":true,"href":"https:\/\/partyinabox.dk\/party\/wp-json\/wp\/v2\/product_cat?post=83075"},{"taxonomy":"product_tag","embeddable":true,"href":"https:\/\/partyinabox.dk\/party\/wp-json\/wp\/v2\/product_tag?post=83075"}],"curies":[{"name":"wp","href":"https:\/\/api.w.org\/{rel}","templated":true}]}}