{"id":83067,"date":"2025-03-13T11:44:54","date_gmt":"2025-03-13T10:44:54","guid":{"rendered":"https:\/\/partyinabox.dk\/party\/vare\/pastel-lyseroed-ballonvaegt\/"},"modified":"2026-04-02T13:21:30","modified_gmt":"2026-04-02T11:21:30","slug":"pastel-lyseroed-ballonvaegt","status":"publish","type":"product","link":"https:\/\/partyinabox.dk\/party\/vare\/pastel-lyseroed-ballonvaegt\/","title":{"rendered":"Pastel lyser\u00f8d ballonv\u00e6gt"},"content":{"rendered":"<p>Hold styr p\u00e5 dine balloner med disse praktiske ballonv\u00e6gte i en flot, lyser\u00f8d pastelnuance. De tilf\u00f8jer et dekorativt touch og sikrer, at dine heliumfyldte balloner bliver, hvor du \u00f8nsker det.<\/p>\n<p>Hver ballonv\u00e6gt vejer ca. 130 g og kan holde nede p\u00e5 12-14 latexballoner (30 cm) fyldt med helium.<\/p>\n<p>Perfekt til f\u00f8dselsdage, babyshower eller andre festlige arrangementer &#8211; de er b\u00e5de funktionelle og dekorative.<\/p>\n<p>Indhold: 1 stk. \/ M\u00e5l: ca. 7 cm<\/p>\n","protected":false},"excerpt":{"rendered":"<p>Hold styr p\u00e5 dine balloner med disse praktiske ballonv\u00e6gte i en flot, lyser\u00f8d pastelnuance. De tilf\u00f8jer et dekorativt touch og sikrer, at dine heliumfyldte balloner bliver, hvor du \u00f8nsker det. Hver ballonv\u00e6gt vejer ca. 130 g og kan holde nede [&hellip;]<\/p>\n","protected":false},"featured_media":83068,"template":"","meta":{"_acf_changed":false},"product_brand":[],"product_cat":[30,15],"product_tag":[],"class_list":{"0":"post-83067","1":"product","2":"type-product","3":"status-publish","4":"has-post-thumbnail","6":"product_cat-balloner","7":"product_cat-ukategoriseret","8":"pa_item-color-lyseroed","9":"pa_item-color-multi","10":"pa_item-group-balloner","11":"pa_item-subgroup-ballonvaegte","12":"pa_pakken-indeholder-4-stk-ballonvaegte","13":"pa_tema_tax-colour-themes","14":"pa_under-tema-light-red-theme","16":"first","17":"instock","18":"taxable","19":"shipping-taxable","20":"purchasable","21":"product-type-simple"},"bundled_by":[],"bundle_stock_status":"instock","bundle_stock_quantity":30,"bundle_virtual":false,"bundle_layout":"","bundle_add_to_cart_form_location":"","bundle_editable_in_cart":false,"bundle_sold_individually_context":"","bundle_item_grouping":"","bundle_min_size":"","bundle_max_size":"","bundle_price":[],"bundled_items":[],"bundle_sell_ids":[],"acf":[],"tiered_pricing_type":"fixed","tiered_pricing_fixed_rules":[],"tiered_pricing_product_settings":{"layout":"default","base_unit_name":{"singular":null,"plural":null},"default_variation":null},"tiered_pricing_minimum_quantity":null,"tiered_pricing_roles_data":[],"tiered_pricing_percentage_rules":[],"tiered_pricing_maximum_quantity":null,"tiered_pricing_quantity_step":null,"_links":{"self":[{"href":"https:\/\/partyinabox.dk\/party\/wp-json\/wp\/v2\/product\/83067","targetHints":{"allow":["GET"]}}],"collection":[{"href":"https:\/\/partyinabox.dk\/party\/wp-json\/wp\/v2\/product"}],"about":[{"href":"https:\/\/partyinabox.dk\/party\/wp-json\/wp\/v2\/types\/product"}],"wp:featuredmedia":[{"embeddable":true,"href":"https:\/\/partyinabox.dk\/party\/wp-json\/wp\/v2\/media\/83068"}],"wp:attachment":[{"href":"https:\/\/partyinabox.dk\/party\/wp-json\/wp\/v2\/media?parent=83067"}],"wp:term":[{"taxonomy":"product_brand","embeddable":true,"href":"https:\/\/partyinabox.dk\/party\/wp-json\/wp\/v2\/product_brand?post=83067"},{"taxonomy":"product_cat","embeddable":true,"href":"https:\/\/partyinabox.dk\/party\/wp-json\/wp\/v2\/product_cat?post=83067"},{"taxonomy":"product_tag","embeddable":true,"href":"https:\/\/partyinabox.dk\/party\/wp-json\/wp\/v2\/product_tag?post=83067"}],"curies":[{"name":"wp","href":"https:\/\/api.w.org\/{rel}","templated":true}]}}