{"id":83062,"date":"2025-03-13T11:44:54","date_gmt":"2025-03-13T10:44:54","guid":{"rendered":"https:\/\/partyinabox.dk\/party\/vare\/piratklo-skum\/"},"modified":"2026-04-17T11:32:09","modified_gmt":"2026-04-17T09:32:09","slug":"piratklo-skum","status":"publish","type":"product","link":"https:\/\/partyinabox.dk\/party\/vare\/piratklo-skum\/","title":{"rendered":"Piratklo skum"},"content":{"rendered":"<p>G\u00f8r piratudkl\u00e6dningen komplet med denne sjove og sikre piratklo i skum. Den todelte klo med sort h\u00e5ndtag og gul krog er perfekt til sm\u00e5 s\u00f8r\u00f8vere, der vil p\u00e5 eventyr.<\/p>\n<p>Den bl\u00f8de skumkonstruktion g\u00f8r kloen b\u00e5de let og sikker at lege med. Det ergonomiske h\u00e5ndtag sikrer et godt greb, mens den karakteristiske krogform fuldender det \u00e6gte piratlook.<\/p>\n<p>Ideel til fastelavn, temafester og al slags fantasifuld leg, hvor der skal jagtes skatte og sejles p\u00e5 de syv verdenshave.<\/p>\n<p>Indhold: 1 stk. \/ M\u00e5l: 23 cm h\u00f8j, 12,5 cm i diameter<\/p>\n","protected":false},"excerpt":{"rendered":"<p>G\u00f8r piratudkl\u00e6dningen komplet med denne sjove og sikre piratklo i skum. Den todelte klo med sort h\u00e5ndtag og gul krog er perfekt til sm\u00e5 s\u00f8r\u00f8vere, der vil p\u00e5 eventyr. Den bl\u00f8de skumkonstruktion g\u00f8r kloen b\u00e5de let og sikker at lege [&hellip;]<\/p>\n","protected":false},"featured_media":83063,"template":"","meta":{"_acf_changed":false},"product_brand":[],"product_cat":[34],"product_tag":[],"class_list":{"0":"post-83062","1":"product","2":"type-product","3":"status-publish","4":"has-post-thumbnail","6":"product_cat-accessories","7":"pa_item-color-gul","8":"pa_item-color-sort","9":"pa_item-group-kropstilbehoer","10":"pa_item-subgroup-vaaben","11":"pa_pakken-indeholder-piratklo","12":"pa_tema_tax-theme-parties","13":"pa_under-tema-pirate","15":"first","16":"instock","17":"taxable","18":"shipping-taxable","19":"purchasable","20":"product-type-simple"},"bundled_by":[],"bundle_stock_status":"instock","bundle_stock_quantity":9,"bundle_virtual":false,"bundle_layout":"","bundle_add_to_cart_form_location":"","bundle_editable_in_cart":false,"bundle_sold_individually_context":"","bundle_item_grouping":"","bundle_min_size":"","bundle_max_size":"","bundle_price":[],"bundled_items":[],"bundle_sell_ids":[],"acf":[],"tiered_pricing_type":"fixed","tiered_pricing_fixed_rules":[],"tiered_pricing_product_settings":{"layout":"default","base_unit_name":{"singular":null,"plural":null},"default_variation":null},"tiered_pricing_minimum_quantity":null,"tiered_pricing_roles_data":[],"tiered_pricing_percentage_rules":[],"tiered_pricing_maximum_quantity":null,"tiered_pricing_quantity_step":null,"_links":{"self":[{"href":"https:\/\/partyinabox.dk\/party\/wp-json\/wp\/v2\/product\/83062","targetHints":{"allow":["GET"]}}],"collection":[{"href":"https:\/\/partyinabox.dk\/party\/wp-json\/wp\/v2\/product"}],"about":[{"href":"https:\/\/partyinabox.dk\/party\/wp-json\/wp\/v2\/types\/product"}],"wp:featuredmedia":[{"embeddable":true,"href":"https:\/\/partyinabox.dk\/party\/wp-json\/wp\/v2\/media\/83063"}],"wp:attachment":[{"href":"https:\/\/partyinabox.dk\/party\/wp-json\/wp\/v2\/media?parent=83062"}],"wp:term":[{"taxonomy":"product_brand","embeddable":true,"href":"https:\/\/partyinabox.dk\/party\/wp-json\/wp\/v2\/product_brand?post=83062"},{"taxonomy":"product_cat","embeddable":true,"href":"https:\/\/partyinabox.dk\/party\/wp-json\/wp\/v2\/product_cat?post=83062"},{"taxonomy":"product_tag","embeddable":true,"href":"https:\/\/partyinabox.dk\/party\/wp-json\/wp\/v2\/product_tag?post=83062"}],"curies":[{"name":"wp","href":"https:\/\/api.w.org\/{rel}","templated":true}]}}