{"id":83058,"date":"2025-03-13T11:44:54","date_gmt":"2025-03-13T10:44:54","guid":{"rendered":"https:\/\/partyinabox.dk\/party\/vare\/brandbil-happy-birthday-folieballon\/"},"modified":"2026-04-27T11:49:35","modified_gmt":"2026-04-27T09:49:35","slug":"brandbil-happy-birthday-folieballon","status":"publish","type":"product","link":"https:\/\/partyinabox.dk\/party\/vare\/brandbil-happy-birthday-folieballon\/","title":{"rendered":"Brandbil &#8220;happy birthday&#8221; folieballon"},"content":{"rendered":"<p>Skab en brandvarm f\u00f8dselsdagsstemning med denne rummelige folieballon formet som en r\u00f8d brandbil. Med sine flotte gulddetaljer og en sjov vandslange p\u00e5 toppen bliver den et naturligt samlingspunkt ved festen.<\/p>\n<p>Den robuste folieballon er let at puste op med det medf\u00f8lgende suger\u00f8r. Placer den p\u00e5 gulvet eller bordet, hvor den holder sig flot oprejst gennem hele festen.<\/p>\n<p>Indhold: 1 folieballon, 1 suger\u00f8r \/ M\u00e5l: 67 x 53 cm<\/p>\n","protected":false},"excerpt":{"rendered":"<p>Skab en brandvarm f\u00f8dselsdagsstemning med denne rummelige folieballon formet som en r\u00f8d brandbil. Med sine flotte gulddetaljer og en sjov vandslange p\u00e5 toppen bliver den et naturligt samlingspunkt ved festen. Den robuste folieballon er let at puste op med det [&hellip;]<\/p>\n","protected":false},"featured_media":83059,"template":"","meta":{"_acf_changed":false},"product_brand":[],"product_cat":[30],"product_tag":[],"class_list":{"0":"post-83058","1":"product","2":"type-product","3":"status-publish","4":"has-post-thumbnail","6":"product_cat-balloner","7":"pa_item-color-roed","8":"pa_item-group-balloner","9":"pa_item-subgroup-folieballoner","10":"pa_pakken-indeholder-folieballon-sugeroer","11":"pa_tema_tax-birthday","12":"pa_under-tema-birthday","14":"first","15":"instock","16":"taxable","17":"shipping-taxable","18":"purchasable","19":"product-type-simple"},"bundled_by":[],"bundle_stock_status":"instock","bundle_stock_quantity":52,"bundle_virtual":false,"bundle_layout":"","bundle_add_to_cart_form_location":"","bundle_editable_in_cart":false,"bundle_sold_individually_context":"","bundle_item_grouping":"","bundle_min_size":"","bundle_max_size":"","bundle_price":[],"bundled_items":[],"bundle_sell_ids":[],"acf":[],"tiered_pricing_type":"fixed","tiered_pricing_fixed_rules":[],"tiered_pricing_product_settings":{"layout":"default","base_unit_name":{"singular":null,"plural":null},"default_variation":null},"tiered_pricing_minimum_quantity":null,"tiered_pricing_roles_data":[],"tiered_pricing_percentage_rules":[],"tiered_pricing_maximum_quantity":null,"tiered_pricing_quantity_step":null,"_links":{"self":[{"href":"https:\/\/partyinabox.dk\/party\/wp-json\/wp\/v2\/product\/83058","targetHints":{"allow":["GET"]}}],"collection":[{"href":"https:\/\/partyinabox.dk\/party\/wp-json\/wp\/v2\/product"}],"about":[{"href":"https:\/\/partyinabox.dk\/party\/wp-json\/wp\/v2\/types\/product"}],"wp:featuredmedia":[{"embeddable":true,"href":"https:\/\/partyinabox.dk\/party\/wp-json\/wp\/v2\/media\/83059"}],"wp:attachment":[{"href":"https:\/\/partyinabox.dk\/party\/wp-json\/wp\/v2\/media?parent=83058"}],"wp:term":[{"taxonomy":"product_brand","embeddable":true,"href":"https:\/\/partyinabox.dk\/party\/wp-json\/wp\/v2\/product_brand?post=83058"},{"taxonomy":"product_cat","embeddable":true,"href":"https:\/\/partyinabox.dk\/party\/wp-json\/wp\/v2\/product_cat?post=83058"},{"taxonomy":"product_tag","embeddable":true,"href":"https:\/\/partyinabox.dk\/party\/wp-json\/wp\/v2\/product_tag?post=83058"}],"curies":[{"name":"wp","href":"https:\/\/api.w.org\/{rel}","templated":true}]}}