{"id":82940,"date":"2026-02-09T00:00:00","date_gmt":"2026-02-08T23:00:00","guid":{"rendered":"https:\/\/partyinabox.dk\/party\/?post_type=product&#038;p=82940"},"modified":"2026-03-23T13:09:51","modified_gmt":"2026-03-23T12:09:51","slug":"soelv-mgp-folie-bogstaver-m-noder","status":"publish","type":"product","link":"https:\/\/partyinabox.dk\/party\/vare\/soelv-mgp-folie-bogstaver-m-noder\/","title":{"rendered":"S\u00f8lv MGP folie bogstaver m\/noder"},"content":{"rendered":"<p>Tid til MGP. Pynt flot op til MGP eller MGP f\u00f8dselsdag med de her seje folie balloner. Pust dem op med en manuel pumpe. og H\u00e6ng dem op p\u00e5 v\u00e6ggen loftet eller brug dem til selfie balloner.<\/p>\n<p>Kan ogs\u00e5 g\u00f8res til en guirlande med fiskesn\u00f8re.<\/p>\n<p>Indhold: 1 s\u00e6t MGP + 2 sorte noder<\/p>\n<p>M\u00e5l: 35 cm.<\/p>\n","protected":false},"excerpt":{"rendered":"<p>Tid til MGP. Pynt flot op til MGP eller MGP f\u00f8dselsdag med de her seje folie balloner. Pust dem op med en manuel pumpe. og H\u00e6ng dem op p\u00e5 v\u00e6ggen loftet eller brug dem til selfie balloner. Kan ogs\u00e5 g\u00f8res [&hellip;]<\/p>\n","protected":false},"featured_media":102034,"template":"","meta":{"_acf_changed":false},"product_brand":[],"product_cat":[30],"product_tag":[],"class_list":{"0":"post-82940","1":"product","2":"type-product","3":"status-publish","4":"has-post-thumbnail","6":"product_cat-balloner","8":"first","9":"outofstock","10":"taxable","11":"shipping-taxable","12":"purchasable","13":"product-type-simple"},"bundled_by":[],"bundle_stock_status":"outofstock","bundle_stock_quantity":0,"bundle_virtual":false,"bundle_layout":"","bundle_add_to_cart_form_location":"","bundle_editable_in_cart":false,"bundle_sold_individually_context":"","bundle_item_grouping":"","bundle_min_size":"","bundle_max_size":"","bundle_price":[],"bundled_items":[],"bundle_sell_ids":[],"acf":[],"tiered_pricing_type":"fixed","tiered_pricing_fixed_rules":[],"tiered_pricing_product_settings":{"layout":"default","base_unit_name":{"singular":null,"plural":null},"default_variation":null},"tiered_pricing_minimum_quantity":null,"tiered_pricing_roles_data":[],"tiered_pricing_percentage_rules":[],"tiered_pricing_maximum_quantity":null,"tiered_pricing_quantity_step":null,"_links":{"self":[{"href":"https:\/\/partyinabox.dk\/party\/wp-json\/wp\/v2\/product\/82940","targetHints":{"allow":["GET"]}}],"collection":[{"href":"https:\/\/partyinabox.dk\/party\/wp-json\/wp\/v2\/product"}],"about":[{"href":"https:\/\/partyinabox.dk\/party\/wp-json\/wp\/v2\/types\/product"}],"wp:featuredmedia":[{"embeddable":true,"href":"https:\/\/partyinabox.dk\/party\/wp-json\/wp\/v2\/media\/102034"}],"wp:attachment":[{"href":"https:\/\/partyinabox.dk\/party\/wp-json\/wp\/v2\/media?parent=82940"}],"wp:term":[{"taxonomy":"product_brand","embeddable":true,"href":"https:\/\/partyinabox.dk\/party\/wp-json\/wp\/v2\/product_brand?post=82940"},{"taxonomy":"product_cat","embeddable":true,"href":"https:\/\/partyinabox.dk\/party\/wp-json\/wp\/v2\/product_cat?post=82940"},{"taxonomy":"product_tag","embeddable":true,"href":"https:\/\/partyinabox.dk\/party\/wp-json\/wp\/v2\/product_tag?post=82940"}],"curies":[{"name":"wp","href":"https:\/\/api.w.org\/{rel}","templated":true}]}}