{"id":82936,"date":"2026-02-09T00:00:00","date_gmt":"2026-02-08T23:00:00","guid":{"rendered":"https:\/\/partyinabox.dk\/party\/?post_type=product&#038;p=82936"},"modified":"2026-03-24T03:33:40","modified_gmt":"2026-03-24T02:33:40","slug":"mgp-centerpiece","status":"publish","type":"product","link":"https:\/\/partyinabox.dk\/party\/vare\/mgp-centerpiece\/","title":{"rendered":"MGP centerpiece"},"content":{"rendered":"<p>Tid til MGP. Pynt bordet flot op med denne MGP centerpiece. Den har en Pink honeycomb fod, der er let at folde ud og s\u00e6tte p\u00e5.<\/p>\n<p>Toppen er rund med MGP logo og splatter i forskellige farver. Denne g\u00f8r din MGP fest helt ufornemmelig. Om det er en MGP f\u00f8dselsdag eller til den store MGP show. S\u00e5 er det et must-have.<\/p>\n<p>Kan genbruges.<\/p>\n<p>Indhold: 1 stk.<\/p>\n<p>M\u00e5l: 16 x 20 cm<\/p>\n","protected":false},"excerpt":{"rendered":"<p>Tid til MGP. Pynt bordet flot op med denne MGP centerpiece. Den har en Pink honeycomb fod, der er let at folde ud og s\u00e6tte p\u00e5. Toppen er rund med MGP logo og splatter i forskellige farver. Denne g\u00f8r din [&hellip;]<\/p>\n","protected":false},"featured_media":82939,"template":"","meta":{"_acf_changed":false},"product_brand":[],"product_cat":[32],"product_tag":[],"class_list":{"0":"post-82936","1":"product","2":"type-product","3":"status-publish","4":"has-post-thumbnail","6":"product_cat-service","8":"first","9":"instock","10":"taxable","11":"shipping-taxable","12":"purchasable","13":"product-type-simple"},"bundled_by":[],"bundle_stock_status":"instock","bundle_stock_quantity":1,"bundle_virtual":false,"bundle_layout":"","bundle_add_to_cart_form_location":"","bundle_editable_in_cart":false,"bundle_sold_individually_context":"","bundle_item_grouping":"","bundle_min_size":"","bundle_max_size":"","bundle_price":[],"bundled_items":[],"bundle_sell_ids":[],"acf":[],"tiered_pricing_type":"fixed","tiered_pricing_fixed_rules":[],"tiered_pricing_product_settings":{"layout":"default","base_unit_name":{"singular":null,"plural":null},"default_variation":null},"tiered_pricing_minimum_quantity":null,"tiered_pricing_roles_data":[],"tiered_pricing_percentage_rules":[],"tiered_pricing_maximum_quantity":null,"tiered_pricing_quantity_step":null,"_links":{"self":[{"href":"https:\/\/partyinabox.dk\/party\/wp-json\/wp\/v2\/product\/82936","targetHints":{"allow":["GET"]}}],"collection":[{"href":"https:\/\/partyinabox.dk\/party\/wp-json\/wp\/v2\/product"}],"about":[{"href":"https:\/\/partyinabox.dk\/party\/wp-json\/wp\/v2\/types\/product"}],"wp:featuredmedia":[{"embeddable":true,"href":"https:\/\/partyinabox.dk\/party\/wp-json\/wp\/v2\/media\/82939"}],"wp:attachment":[{"href":"https:\/\/partyinabox.dk\/party\/wp-json\/wp\/v2\/media?parent=82936"}],"wp:term":[{"taxonomy":"product_brand","embeddable":true,"href":"https:\/\/partyinabox.dk\/party\/wp-json\/wp\/v2\/product_brand?post=82936"},{"taxonomy":"product_cat","embeddable":true,"href":"https:\/\/partyinabox.dk\/party\/wp-json\/wp\/v2\/product_cat?post=82936"},{"taxonomy":"product_tag","embeddable":true,"href":"https:\/\/partyinabox.dk\/party\/wp-json\/wp\/v2\/product_tag?post=82936"}],"curies":[{"name":"wp","href":"https:\/\/api.w.org\/{rel}","templated":true}]}}