{"id":82917,"date":"2025-03-11T12:14:40","date_gmt":"2025-03-11T11:14:40","guid":{"rendered":"https:\/\/partyinabox.dk\/party\/?post_type=product&#038;p=82917"},"modified":"2026-03-14T18:51:44","modified_gmt":"2026-03-14T17:51:44","slug":"sort-gatsby-pap-tallerken","status":"publish","type":"product","link":"https:\/\/partyinabox.dk\/party\/vare\/sort-gatsby-pap-tallerken\/","title":{"rendered":"Sort Gatsby pap tallerken"},"content":{"rendered":"<p>Skal du holde et \u00e6gte Gatsby Party for dine venner til f\u00f8dselsdag, eller nyt\u00e5r eller bare fordi fest?<\/p>\n<p>S\u00e5 d\u00e6k op med de her flotte pap tallerkener, der passer perfekt ind i temaet.<\/p>\n<p>S\u00e6t dem p\u00e5 bordet til hver g\u00e6st og kom i den helt rigtige stemning.<\/p>\n<p>Indhold: 10 stk.<\/p>\n<p>M\u00e5l: 23 x 23 cm<\/p>\n","protected":false},"excerpt":{"rendered":"<p>Skal du holde et \u00e6gte Gatsby Party for dine venner til f\u00f8dselsdag, eller nyt\u00e5r eller bare fordi fest? S\u00e5 d\u00e6k op med de her flotte pap tallerkener, der passer perfekt ind i temaet. S\u00e6t dem p\u00e5 bordet til hver g\u00e6st [&hellip;]<\/p>\n","protected":false},"featured_media":82918,"template":"","meta":{"_acf_changed":false},"product_brand":[],"product_cat":[32],"product_tag":[],"class_list":{"0":"post-82917","1":"product","2":"type-product","3":"status-publish","4":"has-post-thumbnail","6":"product_cat-service","8":"first","9":"instock","10":"taxable","11":"shipping-taxable","12":"purchasable","13":"product-type-simple"},"bundled_by":[],"bundle_stock_status":"instock","bundle_stock_quantity":41,"bundle_virtual":false,"bundle_layout":"","bundle_add_to_cart_form_location":"","bundle_editable_in_cart":false,"bundle_sold_individually_context":"","bundle_item_grouping":"","bundle_min_size":"","bundle_max_size":"","bundle_price":[],"bundled_items":[],"bundle_sell_ids":[],"acf":[],"tiered_pricing_type":"fixed","tiered_pricing_fixed_rules":[],"tiered_pricing_product_settings":{"layout":"default","base_unit_name":{"singular":null,"plural":null},"default_variation":null},"tiered_pricing_minimum_quantity":null,"tiered_pricing_roles_data":[],"tiered_pricing_percentage_rules":[],"tiered_pricing_maximum_quantity":null,"tiered_pricing_quantity_step":null,"_links":{"self":[{"href":"https:\/\/partyinabox.dk\/party\/wp-json\/wp\/v2\/product\/82917","targetHints":{"allow":["GET"]}}],"collection":[{"href":"https:\/\/partyinabox.dk\/party\/wp-json\/wp\/v2\/product"}],"about":[{"href":"https:\/\/partyinabox.dk\/party\/wp-json\/wp\/v2\/types\/product"}],"wp:featuredmedia":[{"embeddable":true,"href":"https:\/\/partyinabox.dk\/party\/wp-json\/wp\/v2\/media\/82918"}],"wp:attachment":[{"href":"https:\/\/partyinabox.dk\/party\/wp-json\/wp\/v2\/media?parent=82917"}],"wp:term":[{"taxonomy":"product_brand","embeddable":true,"href":"https:\/\/partyinabox.dk\/party\/wp-json\/wp\/v2\/product_brand?post=82917"},{"taxonomy":"product_cat","embeddable":true,"href":"https:\/\/partyinabox.dk\/party\/wp-json\/wp\/v2\/product_cat?post=82917"},{"taxonomy":"product_tag","embeddable":true,"href":"https:\/\/partyinabox.dk\/party\/wp-json\/wp\/v2\/product_tag?post=82917"}],"curies":[{"name":"wp","href":"https:\/\/api.w.org\/{rel}","templated":true}]}}