{"id":82569,"date":"2025-03-05T12:37:15","date_gmt":"2025-03-05T11:37:15","guid":{"rendered":"https:\/\/partyinabox.dk\/party\/?post_type=product&#038;p=82569"},"modified":"2026-04-27T20:51:54","modified_gmt":"2026-04-27T18:51:54","slug":"lys-lilla-musselin-stof-bordloeber","status":"publish","type":"product","link":"https:\/\/partyinabox.dk\/party\/vare\/lys-lilla-musselin-stof-bordloeber\/","title":{"rendered":"Lys lilla musselin stof bordl\u00f8ber"},"content":{"rendered":"<p>Skal du holde fest med et lilla tema? Fx til en konfirmation, barned\u00e5b eller f\u00f8dselsdag. S\u00e5 er denne bordl\u00f8ber elegant og perfekt til en hyggelig stemning.<\/p>\n<p>Musselin bordl\u00f8beren er bl\u00f8d og nemt at forme, hvordan det skal v\u00e6re p\u00e5 midten af bordet. Brug det p\u00e5 selve bordet eller ovenp\u00e5 en dug.<\/p>\n<p>Du f\u00e5r 1 rulle.<\/p>\n<p>B: 36 cm L: 5 meter<\/p>\n","protected":false},"excerpt":{"rendered":"<p>Skal du holde fest med et lilla tema? Fx til en konfirmation, barned\u00e5b eller f\u00f8dselsdag. S\u00e5 er denne bordl\u00f8ber elegant og perfekt til en hyggelig stemning. Musselin bordl\u00f8beren er bl\u00f8d og nemt at forme, hvordan det skal v\u00e6re p\u00e5 midten [&hellip;]<\/p>\n","protected":false},"featured_media":82573,"template":"","meta":{"_acf_changed":false},"product_brand":[],"product_cat":[32],"product_tag":[],"class_list":{"0":"post-82569","1":"product","2":"type-product","3":"status-publish","4":"has-post-thumbnail","6":"product_cat-service","8":"first","9":"instock","10":"taxable","11":"shipping-taxable","12":"purchasable","13":"product-type-simple"},"bundled_by":[],"bundle_stock_status":"instock","bundle_stock_quantity":28,"bundle_virtual":false,"bundle_layout":"","bundle_add_to_cart_form_location":"","bundle_editable_in_cart":false,"bundle_sold_individually_context":"","bundle_item_grouping":"","bundle_min_size":"","bundle_max_size":"","bundle_price":[],"bundled_items":[],"bundle_sell_ids":[],"acf":[],"tiered_pricing_type":"fixed","tiered_pricing_fixed_rules":[],"tiered_pricing_product_settings":{"layout":"default","base_unit_name":{"singular":null,"plural":null},"default_variation":null},"tiered_pricing_minimum_quantity":null,"tiered_pricing_roles_data":[],"tiered_pricing_percentage_rules":[],"tiered_pricing_maximum_quantity":null,"tiered_pricing_quantity_step":null,"_links":{"self":[{"href":"https:\/\/partyinabox.dk\/party\/wp-json\/wp\/v2\/product\/82569","targetHints":{"allow":["GET"]}}],"collection":[{"href":"https:\/\/partyinabox.dk\/party\/wp-json\/wp\/v2\/product"}],"about":[{"href":"https:\/\/partyinabox.dk\/party\/wp-json\/wp\/v2\/types\/product"}],"wp:featuredmedia":[{"embeddable":true,"href":"https:\/\/partyinabox.dk\/party\/wp-json\/wp\/v2\/media\/82573"}],"wp:attachment":[{"href":"https:\/\/partyinabox.dk\/party\/wp-json\/wp\/v2\/media?parent=82569"}],"wp:term":[{"taxonomy":"product_brand","embeddable":true,"href":"https:\/\/partyinabox.dk\/party\/wp-json\/wp\/v2\/product_brand?post=82569"},{"taxonomy":"product_cat","embeddable":true,"href":"https:\/\/partyinabox.dk\/party\/wp-json\/wp\/v2\/product_cat?post=82569"},{"taxonomy":"product_tag","embeddable":true,"href":"https:\/\/partyinabox.dk\/party\/wp-json\/wp\/v2\/product_tag?post=82569"}],"curies":[{"name":"wp","href":"https:\/\/api.w.org\/{rel}","templated":true}]}}