{"id":82562,"date":"2025-03-05T11:49:23","date_gmt":"2025-03-05T10:49:23","guid":{"rendered":"https:\/\/partyinabox.dk\/party\/?post_type=product&#038;p=82562"},"modified":"2026-04-02T03:33:52","modified_gmt":"2026-04-02T01:33:52","slug":"harry-potter-swirls","status":"publish","type":"product","link":"https:\/\/partyinabox.dk\/party\/vare\/harry-potter-swirls\/","title":{"rendered":"Harry Potter\u00ae Swirls"},"content":{"rendered":"<p>G\u00f8r din n\u00e6ste f\u00f8dselsdagsfest til en uforglemmelig rejse til det magiske Harry Potter univers! Med de her Hogwarts Houses swirls, lad dem h\u00e6nge oppe i loftet, der g\u00f8r din b\u00f8rnef\u00f8dselsdag festelig.<\/p>\n<p>I de r\u00f8de, gr\u00f8nne, bl\u00e5 og gule farver matcher det Harry Potter stilen, og det eneste du skal g\u00f8re er at dale dem ned fra loftet. Som et ekstra touch er der guld detaljer p\u00e5. Perfekt til at fejre dagen for en s\u00e6rlig troldmandsfan.<\/p>\n<p>Du f\u00e5r 6 stk. i en pakke.<\/p>\n<p>M\u00e5l: 13 cm.<\/p>\n<p>&nbsp;<\/p>\n","protected":false},"excerpt":{"rendered":"<p>G\u00f8r din n\u00e6ste f\u00f8dselsdagsfest til en uforglemmelig rejse til det magiske Harry Potter univers! Med de her Hogwarts Houses swirls, lad dem h\u00e6nge oppe i loftet, der g\u00f8r din b\u00f8rnef\u00f8dselsdag festelig. I de r\u00f8de, gr\u00f8nne, bl\u00e5 og gule farver matcher [&hellip;]<\/p>\n","protected":false},"featured_media":82563,"template":"","meta":{"_acf_changed":false},"product_brand":[],"product_cat":[19,31],"product_tag":[],"class_list":{"0":"post-82562","1":"product","2":"type-product","3":"status-publish","4":"has-post-thumbnail","6":"product_cat-pynt","7":"product_cat-til-loftet","8":"pa_item-color-multi","9":"pa_item-group-loftsdekoration","10":"pa_item-subgroup-guirlander","11":"pa_pakken-indeholder-bogstavguirlande","12":"pa_tema_tax-tv-series-movies","13":"pa_under-tema-harry-potter","15":"first","16":"outofstock","17":"taxable","18":"shipping-taxable","19":"purchasable","20":"product-type-simple"},"bundled_by":[],"bundle_stock_status":"outofstock","bundle_stock_quantity":0,"bundle_virtual":false,"bundle_layout":"","bundle_add_to_cart_form_location":"","bundle_editable_in_cart":false,"bundle_sold_individually_context":"","bundle_item_grouping":"","bundle_min_size":"","bundle_max_size":"","bundle_price":[],"bundled_items":[],"bundle_sell_ids":[],"acf":[],"tiered_pricing_type":"fixed","tiered_pricing_fixed_rules":[],"tiered_pricing_product_settings":{"layout":"default","base_unit_name":{"singular":null,"plural":null},"default_variation":null},"tiered_pricing_minimum_quantity":null,"tiered_pricing_roles_data":[],"tiered_pricing_percentage_rules":[],"tiered_pricing_maximum_quantity":null,"tiered_pricing_quantity_step":null,"_links":{"self":[{"href":"https:\/\/partyinabox.dk\/party\/wp-json\/wp\/v2\/product\/82562","targetHints":{"allow":["GET"]}}],"collection":[{"href":"https:\/\/partyinabox.dk\/party\/wp-json\/wp\/v2\/product"}],"about":[{"href":"https:\/\/partyinabox.dk\/party\/wp-json\/wp\/v2\/types\/product"}],"wp:featuredmedia":[{"embeddable":true,"href":"https:\/\/partyinabox.dk\/party\/wp-json\/wp\/v2\/media\/82563"}],"wp:attachment":[{"href":"https:\/\/partyinabox.dk\/party\/wp-json\/wp\/v2\/media?parent=82562"}],"wp:term":[{"taxonomy":"product_brand","embeddable":true,"href":"https:\/\/partyinabox.dk\/party\/wp-json\/wp\/v2\/product_brand?post=82562"},{"taxonomy":"product_cat","embeddable":true,"href":"https:\/\/partyinabox.dk\/party\/wp-json\/wp\/v2\/product_cat?post=82562"},{"taxonomy":"product_tag","embeddable":true,"href":"https:\/\/partyinabox.dk\/party\/wp-json\/wp\/v2\/product_tag?post=82562"}],"curies":[{"name":"wp","href":"https:\/\/api.w.org\/{rel}","templated":true}]}}