{"id":78799,"date":"2025-01-22T00:00:00","date_gmt":"2025-01-21T23:00:00","guid":{"rendered":"https:\/\/partyinabox.dk\/party\/vare\/stitch-festhatte\/"},"modified":"2026-04-17T12:25:23","modified_gmt":"2026-04-17T10:25:23","slug":"stitch-festhatte","status":"publish","type":"product","link":"https:\/\/partyinabox.dk\/party\/vare\/stitch-festhatte\/","title":{"rendered":"Stitch\u00ae festhatte"},"content":{"rendered":"<p>G\u00f8r f\u00f8dselsdagen ekstra sjov med disse s\u00f8de Stitch\u00ae festhatte. Den bl\u00e5 rumven spreder gl\u00e6de med sit karakteristiske smil og store \u00f8jne p\u00e5 hver eneste hat.<\/p>\n<p>Festhatterne er dekoreret med Stitchs glade ansigt og fine blomster p\u00e5 en lysebl\u00e5 baggrund. De er nemme at s\u00e6tte p\u00e5 hovedet med den indbyggede elastik.<\/p>\n<p>Skab den perfekte Disney-stemning til b\u00f8rnef\u00f8dselsdagen eller temafesten. Disse hatte f\u00e5r alle g\u00e6ster i godt hum\u00f8r.<\/p>\n<p>Indhold: 6 stk. papirshatte<\/p>\n","protected":false},"excerpt":{"rendered":"<p>G\u00f8r f\u00f8dselsdagen ekstra sjov med disse s\u00f8de Stitch\u00ae festhatte. Den bl\u00e5 rumven spreder gl\u00e6de med sit karakteristiske smil og store \u00f8jne p\u00e5 hver eneste hat. Festhatterne er dekoreret med Stitchs glade ansigt og fine blomster p\u00e5 en lysebl\u00e5 baggrund. De [&hellip;]<\/p>\n","protected":false},"featured_media":78800,"template":"","meta":{"_acf_changed":false},"product_brand":[],"product_cat":[34],"product_tag":[],"class_list":{"0":"post-78799","1":"product","2":"type-product","3":"status-publish","4":"has-post-thumbnail","6":"product_cat-accessories","7":"pa_item-color-blaa","8":"pa_item-group-festtilbehoer","9":"pa_item-subgroup-partyhatte","10":"pa_pakken-indeholder-6-stk-festhatte","11":"pa_tema_tax-tv-series-movies","12":"pa_under-tema-lilo-stitch","14":"first","15":"instock","16":"taxable","17":"shipping-taxable","18":"purchasable","19":"product-type-simple"},"bundled_by":[],"bundle_stock_status":"instock","bundle_stock_quantity":66,"bundle_virtual":false,"bundle_layout":"","bundle_add_to_cart_form_location":"","bundle_editable_in_cart":false,"bundle_sold_individually_context":"","bundle_item_grouping":"","bundle_min_size":"","bundle_max_size":"","bundle_price":[],"bundled_items":[],"bundle_sell_ids":[],"acf":[],"tiered_pricing_type":"fixed","tiered_pricing_fixed_rules":[],"tiered_pricing_product_settings":{"layout":"default","base_unit_name":{"singular":null,"plural":null},"default_variation":null},"tiered_pricing_minimum_quantity":null,"tiered_pricing_roles_data":[],"tiered_pricing_percentage_rules":[],"tiered_pricing_maximum_quantity":null,"tiered_pricing_quantity_step":null,"_links":{"self":[{"href":"https:\/\/partyinabox.dk\/party\/wp-json\/wp\/v2\/product\/78799","targetHints":{"allow":["GET"]}}],"collection":[{"href":"https:\/\/partyinabox.dk\/party\/wp-json\/wp\/v2\/product"}],"about":[{"href":"https:\/\/partyinabox.dk\/party\/wp-json\/wp\/v2\/types\/product"}],"wp:featuredmedia":[{"embeddable":true,"href":"https:\/\/partyinabox.dk\/party\/wp-json\/wp\/v2\/media\/78800"}],"wp:attachment":[{"href":"https:\/\/partyinabox.dk\/party\/wp-json\/wp\/v2\/media?parent=78799"}],"wp:term":[{"taxonomy":"product_brand","embeddable":true,"href":"https:\/\/partyinabox.dk\/party\/wp-json\/wp\/v2\/product_brand?post=78799"},{"taxonomy":"product_cat","embeddable":true,"href":"https:\/\/partyinabox.dk\/party\/wp-json\/wp\/v2\/product_cat?post=78799"},{"taxonomy":"product_tag","embeddable":true,"href":"https:\/\/partyinabox.dk\/party\/wp-json\/wp\/v2\/product_tag?post=78799"}],"curies":[{"name":"wp","href":"https:\/\/api.w.org\/{rel}","templated":true}]}}