{"id":78795,"date":"2025-01-22T00:00:00","date_gmt":"2025-01-21T23:00:00","guid":{"rendered":"https:\/\/partyinabox.dk\/party\/vare\/stitch-vimpelbanner\/"},"modified":"2026-04-17T19:46:14","modified_gmt":"2026-04-17T17:46:14","slug":"stitch-vimpelbanner","status":"publish","type":"product","link":"https:\/\/partyinabox.dk\/party\/vare\/stitch-vimpelbanner\/","title":{"rendered":"Stitch\u00ae Vimpelbanner"},"content":{"rendered":"<p>G\u00f8r festen magisk med denne farverige Stitch\u00ae vimpelguirlande, hvor den s\u00f8de rumv\u00e6sen-figur pryder hver vimpel i skiftende bl\u00e5 og lyser\u00f8de nuancer.<\/p>\n<p>Den 180 cm lange guirlande er fremstillet af FSC-certificeret papir og prydet med palmer og stjerner p\u00e5 en tropisk baggrund. Den skaber den perfekte stemning til b\u00f8rnef\u00f8dselsdage og temafester.<\/p>\n<p><i>H\u00e6ng guirlanden op p\u00e5 v\u00e6ggen eller over bordet for at forvandle rummet til en festlig \u00f8-oase.<\/i><\/p>\n<p>Indhold: 1 stk. vimpelguirlande \/ M\u00e5l: 180 cm<\/p>\n","protected":false},"excerpt":{"rendered":"<p>G\u00f8r festen magisk med denne farverige Stitch\u00ae vimpelguirlande, hvor den s\u00f8de rumv\u00e6sen-figur pryder hver vimpel i skiftende bl\u00e5 og lyser\u00f8de nuancer. Den 180 cm lange guirlande er fremstillet af FSC-certificeret papir og prydet med palmer og stjerner p\u00e5 en tropisk [&hellip;]<\/p>\n","protected":false},"featured_media":78796,"template":"","meta":{"_acf_changed":false},"product_brand":[],"product_cat":[31],"product_tag":[],"class_list":{"0":"post-78795","1":"product","2":"type-product","3":"status-publish","4":"has-post-thumbnail","6":"product_cat-til-loftet","7":"pa_item-color-blaa","8":"pa_item-group-loftsdekoration","9":"pa_item-subgroup-guirlander","10":"pa_pakken-indeholder-vimpelguirlande","11":"pa_tema_tax-tv-series-movies","12":"pa_under-tema-lilo-stitch","14":"first","15":"instock","16":"taxable","17":"shipping-taxable","18":"purchasable","19":"product-type-simple"},"bundled_by":[],"bundle_stock_status":"instock","bundle_stock_quantity":47,"bundle_virtual":false,"bundle_layout":"","bundle_add_to_cart_form_location":"","bundle_editable_in_cart":false,"bundle_sold_individually_context":"","bundle_item_grouping":"","bundle_min_size":"","bundle_max_size":"","bundle_price":[],"bundled_items":[],"bundle_sell_ids":[],"acf":[],"tiered_pricing_type":"fixed","tiered_pricing_fixed_rules":[],"tiered_pricing_product_settings":{"layout":"default","base_unit_name":{"singular":null,"plural":null},"default_variation":null},"tiered_pricing_minimum_quantity":null,"tiered_pricing_roles_data":[],"tiered_pricing_percentage_rules":[],"tiered_pricing_maximum_quantity":null,"tiered_pricing_quantity_step":null,"_links":{"self":[{"href":"https:\/\/partyinabox.dk\/party\/wp-json\/wp\/v2\/product\/78795","targetHints":{"allow":["GET"]}}],"collection":[{"href":"https:\/\/partyinabox.dk\/party\/wp-json\/wp\/v2\/product"}],"about":[{"href":"https:\/\/partyinabox.dk\/party\/wp-json\/wp\/v2\/types\/product"}],"wp:featuredmedia":[{"embeddable":true,"href":"https:\/\/partyinabox.dk\/party\/wp-json\/wp\/v2\/media\/78796"}],"wp:attachment":[{"href":"https:\/\/partyinabox.dk\/party\/wp-json\/wp\/v2\/media?parent=78795"}],"wp:term":[{"taxonomy":"product_brand","embeddable":true,"href":"https:\/\/partyinabox.dk\/party\/wp-json\/wp\/v2\/product_brand?post=78795"},{"taxonomy":"product_cat","embeddable":true,"href":"https:\/\/partyinabox.dk\/party\/wp-json\/wp\/v2\/product_cat?post=78795"},{"taxonomy":"product_tag","embeddable":true,"href":"https:\/\/partyinabox.dk\/party\/wp-json\/wp\/v2\/product_tag?post=78795"}],"curies":[{"name":"wp","href":"https:\/\/api.w.org\/{rel}","templated":true}]}}