{"id":78791,"date":"2025-01-22T00:00:00","date_gmt":"2025-01-21T23:00:00","guid":{"rendered":"https:\/\/partyinabox.dk\/party\/vare\/stitch-papkop\/"},"modified":"2026-04-17T19:46:13","modified_gmt":"2026-04-17T17:46:13","slug":"stitch-papkop","status":"publish","type":"product","link":"https:\/\/partyinabox.dk\/party\/vare\/stitch-papkop\/","title":{"rendered":"Stitch\u00ae papkop"},"content":{"rendered":"<p>Skab den perfekte Disney-stemning med disse s\u00f8de Stitch\u00ae papkrus i bl\u00e5 nuancer. De FSC-certificerede krus passer perfekt til b\u00e5de varme og kolde drikke.<\/p>\n<p>Krusene har et flot motiv af den popul\u00e6re karakter p\u00e5 bl\u00e5 baggrund og rummer 200 ml. De er ideelle til b\u00f8rnef\u00f8dselsdage og hyggelige filmaftener.<\/p>\n<p><i>Tip: Brug krusene sammen med andet Stitch-pynt for at fuldende den magiske stemning.<\/i><\/p>\n<p>Indhold: 8 stk. \/ M\u00e5l: 200 ml<\/p>\n","protected":false},"excerpt":{"rendered":"<p>Skab den perfekte Disney-stemning med disse s\u00f8de Stitch\u00ae papkrus i bl\u00e5 nuancer. De FSC-certificerede krus passer perfekt til b\u00e5de varme og kolde drikke. Krusene har et flot motiv af den popul\u00e6re karakter p\u00e5 bl\u00e5 baggrund og rummer 200 ml. De [&hellip;]<\/p>\n","protected":false},"featured_media":78792,"template":"","meta":{"_acf_changed":false},"product_brand":[],"product_cat":[32],"product_tag":[],"class_list":{"0":"post-78791","1":"product","2":"type-product","3":"status-publish","4":"has-post-thumbnail","6":"product_cat-service","7":"pa_item-color-blaa","8":"pa_item-group-bordservice","9":"pa_item-subgroup-krus","10":"pa_pakken-indeholder-8-stk-papkrus","11":"pa_tema_tax-tv-series-movies","12":"pa_under-tema-lilo-stitch","14":"first","15":"instock","16":"taxable","17":"shipping-taxable","18":"purchasable","19":"product-type-simple"},"bundled_by":[],"bundle_stock_status":"instock","bundle_stock_quantity":61,"bundle_virtual":false,"bundle_layout":"","bundle_add_to_cart_form_location":"","bundle_editable_in_cart":false,"bundle_sold_individually_context":"","bundle_item_grouping":"","bundle_min_size":"","bundle_max_size":"","bundle_price":[],"bundled_items":[],"bundle_sell_ids":[],"acf":[],"tiered_pricing_type":"fixed","tiered_pricing_fixed_rules":[],"tiered_pricing_product_settings":{"layout":"default","base_unit_name":{"singular":null,"plural":null},"default_variation":null},"tiered_pricing_minimum_quantity":null,"tiered_pricing_roles_data":[],"tiered_pricing_percentage_rules":[],"tiered_pricing_maximum_quantity":null,"tiered_pricing_quantity_step":null,"_links":{"self":[{"href":"https:\/\/partyinabox.dk\/party\/wp-json\/wp\/v2\/product\/78791","targetHints":{"allow":["GET"]}}],"collection":[{"href":"https:\/\/partyinabox.dk\/party\/wp-json\/wp\/v2\/product"}],"about":[{"href":"https:\/\/partyinabox.dk\/party\/wp-json\/wp\/v2\/types\/product"}],"wp:featuredmedia":[{"embeddable":true,"href":"https:\/\/partyinabox.dk\/party\/wp-json\/wp\/v2\/media\/78792"}],"wp:attachment":[{"href":"https:\/\/partyinabox.dk\/party\/wp-json\/wp\/v2\/media?parent=78791"}],"wp:term":[{"taxonomy":"product_brand","embeddable":true,"href":"https:\/\/partyinabox.dk\/party\/wp-json\/wp\/v2\/product_brand?post=78791"},{"taxonomy":"product_cat","embeddable":true,"href":"https:\/\/partyinabox.dk\/party\/wp-json\/wp\/v2\/product_cat?post=78791"},{"taxonomy":"product_tag","embeddable":true,"href":"https:\/\/partyinabox.dk\/party\/wp-json\/wp\/v2\/product_tag?post=78791"}],"curies":[{"name":"wp","href":"https:\/\/api.w.org\/{rel}","templated":true}]}}