{"id":76904,"date":"2024-12-20T12:09:36","date_gmt":"2024-12-20T11:09:36","guid":{"rendered":"https:\/\/partyinabox.dk\/party\/vare\/rosa-satin-baand-3\/"},"modified":"2026-04-01T21:18:55","modified_gmt":"2026-04-01T19:18:55","slug":"rosa-satin-baand-3","status":"publish","type":"product","link":"https:\/\/partyinabox.dk\/party\/vare\/rosa-satin-baand-3\/","title":{"rendered":"Rosa satin b\u00e5nd"},"content":{"rendered":"<p>G\u00f8r dine kreative projekter endnu smukkere med satinb\u00e5nd i farven dusty rose. Det er perfekt til gaveindpakning, borddekorationer eller DIY-projekter, hvor en elegant finish er vigtig.<\/p>\n<p>Brug det til at lave flotte sl\u00f8jfer, dekorere gave\u00e6sker eller skabe en stilfuld detalje til festen. Satinb\u00e5ndet er ogs\u00e5 ideelt til bryllupspynt og andre s\u00e6rlige lejligheder.<\/p>\n<p><i>Indhold: 1 stk. \/ M\u00e5l: 3 mm x 50 m<\/i><\/p>\n","protected":false},"excerpt":{"rendered":"<p>G\u00f8r dine kreative projekter endnu smukkere med satinb\u00e5nd i farven dusty rose. Det er perfekt til gaveindpakning, borddekorationer eller DIY-projekter, hvor en elegant finish er vigtig. Brug det til at lave flotte sl\u00f8jfer, dekorere gave\u00e6sker eller skabe en stilfuld detalje [&hellip;]<\/p>\n","protected":false},"featured_media":76905,"template":"","meta":{"_acf_changed":false},"product_brand":[],"product_cat":[15],"product_tag":[],"class_list":{"0":"post-76904","1":"product","2":"type-product","3":"status-publish","4":"has-post-thumbnail","6":"product_cat-ukategoriseret","7":"pa_item-color-lyseroed","8":"pa_item-group-stof-diy","9":"pa_item-subgroup-baand","10":"pa_pakken-indeholder-1-rulle-satinbaand-3-mm-x-50-m","11":"pa_tema_tax-colour-themes","12":"pa_under-tema-pink-theme","14":"first","15":"instock","16":"taxable","17":"shipping-taxable","18":"purchasable","19":"product-type-simple"},"bundled_by":[],"bundle_stock_status":"instock","bundle_stock_quantity":39,"bundle_virtual":false,"bundle_layout":"","bundle_add_to_cart_form_location":"","bundle_editable_in_cart":false,"bundle_sold_individually_context":"","bundle_item_grouping":"","bundle_min_size":"","bundle_max_size":"","bundle_price":[],"bundled_items":[],"bundle_sell_ids":[],"acf":[],"tiered_pricing_type":"fixed","tiered_pricing_fixed_rules":[],"tiered_pricing_product_settings":{"layout":"default","base_unit_name":{"singular":null,"plural":null},"default_variation":null},"tiered_pricing_minimum_quantity":null,"tiered_pricing_roles_data":[],"tiered_pricing_percentage_rules":[],"tiered_pricing_maximum_quantity":null,"tiered_pricing_quantity_step":null,"_links":{"self":[{"href":"https:\/\/partyinabox.dk\/party\/wp-json\/wp\/v2\/product\/76904","targetHints":{"allow":["GET"]}}],"collection":[{"href":"https:\/\/partyinabox.dk\/party\/wp-json\/wp\/v2\/product"}],"about":[{"href":"https:\/\/partyinabox.dk\/party\/wp-json\/wp\/v2\/types\/product"}],"wp:featuredmedia":[{"embeddable":true,"href":"https:\/\/partyinabox.dk\/party\/wp-json\/wp\/v2\/media\/76905"}],"wp:attachment":[{"href":"https:\/\/partyinabox.dk\/party\/wp-json\/wp\/v2\/media?parent=76904"}],"wp:term":[{"taxonomy":"product_brand","embeddable":true,"href":"https:\/\/partyinabox.dk\/party\/wp-json\/wp\/v2\/product_brand?post=76904"},{"taxonomy":"product_cat","embeddable":true,"href":"https:\/\/partyinabox.dk\/party\/wp-json\/wp\/v2\/product_cat?post=76904"},{"taxonomy":"product_tag","embeddable":true,"href":"https:\/\/partyinabox.dk\/party\/wp-json\/wp\/v2\/product_tag?post=76904"}],"curies":[{"name":"wp","href":"https:\/\/api.w.org\/{rel}","templated":true}]}}