{"id":76902,"date":"2024-12-20T12:09:36","date_gmt":"2024-12-20T11:09:36","guid":{"rendered":"https:\/\/partyinabox.dk\/party\/vare\/babyblaa-satin-baand-2\/"},"modified":"2026-04-15T22:32:03","modified_gmt":"2026-04-15T20:32:03","slug":"babyblaa-satin-baand-2","status":"publish","type":"product","link":"https:\/\/partyinabox.dk\/party\/vare\/babyblaa-satin-baand-2\/","title":{"rendered":"Lysebl\u00e5 satin b\u00e5nd"},"content":{"rendered":"<p>Tilf\u00f8j et elegant touch til dine kreative projekter med satinb\u00e5nd i lysebl\u00e5. Den lette, bl\u00f8de finish og smukke farve g\u00f8r det ideelt til alt fra gaveindpakning til borddekorationer.<\/p>\n<p>B\u00e5ndet er fremstillet i slidst\u00e6rk satin.<\/p>\n<p>Brug det til at pynte bryllupper, babyshowers eller andre festlige arrangementer. Klip det let til den \u00f8nskede l\u00e6ngde og skab unikke detaljer.<\/p>\n<p>Indhold: 1 stk. \/ M\u00e5l: 3 mm x 50 m<\/p>\n","protected":false},"excerpt":{"rendered":"<p>Tilf\u00f8j et elegant touch til dine kreative projekter med satinb\u00e5nd i lysebl\u00e5. Den lette, bl\u00f8de finish og smukke farve g\u00f8r det ideelt til alt fra gaveindpakning til borddekorationer. B\u00e5ndet er fremstillet i slidst\u00e6rk satin. Brug det til at pynte bryllupper, [&hellip;]<\/p>\n","protected":false},"featured_media":76903,"template":"","meta":{"_acf_changed":false},"product_brand":[],"product_cat":[15],"product_tag":[],"class_list":{"0":"post-76902","1":"product","2":"type-product","3":"status-publish","4":"has-post-thumbnail","6":"product_cat-ukategoriseret","7":"pa_item-color-blaa","8":"pa_item-group-stof-diy","9":"pa_item-subgroup-baand","10":"pa_pakken-indeholder-1-rulle-satinbaand-3-mm-x-50-m","11":"pa_tema_tax-colour-themes","12":"pa_under-tema-blue-theme","14":"first","15":"instock","16":"taxable","17":"shipping-taxable","18":"purchasable","19":"product-type-simple"},"bundled_by":[],"bundle_stock_status":"instock","bundle_stock_quantity":29,"bundle_virtual":false,"bundle_layout":"","bundle_add_to_cart_form_location":"","bundle_editable_in_cart":false,"bundle_sold_individually_context":"","bundle_item_grouping":"","bundle_min_size":"","bundle_max_size":"","bundle_price":[],"bundled_items":[],"bundle_sell_ids":[],"acf":[],"tiered_pricing_type":"fixed","tiered_pricing_fixed_rules":[],"tiered_pricing_product_settings":{"layout":"default","base_unit_name":{"singular":null,"plural":null},"default_variation":null},"tiered_pricing_minimum_quantity":null,"tiered_pricing_roles_data":[],"tiered_pricing_percentage_rules":[],"tiered_pricing_maximum_quantity":null,"tiered_pricing_quantity_step":null,"_links":{"self":[{"href":"https:\/\/partyinabox.dk\/party\/wp-json\/wp\/v2\/product\/76902","targetHints":{"allow":["GET"]}}],"collection":[{"href":"https:\/\/partyinabox.dk\/party\/wp-json\/wp\/v2\/product"}],"about":[{"href":"https:\/\/partyinabox.dk\/party\/wp-json\/wp\/v2\/types\/product"}],"wp:featuredmedia":[{"embeddable":true,"href":"https:\/\/partyinabox.dk\/party\/wp-json\/wp\/v2\/media\/76903"}],"wp:attachment":[{"href":"https:\/\/partyinabox.dk\/party\/wp-json\/wp\/v2\/media?parent=76902"}],"wp:term":[{"taxonomy":"product_brand","embeddable":true,"href":"https:\/\/partyinabox.dk\/party\/wp-json\/wp\/v2\/product_brand?post=76902"},{"taxonomy":"product_cat","embeddable":true,"href":"https:\/\/partyinabox.dk\/party\/wp-json\/wp\/v2\/product_cat?post=76902"},{"taxonomy":"product_tag","embeddable":true,"href":"https:\/\/partyinabox.dk\/party\/wp-json\/wp\/v2\/product_tag?post=76902"}],"curies":[{"name":"wp","href":"https:\/\/api.w.org\/{rel}","templated":true}]}}