{"id":76834,"date":"2024-12-19T12:49:50","date_gmt":"2024-12-19T11:49:50","guid":{"rendered":"https:\/\/partyinabox.dk\/party\/vare\/kaempe-bamse-folie-ballon\/"},"modified":"2026-04-22T23:39:31","modified_gmt":"2026-04-22T21:39:31","slug":"kaempe-bamse-folie-ballon","status":"publish","type":"product","link":"https:\/\/partyinabox.dk\/party\/vare\/kaempe-bamse-folie-ballon\/","title":{"rendered":"K\u00e6mpe bamse folie ballon"},"content":{"rendered":"<p>Skab en hyggelig og hjertevarm stemning med denne teddybj\u00f8rn folieballon \u2013 perfekt til b\u00f8rnef\u00f8dselsdage, babyshowers eller som en s\u00f8d overraskelse. Ballonen har et charmerende bj\u00f8rne-design og en flot r\u00f8d sl\u00f8jfe, der g\u00f8r den til en favorit blandt b\u00e5de b\u00f8rn og voksne.<\/p>\n<p>Ballonen er fremstillet af holdbart metalfolie og m\u00e5ler 59 x 88 cm, n\u00e5r den er oppustet. Den kan nemt pustes op med det medf\u00f8lgende suger\u00f8r. Kan ikke bruges med helium.<\/p>\n<p>Placer den ved gavebordet, brug den som en del af en dekoration, eller giv den som en s\u00f8d gave. Mulighederne er mange!<\/p>\n<p>Indhold: 1 stk. \/ M\u00e5l: 59 x 88 cm<\/p>\n","protected":false},"excerpt":{"rendered":"<p>Skab en hyggelig og hjertevarm stemning med denne teddybj\u00f8rn folieballon \u2013 perfekt til b\u00f8rnef\u00f8dselsdage, babyshowers eller som en s\u00f8d overraskelse. Ballonen har et charmerende bj\u00f8rne-design og en flot r\u00f8d sl\u00f8jfe, der g\u00f8r den til en favorit blandt b\u00e5de b\u00f8rn og [&hellip;]<\/p>\n","protected":false},"featured_media":76835,"template":"","meta":{"_acf_changed":false},"product_brand":[],"product_cat":[30],"product_tag":[],"class_list":{"0":"post-76834","1":"product","2":"type-product","3":"status-publish","4":"has-post-thumbnail","6":"product_cat-balloner","7":"pa_item-color-roed","8":"pa_item-color-brun","9":"pa_item-group-balloner","10":"pa_item-subgroup-folieballoner","11":"pa_pakken-indeholder-folieballonsugeroer","12":"pa_tema_tax-animals","13":"pa_under-tema-bear","15":"first","16":"instock","17":"taxable","18":"shipping-taxable","19":"purchasable","20":"product-type-simple"},"bundled_by":[],"bundle_stock_status":"instock","bundle_stock_quantity":86,"bundle_virtual":false,"bundle_layout":"","bundle_add_to_cart_form_location":"","bundle_editable_in_cart":false,"bundle_sold_individually_context":"","bundle_item_grouping":"","bundle_min_size":"","bundle_max_size":"","bundle_price":[],"bundled_items":[],"bundle_sell_ids":[],"acf":[],"tiered_pricing_type":"fixed","tiered_pricing_fixed_rules":[],"tiered_pricing_product_settings":{"layout":"default","base_unit_name":{"singular":null,"plural":null},"default_variation":null},"tiered_pricing_minimum_quantity":null,"tiered_pricing_roles_data":[],"tiered_pricing_percentage_rules":[],"tiered_pricing_maximum_quantity":null,"tiered_pricing_quantity_step":null,"_links":{"self":[{"href":"https:\/\/partyinabox.dk\/party\/wp-json\/wp\/v2\/product\/76834","targetHints":{"allow":["GET"]}}],"collection":[{"href":"https:\/\/partyinabox.dk\/party\/wp-json\/wp\/v2\/product"}],"about":[{"href":"https:\/\/partyinabox.dk\/party\/wp-json\/wp\/v2\/types\/product"}],"wp:featuredmedia":[{"embeddable":true,"href":"https:\/\/partyinabox.dk\/party\/wp-json\/wp\/v2\/media\/76835"}],"wp:attachment":[{"href":"https:\/\/partyinabox.dk\/party\/wp-json\/wp\/v2\/media?parent=76834"}],"wp:term":[{"taxonomy":"product_brand","embeddable":true,"href":"https:\/\/partyinabox.dk\/party\/wp-json\/wp\/v2\/product_brand?post=76834"},{"taxonomy":"product_cat","embeddable":true,"href":"https:\/\/partyinabox.dk\/party\/wp-json\/wp\/v2\/product_cat?post=76834"},{"taxonomy":"product_tag","embeddable":true,"href":"https:\/\/partyinabox.dk\/party\/wp-json\/wp\/v2\/product_tag?post=76834"}],"curies":[{"name":"wp","href":"https:\/\/api.w.org\/{rel}","templated":true}]}}