{"id":76245,"date":"2024-12-05T00:00:00","date_gmt":"2024-12-04T23:00:00","guid":{"rendered":"https:\/\/partyinabox.dk\/party\/?post_type=product&#038;p=76245"},"modified":"2026-04-18T22:57:29","modified_gmt":"2026-04-18T20:57:29","slug":"pippi-paryk","status":"publish","type":"product","link":"https:\/\/partyinabox.dk\/party\/vare\/pippi-paryk\/","title":{"rendered":"Pippi paryk"},"content":{"rendered":"<p>Skal der holdes Pippi fest skal f\u00f8dselaren naturligvis ogs\u00e5 have Pippi paryk p\u00e5 for at fuldende looket. den fine paryk med gule sl\u00f8jfer passer perfekt ind til en Pippi f\u00f8dselsdag.<\/p>\n<p>Indhold: 1 stk. b\u00f8rne paryk af 100% polyester<\/p>\n","protected":false},"excerpt":{"rendered":"<p>Skal der holdes Pippi fest skal f\u00f8dselaren naturligvis ogs\u00e5 have Pippi paryk p\u00e5 for at fuldende looket. den fine paryk med gule sl\u00f8jfer passer perfekt ind til en Pippi f\u00f8dselsdag. Indhold: 1 stk. b\u00f8rne paryk af 100% polyester<\/p>\n","protected":false},"featured_media":76250,"template":"","meta":{"_acf_changed":false},"product_brand":[],"product_cat":[34],"product_tag":[],"class_list":{"0":"post-76245","1":"product","2":"type-product","3":"status-publish","4":"has-post-thumbnail","6":"product_cat-accessories","8":"first","9":"instock","10":"taxable","11":"shipping-taxable","12":"purchasable","13":"product-type-simple"},"bundled_by":[],"bundle_stock_status":"instock","bundle_stock_quantity":44,"bundle_virtual":false,"bundle_layout":"","bundle_add_to_cart_form_location":"","bundle_editable_in_cart":false,"bundle_sold_individually_context":"","bundle_item_grouping":"","bundle_min_size":"","bundle_max_size":"","bundle_price":[],"bundled_items":[],"bundle_sell_ids":[],"acf":[],"tiered_pricing_type":"fixed","tiered_pricing_fixed_rules":[],"tiered_pricing_product_settings":{"layout":"default","base_unit_name":{"singular":null,"plural":null},"default_variation":null},"tiered_pricing_minimum_quantity":null,"tiered_pricing_roles_data":[],"tiered_pricing_percentage_rules":[],"tiered_pricing_maximum_quantity":null,"tiered_pricing_quantity_step":null,"_links":{"self":[{"href":"https:\/\/partyinabox.dk\/party\/wp-json\/wp\/v2\/product\/76245","targetHints":{"allow":["GET"]}}],"collection":[{"href":"https:\/\/partyinabox.dk\/party\/wp-json\/wp\/v2\/product"}],"about":[{"href":"https:\/\/partyinabox.dk\/party\/wp-json\/wp\/v2\/types\/product"}],"wp:featuredmedia":[{"embeddable":true,"href":"https:\/\/partyinabox.dk\/party\/wp-json\/wp\/v2\/media\/76250"}],"wp:attachment":[{"href":"https:\/\/partyinabox.dk\/party\/wp-json\/wp\/v2\/media?parent=76245"}],"wp:term":[{"taxonomy":"product_brand","embeddable":true,"href":"https:\/\/partyinabox.dk\/party\/wp-json\/wp\/v2\/product_brand?post=76245"},{"taxonomy":"product_cat","embeddable":true,"href":"https:\/\/partyinabox.dk\/party\/wp-json\/wp\/v2\/product_cat?post=76245"},{"taxonomy":"product_tag","embeddable":true,"href":"https:\/\/partyinabox.dk\/party\/wp-json\/wp\/v2\/product_tag?post=76245"}],"curies":[{"name":"wp","href":"https:\/\/api.w.org\/{rel}","templated":true}]}}