{"id":75979,"date":"2025-04-14T00:00:00","date_gmt":"2025-04-13T22:00:00","guid":{"rendered":"https:\/\/partyinabox.dk\/party\/?post_type=product&#038;p=75979"},"modified":"2026-04-15T22:33:14","modified_gmt":"2026-04-15T20:33:14","slug":"rosa-ballon-vaegt","status":"publish","type":"product","link":"https:\/\/partyinabox.dk\/party\/vare\/rosa-ballon-vaegt\/","title":{"rendered":"Rosa ballon v\u00e6gt"},"content":{"rendered":"<p>Ballonv\u00e6gt til at holde p\u00e5 balloner der er fyldt med helium. Fyld dine folie eller latex balloner med helium, s\u00e5 de sv\u00e6ver, og bind dem til denne hvide v\u00e6gt. V\u00e6gten holder ballonerne i den h\u00f8jde du \u00f8nsker og s\u00f8rger for de ikke bl\u00e6ser v\u00e6k.<\/p>\n<p>Indhold: 1 stk. \/ M\u00e5l: 170 g<\/p>\n","protected":false},"excerpt":{"rendered":"<p>Ballonv\u00e6gt til at holde p\u00e5 balloner der er fyldt med helium. Fyld dine folie eller latex balloner med helium, s\u00e5 de sv\u00e6ver, og bind dem til denne hvide v\u00e6gt. V\u00e6gten holder ballonerne i den h\u00f8jde du \u00f8nsker og s\u00f8rger for [&hellip;]<\/p>\n","protected":false},"featured_media":75981,"template":"","meta":{"_acf_changed":false},"product_brand":[],"product_cat":[30,15],"product_tag":[],"class_list":{"0":"post-75979","1":"product","2":"type-product","3":"status-publish","4":"has-post-thumbnail","6":"product_cat-balloner","7":"product_cat-ukategoriseret","9":"first","10":"instock","11":"taxable","12":"shipping-taxable","13":"purchasable","14":"product-type-simple"},"bundled_by":[],"bundle_stock_status":"instock","bundle_stock_quantity":41,"bundle_virtual":false,"bundle_layout":"","bundle_add_to_cart_form_location":"","bundle_editable_in_cart":false,"bundle_sold_individually_context":"","bundle_item_grouping":"","bundle_min_size":"","bundle_max_size":"","bundle_price":[],"bundled_items":[],"bundle_sell_ids":[],"acf":[],"tiered_pricing_type":"fixed","tiered_pricing_fixed_rules":[],"tiered_pricing_product_settings":{"layout":"default","base_unit_name":{"singular":null,"plural":null},"default_variation":null},"tiered_pricing_minimum_quantity":null,"tiered_pricing_roles_data":[],"tiered_pricing_percentage_rules":[],"tiered_pricing_maximum_quantity":null,"tiered_pricing_quantity_step":null,"_links":{"self":[{"href":"https:\/\/partyinabox.dk\/party\/wp-json\/wp\/v2\/product\/75979","targetHints":{"allow":["GET"]}}],"collection":[{"href":"https:\/\/partyinabox.dk\/party\/wp-json\/wp\/v2\/product"}],"about":[{"href":"https:\/\/partyinabox.dk\/party\/wp-json\/wp\/v2\/types\/product"}],"wp:featuredmedia":[{"embeddable":true,"href":"https:\/\/partyinabox.dk\/party\/wp-json\/wp\/v2\/media\/75981"}],"wp:attachment":[{"href":"https:\/\/partyinabox.dk\/party\/wp-json\/wp\/v2\/media?parent=75979"}],"wp:term":[{"taxonomy":"product_brand","embeddable":true,"href":"https:\/\/partyinabox.dk\/party\/wp-json\/wp\/v2\/product_brand?post=75979"},{"taxonomy":"product_cat","embeddable":true,"href":"https:\/\/partyinabox.dk\/party\/wp-json\/wp\/v2\/product_cat?post=75979"},{"taxonomy":"product_tag","embeddable":true,"href":"https:\/\/partyinabox.dk\/party\/wp-json\/wp\/v2\/product_tag?post=75979"}],"curies":[{"name":"wp","href":"https:\/\/api.w.org\/{rel}","templated":true}]}}