{"id":75958,"date":"2025-11-12T00:00:00","date_gmt":"2025-11-11T23:00:00","guid":{"rendered":"https:\/\/partyinabox.dk\/party\/vare\/papirsugeroer-soelv-sort\/"},"modified":"2026-03-30T13:17:06","modified_gmt":"2026-03-30T11:17:06","slug":"papirsugeroer-soelv-sort","status":"publish","type":"product","link":"https:\/\/partyinabox.dk\/party\/vare\/papirsugeroer-soelv-sort\/","title":{"rendered":"Papirsuger\u00f8r s\u00f8lv\/sort"},"content":{"rendered":"<p>G\u00f8r nyt\u00e5rsfesten ekstra festlig med elegante papirsuger\u00f8r i sort og s\u00f8lv. Disse b\u00e6redygtige suger\u00f8r er det perfekte valg til \u00e5rets sidste aften.<\/p>\n<p>De sorte papirsuger\u00f8r prydes af glitrende s\u00f8lvfolie i toppen, hvilket giver et stilfuldt udtryk. Suger\u00f8rene er fremstillet i holdbar kvalitet, s\u00e5 de holder hele aftenen.<\/p>\n<p><i>Tip: Brug suger\u00f8rene til b\u00e5de kolde drinks og champagne &#8211; de er perfekte til midnatssk\u00e5len.<\/i><\/p>\n<p>Indhold: 12 stk. \/ M\u00e5l: 19,5 cm<\/p>\n","protected":false},"excerpt":{"rendered":"<p>G\u00f8r nyt\u00e5rsfesten ekstra festlig med elegante papirsuger\u00f8r i sort og s\u00f8lv. Disse b\u00e6redygtige suger\u00f8r er det perfekte valg til \u00e5rets sidste aften. De sorte papirsuger\u00f8r prydes af glitrende s\u00f8lvfolie i toppen, hvilket giver et stilfuldt udtryk. Suger\u00f8rene er fremstillet i [&hellip;]<\/p>\n","protected":false},"featured_media":75959,"template":"","meta":{"_acf_changed":false},"product_brand":[],"product_cat":[32],"product_tag":[],"class_list":{"0":"post-75958","1":"product","2":"type-product","3":"status-publish","4":"has-post-thumbnail","6":"product_cat-service","7":"pa_item-color-sort","8":"pa_item-color-soelv","9":"pa_item-group-bordservice","10":"pa_item-subgroup-sugeroer","11":"pa_pakken-indeholder-12-stk-papirsugeroer","12":"pa_tema_tax-generic","13":"pa_under-tema-generic","15":"first","16":"instock","17":"taxable","18":"shipping-taxable","19":"purchasable","20":"product-type-simple"},"bundled_by":[],"bundle_stock_status":"instock","bundle_stock_quantity":163,"bundle_virtual":false,"bundle_layout":"","bundle_add_to_cart_form_location":"","bundle_editable_in_cart":false,"bundle_sold_individually_context":"","bundle_item_grouping":"","bundle_min_size":"","bundle_max_size":"","bundle_price":[],"bundled_items":[],"bundle_sell_ids":[],"acf":[],"tiered_pricing_type":"fixed","tiered_pricing_fixed_rules":[],"tiered_pricing_product_settings":{"layout":"default","base_unit_name":{"singular":null,"plural":null},"default_variation":null},"tiered_pricing_minimum_quantity":null,"tiered_pricing_roles_data":[],"tiered_pricing_percentage_rules":[],"tiered_pricing_maximum_quantity":null,"tiered_pricing_quantity_step":null,"_links":{"self":[{"href":"https:\/\/partyinabox.dk\/party\/wp-json\/wp\/v2\/product\/75958","targetHints":{"allow":["GET"]}}],"collection":[{"href":"https:\/\/partyinabox.dk\/party\/wp-json\/wp\/v2\/product"}],"about":[{"href":"https:\/\/partyinabox.dk\/party\/wp-json\/wp\/v2\/types\/product"}],"wp:featuredmedia":[{"embeddable":true,"href":"https:\/\/partyinabox.dk\/party\/wp-json\/wp\/v2\/media\/75959"}],"wp:attachment":[{"href":"https:\/\/partyinabox.dk\/party\/wp-json\/wp\/v2\/media?parent=75958"}],"wp:term":[{"taxonomy":"product_brand","embeddable":true,"href":"https:\/\/partyinabox.dk\/party\/wp-json\/wp\/v2\/product_brand?post=75958"},{"taxonomy":"product_cat","embeddable":true,"href":"https:\/\/partyinabox.dk\/party\/wp-json\/wp\/v2\/product_cat?post=75958"},{"taxonomy":"product_tag","embeddable":true,"href":"https:\/\/partyinabox.dk\/party\/wp-json\/wp\/v2\/product_tag?post=75958"}],"curies":[{"name":"wp","href":"https:\/\/api.w.org\/{rel}","templated":true}]}}