{"id":75752,"date":"2024-11-25T15:10:29","date_gmt":"2024-11-25T14:10:29","guid":{"rendered":"https:\/\/partyinabox.dk\/party\/?post_type=product&#038;p=75752"},"modified":"2026-04-14T13:39:38","modified_gmt":"2026-04-14T11:39:38","slug":"navy-blaa-honeycomb-medium","status":"publish","type":"product","link":"https:\/\/partyinabox.dk\/party\/vare\/navy-blaa-honeycomb-medium\/","title":{"rendered":"Navy bl\u00e5 honeycomb medium"},"content":{"rendered":"<p>Pynt op til din n\u00e6ste fest med de her fine honeycombs. Den er let at samle. Det eneste du skal g\u00f8re er, at folde den ud, klister den sammen. Hvis du vil genbruge, kan du bruge en clips.<\/p>\n<p>Klip snoren af og brug dem til din bordd\u00e6kning. Eller h\u00e6ng dem op med fiskesn\u00f8re. Perfekt, vil d\u00e5b, konfirmation, nyt\u00e5r eller f\u00f8dselsdag.<\/p>\n<p>Indhold: 1 stk.<\/p>\n<p>M\u00e5l: 20 cm.<\/p>\n","protected":false},"excerpt":{"rendered":"<p>Pynt op til din n\u00e6ste fest med de her fine honeycombs. Den er let at samle. Det eneste du skal g\u00f8re er, at folde den ud, klister den sammen. Hvis du vil genbruge, kan du bruge en clips. Klip snoren [&hellip;]<\/p>\n","protected":false},"featured_media":75750,"template":"","meta":{"_acf_changed":false},"product_brand":[],"product_cat":[31],"product_tag":[],"class_list":{"0":"post-75752","1":"product","2":"type-product","3":"status-publish","4":"has-post-thumbnail","6":"product_cat-til-loftet","8":"first","9":"instock","10":"taxable","11":"shipping-taxable","12":"purchasable","13":"product-type-simple"},"bundled_by":[],"bundle_stock_status":"instock","bundle_stock_quantity":320,"bundle_virtual":false,"bundle_layout":"","bundle_add_to_cart_form_location":"","bundle_editable_in_cart":false,"bundle_sold_individually_context":"","bundle_item_grouping":"","bundle_min_size":"","bundle_max_size":"","bundle_price":[],"bundled_items":[],"bundle_sell_ids":[],"acf":[],"tiered_pricing_type":"fixed","tiered_pricing_fixed_rules":[],"tiered_pricing_product_settings":{"layout":"default","base_unit_name":{"singular":null,"plural":null},"default_variation":null},"tiered_pricing_minimum_quantity":null,"tiered_pricing_roles_data":[],"tiered_pricing_percentage_rules":[],"tiered_pricing_maximum_quantity":null,"tiered_pricing_quantity_step":null,"_links":{"self":[{"href":"https:\/\/partyinabox.dk\/party\/wp-json\/wp\/v2\/product\/75752","targetHints":{"allow":["GET"]}}],"collection":[{"href":"https:\/\/partyinabox.dk\/party\/wp-json\/wp\/v2\/product"}],"about":[{"href":"https:\/\/partyinabox.dk\/party\/wp-json\/wp\/v2\/types\/product"}],"wp:featuredmedia":[{"embeddable":true,"href":"https:\/\/partyinabox.dk\/party\/wp-json\/wp\/v2\/media\/75750"}],"wp:attachment":[{"href":"https:\/\/partyinabox.dk\/party\/wp-json\/wp\/v2\/media?parent=75752"}],"wp:term":[{"taxonomy":"product_brand","embeddable":true,"href":"https:\/\/partyinabox.dk\/party\/wp-json\/wp\/v2\/product_brand?post=75752"},{"taxonomy":"product_cat","embeddable":true,"href":"https:\/\/partyinabox.dk\/party\/wp-json\/wp\/v2\/product_cat?post=75752"},{"taxonomy":"product_tag","embeddable":true,"href":"https:\/\/partyinabox.dk\/party\/wp-json\/wp\/v2\/product_tag?post=75752"}],"curies":[{"name":"wp","href":"https:\/\/api.w.org\/{rel}","templated":true}]}}