{"id":75678,"date":"2024-11-24T19:23:34","date_gmt":"2024-11-24T18:23:34","guid":{"rendered":"https:\/\/partyinabox.dk\/party\/vare\/bluey-rund-folieballon\/"},"modified":"2026-04-16T13:39:17","modified_gmt":"2026-04-16T11:39:17","slug":"bluey-rund-folieballon","status":"publish","type":"product","link":"https:\/\/partyinabox.dk\/party\/vare\/bluey-rund-folieballon\/","title":{"rendered":"Bluey rund folie ballon"},"content":{"rendered":"<p>Skab en festlig stemning med denne s\u00f8de folieballon fra Bluey\u00ae. Det farverige motiv med de to hunde p\u00e5 en gr\u00f8n baggrund giver en flot effekt til enhver b\u00f8rnefest.<\/p>\n<p>Folieballonen er fremstillet i holdbar metalfolie og m\u00e5ler 45 cm i diameter, n\u00e5r den er pustet op. Den kan b\u00e5de pustes op med luft eller helium. <i>Med helium holder ballonen sig flot sv\u00e6vende i minimum 3 dage.<\/i><\/p>\n<p>Brug ballonen som central dekoration ved f\u00f8dselsdagsfesten eller som en s\u00f8d overraskelse til den lille Bluey-fan.<\/p>\n<p>Indhold: 1 stk. \/ M\u00e5l: 45 cm<\/p>\n","protected":false},"excerpt":{"rendered":"<p>Skab en festlig stemning med denne s\u00f8de folieballon fra Bluey\u00ae. Det farverige motiv med de to hunde p\u00e5 en gr\u00f8n baggrund giver en flot effekt til enhver b\u00f8rnefest. Folieballonen er fremstillet i holdbar metalfolie og m\u00e5ler 45 cm i diameter, [&hellip;]<\/p>\n","protected":false},"featured_media":75679,"template":"","meta":{"_acf_changed":false},"product_brand":[],"product_cat":[30],"product_tag":[],"class_list":{"0":"post-75678","1":"product","2":"type-product","3":"status-publish","4":"has-post-thumbnail","6":"product_cat-balloner","7":"pa_item-color-blaa","8":"pa_item-color-groen","9":"pa_item-color-orange","10":"pa_item-group-balloner","11":"pa_item-subgroup-folieballoner","12":"pa_pakken-indeholder-folieballon","13":"pa_tema_tax-kids-tv","14":"pa_under-tema-bluey","16":"first","17":"instock","18":"taxable","19":"shipping-taxable","20":"purchasable","21":"product-type-simple"},"bundled_by":[],"bundle_stock_status":"instock","bundle_stock_quantity":94,"bundle_virtual":false,"bundle_layout":"","bundle_add_to_cart_form_location":"","bundle_editable_in_cart":false,"bundle_sold_individually_context":"","bundle_item_grouping":"","bundle_min_size":"","bundle_max_size":"","bundle_price":[],"bundled_items":[],"bundle_sell_ids":[],"acf":[],"tiered_pricing_type":"fixed","tiered_pricing_fixed_rules":[],"tiered_pricing_product_settings":{"layout":"default","base_unit_name":{"singular":null,"plural":null},"default_variation":null},"tiered_pricing_minimum_quantity":null,"tiered_pricing_roles_data":[],"tiered_pricing_percentage_rules":[],"tiered_pricing_maximum_quantity":null,"tiered_pricing_quantity_step":null,"_links":{"self":[{"href":"https:\/\/partyinabox.dk\/party\/wp-json\/wp\/v2\/product\/75678","targetHints":{"allow":["GET"]}}],"collection":[{"href":"https:\/\/partyinabox.dk\/party\/wp-json\/wp\/v2\/product"}],"about":[{"href":"https:\/\/partyinabox.dk\/party\/wp-json\/wp\/v2\/types\/product"}],"wp:featuredmedia":[{"embeddable":true,"href":"https:\/\/partyinabox.dk\/party\/wp-json\/wp\/v2\/media\/75679"}],"wp:attachment":[{"href":"https:\/\/partyinabox.dk\/party\/wp-json\/wp\/v2\/media?parent=75678"}],"wp:term":[{"taxonomy":"product_brand","embeddable":true,"href":"https:\/\/partyinabox.dk\/party\/wp-json\/wp\/v2\/product_brand?post=75678"},{"taxonomy":"product_cat","embeddable":true,"href":"https:\/\/partyinabox.dk\/party\/wp-json\/wp\/v2\/product_cat?post=75678"},{"taxonomy":"product_tag","embeddable":true,"href":"https:\/\/partyinabox.dk\/party\/wp-json\/wp\/v2\/product_tag?post=75678"}],"curies":[{"name":"wp","href":"https:\/\/api.w.org\/{rel}","templated":true}]}}