{"id":75576,"date":"2024-11-21T12:48:57","date_gmt":"2024-11-21T11:48:57","guid":{"rendered":"https:\/\/partyinabox.dk\/party\/?post_type=product&#038;p=75576"},"modified":"2026-04-30T11:53:31","modified_gmt":"2026-04-30T09:53:31","slug":"gamer-kagepynt","status":"publish","type":"product","link":"https:\/\/partyinabox.dk\/party\/vare\/gamer-kagepynt\/","title":{"rendered":"Gamer kagepynt"},"content":{"rendered":"<p>Er du helt vild med gamer og mangler noget til kagen eller frugt? S\u00e5 er de her cake sticks helt perfekte.<\/p>\n<p>De er nemme at s\u00e6tte i, madvenlige ogs\u00e5 passer det sammen med det andet gamer tema.<\/p>\n<p>Du f\u00e5r 12 stk. i en pakke.<\/p>\n","protected":false},"excerpt":{"rendered":"<p>Er du helt vild med gamer og mangler noget til kagen eller frugt? S\u00e5 er de her cake sticks helt perfekte. De er nemme at s\u00e6tte i, madvenlige ogs\u00e5 passer det sammen med det andet gamer tema. Du f\u00e5r 12 [&hellip;]<\/p>\n","protected":false},"featured_media":75577,"template":"","meta":{"_acf_changed":false},"product_brand":[],"product_cat":[33],"product_tag":[],"class_list":{"0":"post-75576","1":"product","2":"type-product","3":"status-publish","4":"has-post-thumbnail","6":"product_cat-til-kagen","8":"first","9":"instock","10":"taxable","11":"shipping-taxable","12":"purchasable","13":"product-type-simple"},"bundled_by":[],"bundle_stock_status":"instock","bundle_stock_quantity":23,"bundle_virtual":false,"bundle_layout":"","bundle_add_to_cart_form_location":"","bundle_editable_in_cart":false,"bundle_sold_individually_context":"","bundle_item_grouping":"","bundle_min_size":"","bundle_max_size":"","bundle_price":[],"bundled_items":[],"bundle_sell_ids":[],"acf":[],"tiered_pricing_type":"fixed","tiered_pricing_fixed_rules":[],"tiered_pricing_product_settings":{"layout":"default","base_unit_name":{"singular":null,"plural":null},"default_variation":null},"tiered_pricing_minimum_quantity":null,"tiered_pricing_roles_data":[],"tiered_pricing_percentage_rules":[],"tiered_pricing_maximum_quantity":null,"tiered_pricing_quantity_step":null,"_links":{"self":[{"href":"https:\/\/partyinabox.dk\/party\/wp-json\/wp\/v2\/product\/75576","targetHints":{"allow":["GET"]}}],"collection":[{"href":"https:\/\/partyinabox.dk\/party\/wp-json\/wp\/v2\/product"}],"about":[{"href":"https:\/\/partyinabox.dk\/party\/wp-json\/wp\/v2\/types\/product"}],"wp:featuredmedia":[{"embeddable":true,"href":"https:\/\/partyinabox.dk\/party\/wp-json\/wp\/v2\/media\/75577"}],"wp:attachment":[{"href":"https:\/\/partyinabox.dk\/party\/wp-json\/wp\/v2\/media?parent=75576"}],"wp:term":[{"taxonomy":"product_brand","embeddable":true,"href":"https:\/\/partyinabox.dk\/party\/wp-json\/wp\/v2\/product_brand?post=75576"},{"taxonomy":"product_cat","embeddable":true,"href":"https:\/\/partyinabox.dk\/party\/wp-json\/wp\/v2\/product_cat?post=75576"},{"taxonomy":"product_tag","embeddable":true,"href":"https:\/\/partyinabox.dk\/party\/wp-json\/wp\/v2\/product_tag?post=75576"}],"curies":[{"name":"wp","href":"https:\/\/api.w.org\/{rel}","templated":true}]}}