{"id":75574,"date":"2024-11-21T12:36:37","date_gmt":"2024-11-21T11:36:37","guid":{"rendered":"https:\/\/partyinabox.dk\/party\/?post_type=product&#038;p=75574"},"modified":"2026-04-23T11:35:00","modified_gmt":"2026-04-23T09:35:00","slug":"gamer-vimpel-banner","status":"publish","type":"product","link":"https:\/\/partyinabox.dk\/party\/vare\/gamer-vimpel-banner\/","title":{"rendered":"Gamer vimpel banner"},"content":{"rendered":"<p>Skal du holde fest med gamer tema? S\u00e5 skal du helt klart have fat i den her vimpel guirlande.<\/p>\n<p>Den er sort formet som trekanter og med spil controller p\u00e5. Perfekt til at h\u00e6nge over bordet, p\u00e5 v\u00e6ggen, ved buffeten eller gavebordet.<\/p>\n<p>Den er printet p\u00e5 2 sider.<\/p>\n<p>Indhold: 1 stk. M\u00e5l: 10 meter<\/p>\n","protected":false},"excerpt":{"rendered":"<p>Skal du holde fest med gamer tema? S\u00e5 skal du helt klart have fat i den her vimpel guirlande. Den er sort formet som trekanter og med spil controller p\u00e5. Perfekt til at h\u00e6nge over bordet, p\u00e5 v\u00e6ggen, ved buffeten [&hellip;]<\/p>\n","protected":false},"featured_media":75575,"template":"","meta":{"_acf_changed":false},"product_brand":[],"product_cat":[31],"product_tag":[],"class_list":{"0":"post-75574","1":"product","2":"type-product","3":"status-publish","4":"has-post-thumbnail","6":"product_cat-til-loftet","8":"first","9":"instock","10":"taxable","11":"shipping-taxable","12":"purchasable","13":"product-type-simple"},"bundled_by":[],"bundle_stock_status":"instock","bundle_stock_quantity":63,"bundle_virtual":false,"bundle_layout":"","bundle_add_to_cart_form_location":"","bundle_editable_in_cart":false,"bundle_sold_individually_context":"","bundle_item_grouping":"","bundle_min_size":"","bundle_max_size":"","bundle_price":[],"bundled_items":[],"bundle_sell_ids":[],"acf":[],"tiered_pricing_type":"fixed","tiered_pricing_fixed_rules":[],"tiered_pricing_product_settings":{"layout":"default","base_unit_name":{"singular":null,"plural":null},"default_variation":null},"tiered_pricing_minimum_quantity":null,"tiered_pricing_roles_data":[],"tiered_pricing_percentage_rules":[],"tiered_pricing_maximum_quantity":null,"tiered_pricing_quantity_step":null,"_links":{"self":[{"href":"https:\/\/partyinabox.dk\/party\/wp-json\/wp\/v2\/product\/75574","targetHints":{"allow":["GET"]}}],"collection":[{"href":"https:\/\/partyinabox.dk\/party\/wp-json\/wp\/v2\/product"}],"about":[{"href":"https:\/\/partyinabox.dk\/party\/wp-json\/wp\/v2\/types\/product"}],"wp:featuredmedia":[{"embeddable":true,"href":"https:\/\/partyinabox.dk\/party\/wp-json\/wp\/v2\/media\/75575"}],"wp:attachment":[{"href":"https:\/\/partyinabox.dk\/party\/wp-json\/wp\/v2\/media?parent=75574"}],"wp:term":[{"taxonomy":"product_brand","embeddable":true,"href":"https:\/\/partyinabox.dk\/party\/wp-json\/wp\/v2\/product_brand?post=75574"},{"taxonomy":"product_cat","embeddable":true,"href":"https:\/\/partyinabox.dk\/party\/wp-json\/wp\/v2\/product_cat?post=75574"},{"taxonomy":"product_tag","embeddable":true,"href":"https:\/\/partyinabox.dk\/party\/wp-json\/wp\/v2\/product_tag?post=75574"}],"curies":[{"name":"wp","href":"https:\/\/api.w.org\/{rel}","templated":true}]}}