{"id":75455,"date":"2024-11-19T00:00:00","date_gmt":"2024-11-18T23:00:00","guid":{"rendered":"https:\/\/partyinabox.dk\/party\/vare\/konfirmation-fingeraftryk-plakat-pige-rosa\/"},"modified":"2026-04-15T16:32:10","modified_gmt":"2026-04-15T14:32:10","slug":"konfirmation-fingeraftryk-plakat-pige-rosa","status":"publish","type":"product","link":"https:\/\/partyinabox.dk\/party\/vare\/konfirmation-fingeraftryk-plakat-pige-rosa\/","title":{"rendered":"Konfirmation fingeraftryk plakat pige rosa"},"content":{"rendered":"<p>Skab et personligt minde fra konfirmationen med denne elegante fingeraftryksplakat. En kreativ g\u00e6stebog med et smukt tr\u00e6motiv med lyser\u00f8de aftryk bliver til en helt unik v\u00e6gdekoration, n\u00e5r g\u00e6sterne s\u00e6tter deres fingeraftryk som blade p\u00e5 grenene.<\/p>\n<p>Den stilrene plakat har plads til ca. 100 fingeraftryk og kan personligg\u00f8res med konfirmandens navn og dato. Den medf\u00f8lgende stempelfarve sikrer tydelige og holdbare aftryk p\u00e5 det kraftige papir.<\/p>\n<p><i>Tip: Hav v\u00e5dservietter klar til g\u00e6sterne efter de har sat deres aftryk.<\/i><\/p>\n<p>Indhold: 1 stk. A3 plakat, 1 \u00e6ske stempelfarve \/ M\u00e5l: 29,7 x 42 cm<\/p>\n","protected":false},"excerpt":{"rendered":"<p>Skab et personligt minde fra konfirmationen med denne elegante fingeraftryksplakat. En kreativ g\u00e6stebog med et smukt tr\u00e6motiv med lyser\u00f8de aftryk bliver til en helt unik v\u00e6gdekoration, n\u00e5r g\u00e6sterne s\u00e6tter deres fingeraftryk som blade p\u00e5 grenene. Den stilrene plakat har plads [&hellip;]<\/p>\n","protected":false},"featured_media":75456,"template":"","meta":{"_acf_changed":false},"product_brand":[],"product_cat":[34],"product_tag":[],"class_list":{"0":"post-75455","1":"product","2":"type-product","3":"status-publish","4":"has-post-thumbnail","6":"product_cat-accessories","7":"pa_item-color-hvid","8":"pa_item-color-lyseroed","9":"pa_item-group-vaegdekoration","10":"pa_item-subgroup-plakat","11":"pa_pakken-indeholder-plakatstempelfarve","12":"pa_tema_tax-occasions","13":"pa_under-tema-confirmation","15":"first","16":"instock","17":"taxable","18":"shipping-taxable","19":"purchasable","20":"product-type-simple"},"bundled_by":[],"bundle_stock_status":"instock","bundle_stock_quantity":39,"bundle_virtual":false,"bundle_layout":"","bundle_add_to_cart_form_location":"","bundle_editable_in_cart":false,"bundle_sold_individually_context":"","bundle_item_grouping":"","bundle_min_size":"","bundle_max_size":"","bundle_price":[],"bundled_items":[],"bundle_sell_ids":[],"acf":[],"tiered_pricing_type":"fixed","tiered_pricing_fixed_rules":[],"tiered_pricing_product_settings":{"layout":"default","base_unit_name":{"singular":null,"plural":null},"default_variation":null},"tiered_pricing_minimum_quantity":null,"tiered_pricing_roles_data":[],"tiered_pricing_percentage_rules":[],"tiered_pricing_maximum_quantity":null,"tiered_pricing_quantity_step":null,"_links":{"self":[{"href":"https:\/\/partyinabox.dk\/party\/wp-json\/wp\/v2\/product\/75455","targetHints":{"allow":["GET"]}}],"collection":[{"href":"https:\/\/partyinabox.dk\/party\/wp-json\/wp\/v2\/product"}],"about":[{"href":"https:\/\/partyinabox.dk\/party\/wp-json\/wp\/v2\/types\/product"}],"wp:featuredmedia":[{"embeddable":true,"href":"https:\/\/partyinabox.dk\/party\/wp-json\/wp\/v2\/media\/75456"}],"wp:attachment":[{"href":"https:\/\/partyinabox.dk\/party\/wp-json\/wp\/v2\/media?parent=75455"}],"wp:term":[{"taxonomy":"product_brand","embeddable":true,"href":"https:\/\/partyinabox.dk\/party\/wp-json\/wp\/v2\/product_brand?post=75455"},{"taxonomy":"product_cat","embeddable":true,"href":"https:\/\/partyinabox.dk\/party\/wp-json\/wp\/v2\/product_cat?post=75455"},{"taxonomy":"product_tag","embeddable":true,"href":"https:\/\/partyinabox.dk\/party\/wp-json\/wp\/v2\/product_tag?post=75455"}],"curies":[{"name":"wp","href":"https:\/\/api.w.org\/{rel}","templated":true}]}}