{"id":75162,"date":"2024-12-06T00:00:00","date_gmt":"2024-12-05T23:00:00","guid":{"rendered":"https:\/\/partyinabox.dk\/party\/vare\/happy-new-year-balloner-guld\/"},"modified":"2026-04-09T14:59:39","modified_gmt":"2026-04-09T12:59:39","slug":"happy-new-year-balloner-guld","status":"publish","type":"product","link":"https:\/\/partyinabox.dk\/party\/vare\/happy-new-year-balloner-guld\/","title":{"rendered":"Happy new year ballon"},"content":{"rendered":"<p>Skab den perfekte nyt\u00e5rsstemning med elegante balloner i gylden latex. De seks balloner prydes af teksten &#8220;Happy New Year&#8221; i sort og s\u00f8lv, som giver et festligt udtryk til \u00e5rets sidste aften.<\/p>\n<p>Ballonerne kan b\u00e5de pustes op med luft eller helium. Med helium sv\u00e6ver de i 6-8 timer, eller l\u00e6ngere ved brug af Hi-Float. Brug dem enkeltvis eller arranger dem i en flot bue for maksimal effekt.<\/p>\n<p>Indhold: 6 stk. \/ M\u00e5l: 30 cm i diameter (oppustet)<\/p>\n","protected":false},"excerpt":{"rendered":"<p>Skab den perfekte nyt\u00e5rsstemning med elegante balloner i gylden latex. De seks balloner prydes af teksten &#8220;Happy New Year&#8221; i sort og s\u00f8lv, som giver et festligt udtryk til \u00e5rets sidste aften. Ballonerne kan b\u00e5de pustes op med luft eller [&hellip;]<\/p>\n","protected":false},"featured_media":75163,"template":"","meta":{"_acf_changed":false},"product_brand":[],"product_cat":[30],"product_tag":[],"class_list":{"0":"post-75162","1":"product","2":"type-product","3":"status-publish","4":"has-post-thumbnail","6":"product_cat-balloner","7":"pa_item-color-guld","8":"pa_item-color-soelv","9":"pa_item-color-sort","10":"pa_item-group-balloner","11":"pa_item-subgroup-latexballoner","12":"pa_pakken-indeholder-6-stk-latexballoner","13":"pa_tema_tax-occasions","14":"pa_under-tema-new-year","16":"first","17":"instock","18":"taxable","19":"shipping-taxable","20":"purchasable","21":"product-type-simple"},"bundled_by":[],"bundle_stock_status":"instock","bundle_stock_quantity":35,"bundle_virtual":false,"bundle_layout":"","bundle_add_to_cart_form_location":"","bundle_editable_in_cart":false,"bundle_sold_individually_context":"","bundle_item_grouping":"","bundle_min_size":"","bundle_max_size":"","bundle_price":[],"bundled_items":[],"bundle_sell_ids":[],"acf":[],"tiered_pricing_type":"fixed","tiered_pricing_fixed_rules":[],"tiered_pricing_product_settings":{"layout":"default","base_unit_name":{"singular":null,"plural":null},"default_variation":null},"tiered_pricing_minimum_quantity":null,"tiered_pricing_roles_data":[],"tiered_pricing_percentage_rules":[],"tiered_pricing_maximum_quantity":null,"tiered_pricing_quantity_step":null,"_links":{"self":[{"href":"https:\/\/partyinabox.dk\/party\/wp-json\/wp\/v2\/product\/75162","targetHints":{"allow":["GET"]}}],"collection":[{"href":"https:\/\/partyinabox.dk\/party\/wp-json\/wp\/v2\/product"}],"about":[{"href":"https:\/\/partyinabox.dk\/party\/wp-json\/wp\/v2\/types\/product"}],"wp:featuredmedia":[{"embeddable":true,"href":"https:\/\/partyinabox.dk\/party\/wp-json\/wp\/v2\/media\/75163"}],"wp:attachment":[{"href":"https:\/\/partyinabox.dk\/party\/wp-json\/wp\/v2\/media?parent=75162"}],"wp:term":[{"taxonomy":"product_brand","embeddable":true,"href":"https:\/\/partyinabox.dk\/party\/wp-json\/wp\/v2\/product_brand?post=75162"},{"taxonomy":"product_cat","embeddable":true,"href":"https:\/\/partyinabox.dk\/party\/wp-json\/wp\/v2\/product_cat?post=75162"},{"taxonomy":"product_tag","embeddable":true,"href":"https:\/\/partyinabox.dk\/party\/wp-json\/wp\/v2\/product_tag?post=75162"}],"curies":[{"name":"wp","href":"https:\/\/api.w.org\/{rel}","templated":true}]}}