{"id":75156,"date":"2024-12-06T00:00:00","date_gmt":"2024-12-05T23:00:00","guid":{"rendered":"https:\/\/partyinabox.dk\/party\/vare\/guldstjerner-borddekoration\/"},"modified":"2026-04-17T13:29:11","modified_gmt":"2026-04-17T11:29:11","slug":"guldstjerner-borddekoration","status":"publish","type":"product","link":"https:\/\/partyinabox.dk\/party\/vare\/guldstjerner-borddekoration\/","title":{"rendered":"Guld stjerner borddekoration"},"content":{"rendered":"<p>Skab en magisk bordpynt med denne elegante borddekoration i guld og sort. De glitrende kaskader falder som et springvand ned over de kontrastfyldte stjerner.<\/p>\n<p>Den stilfulde dekoration best\u00e5r af gyldne strimler og stjerner i b\u00e5de guld og sort, der skaber et prangende midtpunkt p\u00e5 ethvert festbord. <i>Perfekt til nyt\u00e5rsaften eller gallamiddagen.<\/i><\/p>\n<p>Indhold: 1 stk. \/ M\u00e5l: 19 cm h\u00f8j<\/p>\n","protected":false},"excerpt":{"rendered":"<p>Skab en magisk bordpynt med denne elegante borddekoration i guld og sort. De glitrende kaskader falder som et springvand ned over de kontrastfyldte stjerner. Den stilfulde dekoration best\u00e5r af gyldne strimler og stjerner i b\u00e5de guld og sort, der skaber [&hellip;]<\/p>\n","protected":false},"featured_media":75157,"template":"","meta":{"_acf_changed":false},"product_brand":[],"product_cat":[32],"product_tag":[],"class_list":{"0":"post-75156","1":"product","2":"type-product","3":"status-publish","4":"has-post-thumbnail","6":"product_cat-service","7":"pa_item-color-guld","8":"pa_item-color-sort","9":"pa_item-group-borddekoration","10":"pa_item-subgroup-centerpieces","11":"pa_pakken-indeholder-borddekoration","12":"pa_tema_tax-occasions","13":"pa_under-tema-new-year","15":"first","16":"instock","17":"taxable","18":"shipping-taxable","19":"purchasable","20":"product-type-simple"},"bundled_by":[],"bundle_stock_status":"instock","bundle_stock_quantity":108,"bundle_virtual":false,"bundle_layout":"","bundle_add_to_cart_form_location":"","bundle_editable_in_cart":false,"bundle_sold_individually_context":"","bundle_item_grouping":"","bundle_min_size":"","bundle_max_size":"","bundle_price":[],"bundled_items":[],"bundle_sell_ids":[],"acf":[],"tiered_pricing_type":"fixed","tiered_pricing_fixed_rules":[],"tiered_pricing_product_settings":{"layout":"default","base_unit_name":{"singular":null,"plural":null},"default_variation":null},"tiered_pricing_minimum_quantity":null,"tiered_pricing_roles_data":[],"tiered_pricing_percentage_rules":[],"tiered_pricing_maximum_quantity":null,"tiered_pricing_quantity_step":null,"_links":{"self":[{"href":"https:\/\/partyinabox.dk\/party\/wp-json\/wp\/v2\/product\/75156","targetHints":{"allow":["GET"]}}],"collection":[{"href":"https:\/\/partyinabox.dk\/party\/wp-json\/wp\/v2\/product"}],"about":[{"href":"https:\/\/partyinabox.dk\/party\/wp-json\/wp\/v2\/types\/product"}],"wp:featuredmedia":[{"embeddable":true,"href":"https:\/\/partyinabox.dk\/party\/wp-json\/wp\/v2\/media\/75157"}],"wp:attachment":[{"href":"https:\/\/partyinabox.dk\/party\/wp-json\/wp\/v2\/media?parent=75156"}],"wp:term":[{"taxonomy":"product_brand","embeddable":true,"href":"https:\/\/partyinabox.dk\/party\/wp-json\/wp\/v2\/product_brand?post=75156"},{"taxonomy":"product_cat","embeddable":true,"href":"https:\/\/partyinabox.dk\/party\/wp-json\/wp\/v2\/product_cat?post=75156"},{"taxonomy":"product_tag","embeddable":true,"href":"https:\/\/partyinabox.dk\/party\/wp-json\/wp\/v2\/product_tag?post=75156"}],"curies":[{"name":"wp","href":"https:\/\/api.w.org\/{rel}","templated":true}]}}