{"id":75148,"date":"2024-12-06T00:00:00","date_gmt":"2024-12-05T23:00:00","guid":{"rendered":"https:\/\/partyinabox.dk\/party\/vare\/happy-new-year-ryslere-guld\/"},"modified":"2026-03-17T12:49:28","modified_gmt":"2026-03-17T11:49:28","slug":"happy-new-year-ryslere-guld","status":"publish","type":"product","link":"https:\/\/partyinabox.dk\/party\/vare\/happy-new-year-ryslere-guld\/","title":{"rendered":"Happy new year truthorn"},"content":{"rendered":"<p>Skab den perfekte nyt\u00e5rsstemning med disse elegante ryslere i gylden metallic. De dekorative horn med &#8220;Happy New Year&#8221; tekst p\u00e5 stjerneformet baggrund tilf\u00f8rer b\u00e5de festlig lyd og flot pynt til nyt\u00e5rsbordet.<\/p>\n<p>Ryslerene er fremstillet i holdbart metal med en smuk guldfinish, der matcher enhver nyt\u00e5rsdekoration. Placer dem ved hver kuvert eller saml dem i en flot buket som bordpynt.<\/p>\n<p>Indhold: 6 stk. ryslere i guld med &#8220;Happy New Year&#8221; motiv<\/p>\n","protected":false},"excerpt":{"rendered":"<p>Skab den perfekte nyt\u00e5rsstemning med disse elegante ryslere i gylden metallic. De dekorative horn med &#8220;Happy New Year&#8221; tekst p\u00e5 stjerneformet baggrund tilf\u00f8rer b\u00e5de festlig lyd og flot pynt til nyt\u00e5rsbordet. Ryslerene er fremstillet i holdbart metal med en smuk [&hellip;]<\/p>\n","protected":false},"featured_media":75149,"template":"","meta":{"_acf_changed":false},"product_brand":[],"product_cat":[34],"product_tag":[],"class_list":{"0":"post-75148","1":"product","2":"type-product","3":"status-publish","4":"has-post-thumbnail","6":"product_cat-accessories","7":"pa_item-color-guld","8":"pa_item-group-borddekoration","9":"pa_item-subgroup-ryslere-truthorn","10":"pa_pakken-indeholder-6-stk-ryslere","11":"pa_tema_tax-occasions","12":"pa_under-tema-new-year","14":"first","15":"instock","16":"taxable","17":"shipping-taxable","18":"purchasable","19":"product-type-simple"},"bundled_by":[],"bundle_stock_status":"instock","bundle_stock_quantity":29,"bundle_virtual":false,"bundle_layout":"","bundle_add_to_cart_form_location":"","bundle_editable_in_cart":false,"bundle_sold_individually_context":"","bundle_item_grouping":"","bundle_min_size":"","bundle_max_size":"","bundle_price":[],"bundled_items":[],"bundle_sell_ids":[],"acf":[],"tiered_pricing_type":"fixed","tiered_pricing_fixed_rules":[],"tiered_pricing_product_settings":{"layout":"default","base_unit_name":{"singular":null,"plural":null},"default_variation":null},"tiered_pricing_minimum_quantity":null,"tiered_pricing_roles_data":[],"tiered_pricing_percentage_rules":[],"tiered_pricing_maximum_quantity":null,"tiered_pricing_quantity_step":null,"_links":{"self":[{"href":"https:\/\/partyinabox.dk\/party\/wp-json\/wp\/v2\/product\/75148","targetHints":{"allow":["GET"]}}],"collection":[{"href":"https:\/\/partyinabox.dk\/party\/wp-json\/wp\/v2\/product"}],"about":[{"href":"https:\/\/partyinabox.dk\/party\/wp-json\/wp\/v2\/types\/product"}],"wp:featuredmedia":[{"embeddable":true,"href":"https:\/\/partyinabox.dk\/party\/wp-json\/wp\/v2\/media\/75149"}],"wp:attachment":[{"href":"https:\/\/partyinabox.dk\/party\/wp-json\/wp\/v2\/media?parent=75148"}],"wp:term":[{"taxonomy":"product_brand","embeddable":true,"href":"https:\/\/partyinabox.dk\/party\/wp-json\/wp\/v2\/product_brand?post=75148"},{"taxonomy":"product_cat","embeddable":true,"href":"https:\/\/partyinabox.dk\/party\/wp-json\/wp\/v2\/product_cat?post=75148"},{"taxonomy":"product_tag","embeddable":true,"href":"https:\/\/partyinabox.dk\/party\/wp-json\/wp\/v2\/product_tag?post=75148"}],"curies":[{"name":"wp","href":"https:\/\/api.w.org\/{rel}","templated":true}]}}