{"id":75129,"date":"2024-11-13T00:00:00","date_gmt":"2024-11-12T23:00:00","guid":{"rendered":"https:\/\/partyinabox.dk\/party\/vare\/dansk-jul-servietter\/"},"modified":"2026-04-02T03:33:49","modified_gmt":"2026-04-02T01:33:49","slug":"dansk-jul-servietter","status":"publish","type":"product","link":"https:\/\/partyinabox.dk\/party\/vare\/dansk-jul-servietter\/","title":{"rendered":"Dansk jul serviet"},"content":{"rendered":"<p>Skab den perfekte danske julestemning med disse traditionelle frokostservietter i r\u00f8d med grangren, flettet julehjerte og dannebrogsflag.<\/p>\n<p>De kvadratiske servietter har et smukt nordisk design p\u00e5 r\u00f8d baggrund. Motivet viser en elegant grangren med kogle, pyntet med et klassisk flettet julehjerte og et dannebrogsflag i harmoniske farver.<\/p>\n<p><i>Tip: Kombiner servietterne med messingbestik for et ekstra festligt julebord.<\/i><\/p>\n<p>Indhold: 20 stk. \/ M\u00e5l: 33 x 33 cm (udfoldet), 16,5 x 16,5 cm (foldet)<\/p>\n","protected":false},"excerpt":{"rendered":"<p>Skab den perfekte danske julestemning med disse traditionelle frokostservietter i r\u00f8d med grangren, flettet julehjerte og dannebrogsflag. De kvadratiske servietter har et smukt nordisk design p\u00e5 r\u00f8d baggrund. Motivet viser en elegant grangren med kogle, pyntet med et klassisk flettet [&hellip;]<\/p>\n","protected":false},"featured_media":75130,"template":"","meta":{"_acf_changed":false},"product_brand":[],"product_cat":[32],"product_tag":[],"class_list":{"0":"post-75129","1":"product","2":"type-product","3":"status-publish","4":"has-post-thumbnail","6":"product_cat-service","7":"pa_item-color-hvid","8":"pa_item-color-roed","9":"pa_item-group-bordservice","10":"pa_item-subgroup-servietter","11":"pa_pakken-indeholder-20-stk-frokostservietter","12":"pa_tema_tax-countries","13":"pa_under-tema-denmark","15":"first","16":"instock","17":"taxable","18":"shipping-taxable","19":"purchasable","20":"product-type-simple"},"bundled_by":[],"bundle_stock_status":"instock","bundle_stock_quantity":2,"bundle_virtual":false,"bundle_layout":"","bundle_add_to_cart_form_location":"","bundle_editable_in_cart":false,"bundle_sold_individually_context":"","bundle_item_grouping":"","bundle_min_size":"","bundle_max_size":"","bundle_price":[],"bundled_items":[],"bundle_sell_ids":[],"acf":[],"tiered_pricing_type":"fixed","tiered_pricing_fixed_rules":[],"tiered_pricing_product_settings":{"layout":"default","base_unit_name":{"singular":null,"plural":null},"default_variation":null},"tiered_pricing_minimum_quantity":null,"tiered_pricing_roles_data":[],"tiered_pricing_percentage_rules":[],"tiered_pricing_maximum_quantity":null,"tiered_pricing_quantity_step":null,"_links":{"self":[{"href":"https:\/\/partyinabox.dk\/party\/wp-json\/wp\/v2\/product\/75129","targetHints":{"allow":["GET"]}}],"collection":[{"href":"https:\/\/partyinabox.dk\/party\/wp-json\/wp\/v2\/product"}],"about":[{"href":"https:\/\/partyinabox.dk\/party\/wp-json\/wp\/v2\/types\/product"}],"wp:featuredmedia":[{"embeddable":true,"href":"https:\/\/partyinabox.dk\/party\/wp-json\/wp\/v2\/media\/75130"}],"wp:attachment":[{"href":"https:\/\/partyinabox.dk\/party\/wp-json\/wp\/v2\/media?parent=75129"}],"wp:term":[{"taxonomy":"product_brand","embeddable":true,"href":"https:\/\/partyinabox.dk\/party\/wp-json\/wp\/v2\/product_brand?post=75129"},{"taxonomy":"product_cat","embeddable":true,"href":"https:\/\/partyinabox.dk\/party\/wp-json\/wp\/v2\/product_cat?post=75129"},{"taxonomy":"product_tag","embeddable":true,"href":"https:\/\/partyinabox.dk\/party\/wp-json\/wp\/v2\/product_tag?post=75129"}],"curies":[{"name":"wp","href":"https:\/\/api.w.org\/{rel}","templated":true}]}}