{"id":74969,"date":"2024-12-06T00:00:00","date_gmt":"2024-12-05T23:00:00","guid":{"rendered":"https:\/\/partyinabox.dk\/party\/?post_type=product&#038;p=74969"},"modified":"2026-03-16T09:24:21","modified_gmt":"2026-03-16T08:24:21","slug":"nytaar-falske-tatoveringer","status":"publish","type":"product","link":"https:\/\/partyinabox.dk\/party\/vare\/nytaar-falske-tatoveringer\/","title":{"rendered":"Nyt\u00e5r falske tatoveringer"},"content":{"rendered":"<p>Nyt\u00e5rs aften ekstra magisk med festlige midlertidige tatoveringer i smukke nyt\u00e5rs motiver. Disse hudvenlige tatoveringer skaber gl\u00e6de og latter, b\u00e5de hos store og sm\u00e5<\/p>\n<p>Nem p\u00e5f\u00f8ring med vand og svamp &#8211; og lige s\u00e5 let at fjerne igen med s\u00e6be og vand. Perfekt til nyt\u00e5rs aften, som ekstra udsmykning til dit look<\/p>\n<p><i>Alle tatoveringer er hudvenlige og holder 2-3 dage ved normal brug.<\/i><\/p>\n<p>Indhold: 10 forskellige julemotiver \/ M\u00e5l: 5 x 5 cm per tatovering<\/p>\n","protected":false},"excerpt":{"rendered":"<p>Nyt\u00e5rs aften ekstra magisk med festlige midlertidige tatoveringer i smukke nyt\u00e5rs motiver. Disse hudvenlige tatoveringer skaber gl\u00e6de og latter, b\u00e5de hos store og sm\u00e5 Nem p\u00e5f\u00f8ring med vand og svamp &#8211; og lige s\u00e5 let at fjerne igen med s\u00e6be [&hellip;]<\/p>\n","protected":false},"featured_media":74970,"template":"","meta":{"_acf_changed":false},"product_brand":[],"product_cat":[34],"product_tag":[],"class_list":{"0":"post-74969","1":"product","2":"type-product","3":"status-publish","4":"has-post-thumbnail","6":"product_cat-accessories","7":"pa_item-color-multi","8":"pa_item-group-dekoration","9":"pa_item-subgroup-julepynt","10":"pa_pakken-indeholder-13-stk-midlertidige-tatoveringer","11":"pa_tema_tax-christmas","12":"pa_under-tema-christmas-miscellaneous","14":"first","15":"outofstock","16":"taxable","17":"shipping-taxable","18":"purchasable","19":"product-type-simple"},"bundled_by":[],"bundle_stock_status":"outofstock","bundle_stock_quantity":0,"bundle_virtual":false,"bundle_layout":"","bundle_add_to_cart_form_location":"","bundle_editable_in_cart":false,"bundle_sold_individually_context":"","bundle_item_grouping":"","bundle_min_size":"","bundle_max_size":"","bundle_price":[],"bundled_items":[],"bundle_sell_ids":[],"acf":[],"tiered_pricing_type":"fixed","tiered_pricing_fixed_rules":[],"tiered_pricing_product_settings":{"layout":"default","base_unit_name":{"singular":null,"plural":null},"default_variation":null},"tiered_pricing_minimum_quantity":null,"tiered_pricing_roles_data":[],"tiered_pricing_percentage_rules":[],"tiered_pricing_maximum_quantity":null,"tiered_pricing_quantity_step":null,"_links":{"self":[{"href":"https:\/\/partyinabox.dk\/party\/wp-json\/wp\/v2\/product\/74969","targetHints":{"allow":["GET"]}}],"collection":[{"href":"https:\/\/partyinabox.dk\/party\/wp-json\/wp\/v2\/product"}],"about":[{"href":"https:\/\/partyinabox.dk\/party\/wp-json\/wp\/v2\/types\/product"}],"wp:featuredmedia":[{"embeddable":true,"href":"https:\/\/partyinabox.dk\/party\/wp-json\/wp\/v2\/media\/74970"}],"wp:attachment":[{"href":"https:\/\/partyinabox.dk\/party\/wp-json\/wp\/v2\/media?parent=74969"}],"wp:term":[{"taxonomy":"product_brand","embeddable":true,"href":"https:\/\/partyinabox.dk\/party\/wp-json\/wp\/v2\/product_brand?post=74969"},{"taxonomy":"product_cat","embeddable":true,"href":"https:\/\/partyinabox.dk\/party\/wp-json\/wp\/v2\/product_cat?post=74969"},{"taxonomy":"product_tag","embeddable":true,"href":"https:\/\/partyinabox.dk\/party\/wp-json\/wp\/v2\/product_tag?post=74969"}],"curies":[{"name":"wp","href":"https:\/\/api.w.org\/{rel}","templated":true}]}}