{"id":74818,"date":"2024-11-07T14:51:48","date_gmt":"2024-11-07T13:51:48","guid":{"rendered":"https:\/\/partyinabox.dk\/party\/?post_type=product&#038;p=74818"},"modified":"2026-03-24T12:59:36","modified_gmt":"2026-03-24T11:59:36","slug":"lysestage-glasvase","status":"publish","type":"product","link":"https:\/\/partyinabox.dk\/party\/vare\/lysestage-glasvase\/","title":{"rendered":"Lysestage glasvase"},"content":{"rendered":"<p>Med denne lysestage kan du s\u00e6tte dit helt eget pr\u00e6g p\u00e5 festen. Put ting i glasset som passer til festens tema eller brug den i hjemmet og fyld ting i fra \u00e5rstiden. S\u00e5 denne vase er ikke kun til alle \u00e5rets fester men kan uden for fest s\u00e6sonen bruges som interi\u00f8rer i dit hjem.<\/p>\n","protected":false},"excerpt":{"rendered":"<p>Med denne lysestage kan du s\u00e6tte dit helt eget pr\u00e6g p\u00e5 festen. Put ting i glasset som passer til festens tema eller brug den i hjemmet og fyld ting i fra \u00e5rstiden. S\u00e5 denne vase er ikke kun til alle [&hellip;]<\/p>\n","protected":false},"featured_media":74819,"template":"","meta":{"_acf_changed":false},"product_brand":[],"product_cat":[32],"product_tag":[],"class_list":{"0":"post-74818","1":"product","2":"type-product","3":"status-publish","4":"has-post-thumbnail","6":"product_cat-service","8":"first","9":"instock","10":"taxable","11":"shipping-taxable","12":"purchasable","13":"product-type-simple"},"bundled_by":[],"bundle_stock_status":"instock","bundle_stock_quantity":23,"bundle_virtual":false,"bundle_layout":"","bundle_add_to_cart_form_location":"","bundle_editable_in_cart":false,"bundle_sold_individually_context":"","bundle_item_grouping":"","bundle_min_size":"","bundle_max_size":"","bundle_price":[],"bundled_items":[],"bundle_sell_ids":[],"acf":[],"tiered_pricing_type":"fixed","tiered_pricing_fixed_rules":[],"tiered_pricing_product_settings":{"layout":"default","base_unit_name":{"singular":null,"plural":null},"default_variation":null},"tiered_pricing_minimum_quantity":null,"tiered_pricing_roles_data":[],"tiered_pricing_percentage_rules":[],"tiered_pricing_maximum_quantity":null,"tiered_pricing_quantity_step":null,"_links":{"self":[{"href":"https:\/\/partyinabox.dk\/party\/wp-json\/wp\/v2\/product\/74818","targetHints":{"allow":["GET"]}}],"collection":[{"href":"https:\/\/partyinabox.dk\/party\/wp-json\/wp\/v2\/product"}],"about":[{"href":"https:\/\/partyinabox.dk\/party\/wp-json\/wp\/v2\/types\/product"}],"wp:featuredmedia":[{"embeddable":true,"href":"https:\/\/partyinabox.dk\/party\/wp-json\/wp\/v2\/media\/74819"}],"wp:attachment":[{"href":"https:\/\/partyinabox.dk\/party\/wp-json\/wp\/v2\/media?parent=74818"}],"wp:term":[{"taxonomy":"product_brand","embeddable":true,"href":"https:\/\/partyinabox.dk\/party\/wp-json\/wp\/v2\/product_brand?post=74818"},{"taxonomy":"product_cat","embeddable":true,"href":"https:\/\/partyinabox.dk\/party\/wp-json\/wp\/v2\/product_cat?post=74818"},{"taxonomy":"product_tag","embeddable":true,"href":"https:\/\/partyinabox.dk\/party\/wp-json\/wp\/v2\/product_tag?post=74818"}],"curies":[{"name":"wp","href":"https:\/\/api.w.org\/{rel}","templated":true}]}}