{"id":74164,"date":"2024-10-29T15:21:00","date_gmt":"2024-10-29T14:21:00","guid":{"rendered":"https:\/\/partyinabox.dk\/party\/vare\/lyseblaa-babysko\/"},"modified":"2026-04-21T17:55:15","modified_gmt":"2026-04-21T15:55:15","slug":"lyseblaa-babysko","status":"publish","type":"product","link":"https:\/\/partyinabox.dk\/party\/vare\/lyseblaa-babysko\/","title":{"rendered":"Lysebl\u00e5 babysko m\/sl\u00f8jfe"},"content":{"rendered":"<p>Skab stemningsfulde borddekorationer med disse s\u00f8de babysko i lysebl\u00e5. De fine sko med hvide satinb\u00e5nd er perfekte til babyshower eller barned\u00e5b, hvor de kan bruges som sm\u00e5 beholdere til konfetti eller s\u00f8de sager.<\/p>\n<p>De lysebl\u00e5 sko er fremstillet i et smukt tekstilmateriale og prydet med hvide satinb\u00e5nd, som giver et elegant touch. Brug dem som en del af borddekorationen eller placer dem ved hver kuvert som en fin detalje.<\/p>\n<p>Indhold: 2 stk. \/ M\u00e5l: 8,5 x 4,5 cm<\/p>\n","protected":false},"excerpt":{"rendered":"<p>Skab stemningsfulde borddekorationer med disse s\u00f8de babysko i lysebl\u00e5. De fine sko med hvide satinb\u00e5nd er perfekte til babyshower eller barned\u00e5b, hvor de kan bruges som sm\u00e5 beholdere til konfetti eller s\u00f8de sager. De lysebl\u00e5 sko er fremstillet i et [&hellip;]<\/p>\n","protected":false},"featured_media":74165,"template":"","meta":{"_acf_changed":false},"product_brand":[],"product_cat":[19],"product_tag":[],"class_list":{"0":"post-74164","1":"product","2":"type-product","3":"status-publish","4":"has-post-thumbnail","6":"product_cat-pynt","7":"pa_item-color-lyseblaa","8":"pa_item-group-borddekoration","9":"pa_item-subgroup-centerpieces","10":"pa_pakken-indeholder-2-stk-babysko","11":"pa_tema_tax-occasions","12":"pa_under-tema-babyshower","14":"first","15":"instock","16":"taxable","17":"shipping-taxable","18":"purchasable","19":"product-type-simple"},"bundled_by":[],"bundle_stock_status":"instock","bundle_stock_quantity":1,"bundle_virtual":false,"bundle_layout":"","bundle_add_to_cart_form_location":"","bundle_editable_in_cart":false,"bundle_sold_individually_context":"","bundle_item_grouping":"","bundle_min_size":"","bundle_max_size":"","bundle_price":[],"bundled_items":[],"bundle_sell_ids":[],"acf":[],"tiered_pricing_type":"fixed","tiered_pricing_fixed_rules":[],"tiered_pricing_product_settings":{"layout":"default","base_unit_name":{"singular":null,"plural":null},"default_variation":null},"tiered_pricing_minimum_quantity":null,"tiered_pricing_roles_data":[],"tiered_pricing_percentage_rules":[],"tiered_pricing_maximum_quantity":null,"tiered_pricing_quantity_step":null,"_links":{"self":[{"href":"https:\/\/partyinabox.dk\/party\/wp-json\/wp\/v2\/product\/74164","targetHints":{"allow":["GET"]}}],"collection":[{"href":"https:\/\/partyinabox.dk\/party\/wp-json\/wp\/v2\/product"}],"about":[{"href":"https:\/\/partyinabox.dk\/party\/wp-json\/wp\/v2\/types\/product"}],"wp:featuredmedia":[{"embeddable":true,"href":"https:\/\/partyinabox.dk\/party\/wp-json\/wp\/v2\/media\/74165"}],"wp:attachment":[{"href":"https:\/\/partyinabox.dk\/party\/wp-json\/wp\/v2\/media?parent=74164"}],"wp:term":[{"taxonomy":"product_brand","embeddable":true,"href":"https:\/\/partyinabox.dk\/party\/wp-json\/wp\/v2\/product_brand?post=74164"},{"taxonomy":"product_cat","embeddable":true,"href":"https:\/\/partyinabox.dk\/party\/wp-json\/wp\/v2\/product_cat?post=74164"},{"taxonomy":"product_tag","embeddable":true,"href":"https:\/\/partyinabox.dk\/party\/wp-json\/wp\/v2\/product_tag?post=74164"}],"curies":[{"name":"wp","href":"https:\/\/api.w.org\/{rel}","templated":true}]}}