{"id":74091,"date":"2024-10-29T15:20:35","date_gmt":"2024-10-29T14:20:35","guid":{"rendered":"https:\/\/partyinabox.dk\/party\/vare\/hvid-rose-dekoration\/"},"modified":"2026-04-15T03:32:21","modified_gmt":"2026-04-15T01:32:21","slug":"hvid-rose-dekoration","status":"publish","type":"product","link":"https:\/\/partyinabox.dk\/party\/vare\/hvid-rose-dekoration\/","title":{"rendered":"Hvid blomst dekoration"},"content":{"rendered":"<p>Skab romantiske og tidl\u00f8se dekorationer med disse elegante kunstige roser i vintage-stil. De cremehvide rosers fyldige kronblade og klassiske form giver et sofistikeret udtryk til b\u00e5de bryllupsdekorationer og kreative projekter.<\/p>\n<p>De naturtro roser er perfekte til borddekorationer, kransbinding eller som pynt p\u00e5 gaveindpakning. Blomsterhovederne kan ogs\u00e5 bruges kreativt i scrapbooking eller som del af v\u00e6gdekorationer.<\/p>\n<p>Indhold: 4 stk. \/ M\u00e5l: 9 x 7 cm per rose<\/p>\n","protected":false},"excerpt":{"rendered":"<p>Skab romantiske og tidl\u00f8se dekorationer med disse elegante kunstige roser i vintage-stil. De cremehvide rosers fyldige kronblade og klassiske form giver et sofistikeret udtryk til b\u00e5de bryllupsdekorationer og kreative projekter. De naturtro roser er perfekte til borddekorationer, kransbinding eller som [&hellip;]<\/p>\n","protected":false},"featured_media":74093,"template":"","meta":{"_acf_changed":false},"product_brand":[],"product_cat":[19,32],"product_tag":[],"class_list":{"0":"post-74091","1":"product","2":"type-product","3":"status-publish","4":"has-post-thumbnail","6":"product_cat-pynt","7":"product_cat-service","8":"pa_item-color-hvid","9":"pa_item-group-stof-diy","10":"pa_item-subgroup-kunstige-blomster","11":"pa_pakken-indeholder-4-stk-roser","12":"pa_tema_tax-nature","13":"pa_under-tema-flower","15":"first","16":"outofstock","17":"taxable","18":"shipping-taxable","19":"purchasable","20":"product-type-simple"},"bundled_by":[],"bundle_stock_status":"outofstock","bundle_stock_quantity":0,"bundle_virtual":false,"bundle_layout":"","bundle_add_to_cart_form_location":"","bundle_editable_in_cart":false,"bundle_sold_individually_context":"","bundle_item_grouping":"","bundle_min_size":"","bundle_max_size":"","bundle_price":[],"bundled_items":[],"bundle_sell_ids":[],"acf":[],"tiered_pricing_type":"fixed","tiered_pricing_fixed_rules":[],"tiered_pricing_product_settings":{"layout":"default","base_unit_name":{"singular":null,"plural":null},"default_variation":null},"tiered_pricing_minimum_quantity":null,"tiered_pricing_roles_data":[],"tiered_pricing_percentage_rules":[],"tiered_pricing_maximum_quantity":null,"tiered_pricing_quantity_step":null,"_links":{"self":[{"href":"https:\/\/partyinabox.dk\/party\/wp-json\/wp\/v2\/product\/74091","targetHints":{"allow":["GET"]}}],"collection":[{"href":"https:\/\/partyinabox.dk\/party\/wp-json\/wp\/v2\/product"}],"about":[{"href":"https:\/\/partyinabox.dk\/party\/wp-json\/wp\/v2\/types\/product"}],"wp:featuredmedia":[{"embeddable":true,"href":"https:\/\/partyinabox.dk\/party\/wp-json\/wp\/v2\/media\/74093"}],"wp:attachment":[{"href":"https:\/\/partyinabox.dk\/party\/wp-json\/wp\/v2\/media?parent=74091"}],"wp:term":[{"taxonomy":"product_brand","embeddable":true,"href":"https:\/\/partyinabox.dk\/party\/wp-json\/wp\/v2\/product_brand?post=74091"},{"taxonomy":"product_cat","embeddable":true,"href":"https:\/\/partyinabox.dk\/party\/wp-json\/wp\/v2\/product_cat?post=74091"},{"taxonomy":"product_tag","embeddable":true,"href":"https:\/\/partyinabox.dk\/party\/wp-json\/wp\/v2\/product_tag?post=74091"}],"curies":[{"name":"wp","href":"https:\/\/api.w.org\/{rel}","templated":true}]}}