{"id":74017,"date":"2024-10-29T15:20:12","date_gmt":"2024-10-29T14:20:12","guid":{"rendered":"https:\/\/partyinabox.dk\/party\/vare\/moerkeblaa-aeske\/"},"modified":"2026-04-26T18:53:10","modified_gmt":"2026-04-26T16:53:10","slug":"moerkeblaa-aeske","status":"publish","type":"product","link":"https:\/\/partyinabox.dk\/party\/vare\/moerkeblaa-aeske\/","title":{"rendered":"\u00c6ske m\u00f8rkebl\u00e5"},"content":{"rendered":"<p>G\u00f8r din fest ekstra elegant med disse fine marinebl\u00e5 \u00e6sker. De afrundede former og den dybe bl\u00e5 farve skaber et stilfuldt udtryk, der passer perfekt til konfirmation, runde f\u00f8dselsdage og enhver festlig lejlighed.<\/p>\n<p>De fine \u00e6sker er ideelle til sm\u00e5 gaver, konfekt eller andre sm\u00e5 overraskelser. Den solide konstruktion og de bl\u00f8de kanter sikrer en flot pr\u00e6sentation.<\/p>\n<p><i>Tip: Brug \u00e6skerne som bordpynt med sm\u00e5 s\u00f8de overraskelser til dine g\u00e6ster eller som fine gave\u00e6sker til smykker og andre sm\u00e5 gaver.<\/i><\/p>\n<p>Indhold: 10 stk. \/ M\u00e5l: 5 x 7 cm<\/p>\n","protected":false},"excerpt":{"rendered":"<p>G\u00f8r din fest ekstra elegant med disse fine marinebl\u00e5 \u00e6sker. De afrundede former og den dybe bl\u00e5 farve skaber et stilfuldt udtryk, der passer perfekt til konfirmation, runde f\u00f8dselsdage og enhver festlig lejlighed. De fine \u00e6sker er ideelle til sm\u00e5 [&hellip;]<\/p>\n","protected":false},"featured_media":74018,"template":"","meta":{"_acf_changed":false},"product_brand":[],"product_cat":[19,34],"product_tag":[],"class_list":{"0":"post-74017","1":"product","2":"type-product","3":"status-publish","4":"has-post-thumbnail","6":"product_cat-pynt","7":"product_cat-accessories","8":"pa_item-color-blaa","9":"pa_item-group-festtilbehoer","10":"pa_item-subgroup-aesker","11":"pa_pakken-indeholder-10-stk-aesker","12":"pa_tema_tax-colour-themes","13":"pa_under-tema-blue-theme","15":"first","16":"instock","17":"taxable","18":"shipping-taxable","19":"purchasable","20":"product-type-simple"},"bundled_by":[],"bundle_stock_status":"instock","bundle_stock_quantity":72,"bundle_virtual":false,"bundle_layout":"","bundle_add_to_cart_form_location":"","bundle_editable_in_cart":false,"bundle_sold_individually_context":"","bundle_item_grouping":"","bundle_min_size":"","bundle_max_size":"","bundle_price":[],"bundled_items":[],"bundle_sell_ids":[],"acf":[],"tiered_pricing_type":"fixed","tiered_pricing_fixed_rules":[],"tiered_pricing_product_settings":{"layout":"default","base_unit_name":{"singular":null,"plural":null},"default_variation":null},"tiered_pricing_minimum_quantity":null,"tiered_pricing_roles_data":[],"tiered_pricing_percentage_rules":[],"tiered_pricing_maximum_quantity":null,"tiered_pricing_quantity_step":null,"_links":{"self":[{"href":"https:\/\/partyinabox.dk\/party\/wp-json\/wp\/v2\/product\/74017","targetHints":{"allow":["GET"]}}],"collection":[{"href":"https:\/\/partyinabox.dk\/party\/wp-json\/wp\/v2\/product"}],"about":[{"href":"https:\/\/partyinabox.dk\/party\/wp-json\/wp\/v2\/types\/product"}],"wp:featuredmedia":[{"embeddable":true,"href":"https:\/\/partyinabox.dk\/party\/wp-json\/wp\/v2\/media\/74018"}],"wp:attachment":[{"href":"https:\/\/partyinabox.dk\/party\/wp-json\/wp\/v2\/media?parent=74017"}],"wp:term":[{"taxonomy":"product_brand","embeddable":true,"href":"https:\/\/partyinabox.dk\/party\/wp-json\/wp\/v2\/product_brand?post=74017"},{"taxonomy":"product_cat","embeddable":true,"href":"https:\/\/partyinabox.dk\/party\/wp-json\/wp\/v2\/product_cat?post=74017"},{"taxonomy":"product_tag","embeddable":true,"href":"https:\/\/partyinabox.dk\/party\/wp-json\/wp\/v2\/product_tag?post=74017"}],"curies":[{"name":"wp","href":"https:\/\/api.w.org\/{rel}","templated":true}]}}