{"id":74006,"date":"2024-10-29T15:20:12","date_gmt":"2024-10-29T14:20:12","guid":{"rendered":"https:\/\/partyinabox.dk\/party\/vare\/hvid-gul-ballonguirlande-med-margurit\/"},"modified":"2026-04-22T03:34:04","modified_gmt":"2026-04-22T01:34:04","slug":"hvid-gul-ballonguirlande-med-margurit","status":"publish","type":"product","link":"https:\/\/partyinabox.dk\/party\/vare\/hvid-gul-ballonguirlande-med-margurit\/","title":{"rendered":"Ballonguirlande med marguerit hvid\/gul"},"content":{"rendered":"<p>Skab en naturlig og indbydende stemning med denne smukke ballonbue inspireret af for\u00e5rets margueritter. Den elegante kombination af hvide, lysegule og gule balloner danner en harmonisk bue, der bliver et smukt blikfang til enhver festlig anledning.<\/p>\n<p>Den nemme ballonbue best\u00e5r af 98 latex-balloner i forskellige st\u00f8rrelser, hvor enkelte balloner er formet som s\u00f8de marguerit-blomster. Perfekt til havefester, bryllupper, konfirmation eller n\u00e5r du vil tilf\u00f8je et strejf af for\u00e5r til din fest.<\/p>\n<p><i>Tip: Placer buen ved indgangen, bag dessertbordet eller som en flot fotobaggrund.<\/i><\/p>\n<p>Ingen hi-float eller helium<\/p>\n<p>Indhold: 98 stk. balloner i hvid, lysegul og gul<\/p>\n","protected":false},"excerpt":{"rendered":"<p>Skab en naturlig og indbydende stemning med denne smukke ballonbue inspireret af for\u00e5rets margueritter. Den elegante kombination af hvide, lysegule og gule balloner danner en harmonisk bue, der bliver et smukt blikfang til enhver festlig anledning. Den nemme ballonbue best\u00e5r [&hellip;]<\/p>\n","protected":false},"featured_media":74007,"template":"","meta":{"_acf_changed":false},"product_brand":[],"product_cat":[30],"product_tag":[],"class_list":{"0":"post-74006","1":"product","2":"type-product","3":"status-publish","4":"has-post-thumbnail","6":"product_cat-balloner","7":"pa_item-color-gul","8":"pa_item-color-hvid","9":"pa_item-group-balloner","10":"pa_item-subgroup-ballonbue","11":"pa_pakken-indeholder-ballonbue-98-stk-balloner","12":"pa_tema_tax-nature","13":"pa_under-tema-flower","15":"first","16":"instock","17":"taxable","18":"shipping-taxable","19":"purchasable","20":"product-type-simple"},"bundled_by":[],"bundle_stock_status":"instock","bundle_stock_quantity":4,"bundle_virtual":false,"bundle_layout":"","bundle_add_to_cart_form_location":"","bundle_editable_in_cart":false,"bundle_sold_individually_context":"","bundle_item_grouping":"","bundle_min_size":"","bundle_max_size":"","bundle_price":[],"bundled_items":[],"bundle_sell_ids":[],"acf":[],"tiered_pricing_type":"fixed","tiered_pricing_fixed_rules":[],"tiered_pricing_product_settings":{"layout":"default","base_unit_name":{"singular":null,"plural":null},"default_variation":null},"tiered_pricing_minimum_quantity":null,"tiered_pricing_roles_data":[],"tiered_pricing_percentage_rules":[],"tiered_pricing_maximum_quantity":null,"tiered_pricing_quantity_step":null,"_links":{"self":[{"href":"https:\/\/partyinabox.dk\/party\/wp-json\/wp\/v2\/product\/74006","targetHints":{"allow":["GET"]}}],"collection":[{"href":"https:\/\/partyinabox.dk\/party\/wp-json\/wp\/v2\/product"}],"about":[{"href":"https:\/\/partyinabox.dk\/party\/wp-json\/wp\/v2\/types\/product"}],"wp:featuredmedia":[{"embeddable":true,"href":"https:\/\/partyinabox.dk\/party\/wp-json\/wp\/v2\/media\/74007"}],"wp:attachment":[{"href":"https:\/\/partyinabox.dk\/party\/wp-json\/wp\/v2\/media?parent=74006"}],"wp:term":[{"taxonomy":"product_brand","embeddable":true,"href":"https:\/\/partyinabox.dk\/party\/wp-json\/wp\/v2\/product_brand?post=74006"},{"taxonomy":"product_cat","embeddable":true,"href":"https:\/\/partyinabox.dk\/party\/wp-json\/wp\/v2\/product_cat?post=74006"},{"taxonomy":"product_tag","embeddable":true,"href":"https:\/\/partyinabox.dk\/party\/wp-json\/wp\/v2\/product_tag?post=74006"}],"curies":[{"name":"wp","href":"https:\/\/api.w.org\/{rel}","templated":true}]}}