{"id":73992,"date":"2024-10-29T15:20:12","date_gmt":"2024-10-29T14:20:12","guid":{"rendered":"https:\/\/partyinabox.dk\/party\/vare\/rosa-sugeroer-m-havfrue\/"},"modified":"2026-04-17T18:07:19","modified_gmt":"2026-04-17T16:07:19","slug":"rosa-sugeroer-m-havfrue","status":"publish","type":"product","link":"https:\/\/partyinabox.dk\/party\/vare\/rosa-sugeroer-m-havfrue\/","title":{"rendered":"Suger\u00f8r m\/havfruehale rosa"},"content":{"rendered":"<p>G\u00f8r din havfruefest magisk med disse smukke suger\u00f8r i pastellyse farver. De skinnende havfruedetaljer og det elegante guldsk\u00e6r skaber en eventyrlig stemning til enhver drink.<\/p>\n<p>Hvert suger\u00f8r er prydet med en fin havfrue detalje i skinnende pastelfarver og guld. <i>De lange suger\u00f8r er perfekte til b\u00e5de h\u00f8je glas og cocktails.<\/i><\/p>\n<p>Brug suger\u00f8rene til havfruefester, pool parties, under vandet tema eller n\u00e5r du vil give dine drikkevarer et ekstra strejf af magi.<\/p>\n<p>Indhold: 12 stk. \/ L\u00e6ngde: 19,5 cm<\/p>\n","protected":false},"excerpt":{"rendered":"<p>G\u00f8r din havfruefest magisk med disse smukke suger\u00f8r i pastellyse farver. De skinnende havfruedetaljer og det elegante guldsk\u00e6r skaber en eventyrlig stemning til enhver drink. Hvert suger\u00f8r er prydet med en fin havfrue detalje i skinnende pastelfarver og guld. De [&hellip;]<\/p>\n","protected":false},"featured_media":73993,"template":"","meta":{"_acf_changed":false},"product_brand":[],"product_cat":[32],"product_tag":[],"class_list":{"0":"post-73992","1":"product","2":"type-product","3":"status-publish","4":"has-post-thumbnail","6":"product_cat-service","7":"pa_item-color-lyseroed","8":"pa_item-group-bordservice","9":"pa_item-subgroup-sugeroer","10":"pa_pakken-indeholder-12-stk-sugeroer","11":"pa_tema_tax-fantasy-fairytale","12":"pa_under-tema-mermaid","14":"first","15":"instock","16":"taxable","17":"shipping-taxable","18":"purchasable","19":"product-type-simple"},"bundled_by":[],"bundle_stock_status":"instock","bundle_stock_quantity":110,"bundle_virtual":false,"bundle_layout":"","bundle_add_to_cart_form_location":"","bundle_editable_in_cart":false,"bundle_sold_individually_context":"","bundle_item_grouping":"","bundle_min_size":"","bundle_max_size":"","bundle_price":[],"bundled_items":[],"bundle_sell_ids":[],"acf":[],"tiered_pricing_type":"fixed","tiered_pricing_fixed_rules":[],"tiered_pricing_product_settings":{"layout":"default","base_unit_name":{"singular":null,"plural":null},"default_variation":null},"tiered_pricing_minimum_quantity":null,"tiered_pricing_roles_data":[],"tiered_pricing_percentage_rules":[],"tiered_pricing_maximum_quantity":null,"tiered_pricing_quantity_step":null,"_links":{"self":[{"href":"https:\/\/partyinabox.dk\/party\/wp-json\/wp\/v2\/product\/73992","targetHints":{"allow":["GET"]}}],"collection":[{"href":"https:\/\/partyinabox.dk\/party\/wp-json\/wp\/v2\/product"}],"about":[{"href":"https:\/\/partyinabox.dk\/party\/wp-json\/wp\/v2\/types\/product"}],"wp:featuredmedia":[{"embeddable":true,"href":"https:\/\/partyinabox.dk\/party\/wp-json\/wp\/v2\/media\/73993"}],"wp:attachment":[{"href":"https:\/\/partyinabox.dk\/party\/wp-json\/wp\/v2\/media?parent=73992"}],"wp:term":[{"taxonomy":"product_brand","embeddable":true,"href":"https:\/\/partyinabox.dk\/party\/wp-json\/wp\/v2\/product_brand?post=73992"},{"taxonomy":"product_cat","embeddable":true,"href":"https:\/\/partyinabox.dk\/party\/wp-json\/wp\/v2\/product_cat?post=73992"},{"taxonomy":"product_tag","embeddable":true,"href":"https:\/\/partyinabox.dk\/party\/wp-json\/wp\/v2\/product_tag?post=73992"}],"curies":[{"name":"wp","href":"https:\/\/api.w.org\/{rel}","templated":true}]}}