{"id":73963,"date":"2024-10-29T15:20:12","date_gmt":"2024-10-29T14:20:12","guid":{"rendered":"https:\/\/partyinabox.dk\/party\/vare\/lyseblaa-papkop-m-snefnug\/"},"modified":"2026-04-17T10:17:10","modified_gmt":"2026-04-17T08:17:10","slug":"lyseblaa-papkop-m-snefnug","status":"publish","type":"product","link":"https:\/\/partyinabox.dk\/party\/vare\/lyseblaa-papkop-m-snefnug\/","title":{"rendered":"Snefnug papkop lysebl\u00e5"},"content":{"rendered":"<p>Skab den perfekte vinterstemning med elegante papkrus i isbl\u00e5 nuancer og s\u00f8lvfarvede snefnug. De stilrene krus med hvid kant fuldender enhver vinterfest, julereception eller Frozen f\u00f8dselsdagsfest det smukke design.<\/p>\n<p>De rummelige krus er ideelle til b\u00e5de varme og kolde drikke, og det fine snefnugsmotiv giver et strejf af vinterlig magi til enhver anledning.<\/p>\n<p>Indhold: 8 stk. \/ Kapacitet: 255 ml<\/p>\n","protected":false},"excerpt":{"rendered":"<p>Skab den perfekte vinterstemning med elegante papkrus i isbl\u00e5 nuancer og s\u00f8lvfarvede snefnug. De stilrene krus med hvid kant fuldender enhver vinterfest, julereception eller Frozen f\u00f8dselsdagsfest det smukke design. De rummelige krus er ideelle til b\u00e5de varme og kolde drikke, [&hellip;]<\/p>\n","protected":false},"featured_media":73964,"template":"","meta":{"_acf_changed":false},"product_brand":[],"product_cat":[32],"product_tag":[],"class_list":{"0":"post-73963","1":"product","2":"type-product","3":"status-publish","4":"has-post-thumbnail","6":"product_cat-service","7":"pa_item-color-blaa","8":"pa_item-color-soelv","9":"pa_item-group-bordservice","10":"pa_item-subgroup-krus","11":"pa_pakken-indeholder-8-stk-papkrus","12":"pa_tema_tax-christmas","13":"pa_under-tema-christmas-lunch","15":"first","16":"instock","17":"taxable","18":"shipping-taxable","19":"purchasable","20":"product-type-simple"},"bundled_by":[],"bundle_stock_status":"instock","bundle_stock_quantity":9,"bundle_virtual":false,"bundle_layout":"","bundle_add_to_cart_form_location":"","bundle_editable_in_cart":false,"bundle_sold_individually_context":"","bundle_item_grouping":"","bundle_min_size":"","bundle_max_size":"","bundle_price":[],"bundled_items":[],"bundle_sell_ids":[],"acf":[],"tiered_pricing_type":"fixed","tiered_pricing_fixed_rules":[],"tiered_pricing_product_settings":{"layout":"default","base_unit_name":{"singular":null,"plural":null},"default_variation":null},"tiered_pricing_minimum_quantity":null,"tiered_pricing_roles_data":[],"tiered_pricing_percentage_rules":[],"tiered_pricing_maximum_quantity":null,"tiered_pricing_quantity_step":null,"_links":{"self":[{"href":"https:\/\/partyinabox.dk\/party\/wp-json\/wp\/v2\/product\/73963","targetHints":{"allow":["GET"]}}],"collection":[{"href":"https:\/\/partyinabox.dk\/party\/wp-json\/wp\/v2\/product"}],"about":[{"href":"https:\/\/partyinabox.dk\/party\/wp-json\/wp\/v2\/types\/product"}],"wp:featuredmedia":[{"embeddable":true,"href":"https:\/\/partyinabox.dk\/party\/wp-json\/wp\/v2\/media\/73964"}],"wp:attachment":[{"href":"https:\/\/partyinabox.dk\/party\/wp-json\/wp\/v2\/media?parent=73963"}],"wp:term":[{"taxonomy":"product_brand","embeddable":true,"href":"https:\/\/partyinabox.dk\/party\/wp-json\/wp\/v2\/product_brand?post=73963"},{"taxonomy":"product_cat","embeddable":true,"href":"https:\/\/partyinabox.dk\/party\/wp-json\/wp\/v2\/product_cat?post=73963"},{"taxonomy":"product_tag","embeddable":true,"href":"https:\/\/partyinabox.dk\/party\/wp-json\/wp\/v2\/product_tag?post=73963"}],"curies":[{"name":"wp","href":"https:\/\/api.w.org\/{rel}","templated":true}]}}