{"id":73950,"date":"2024-10-29T15:19:42","date_gmt":"2024-10-29T14:19:42","guid":{"rendered":"https:\/\/partyinabox.dk\/party\/vare\/bamse-tallerken\/"},"modified":"2026-04-08T20:54:24","modified_gmt":"2026-04-08T18:54:24","slug":"bamse-tallerken","status":"publish","type":"product","link":"https:\/\/partyinabox.dk\/party\/vare\/bamse-tallerken\/","title":{"rendered":"Bamse tallerken"},"content":{"rendered":"<p>G\u00f8r barnets f\u00f8dselsdag eller babyshoweren ekstra s\u00f8d med disse s\u00f8de bamseformede tallerkener. Den creme farve med hvide detaljer og guldkant skaber en elegant og hyggelig stemning ved festbordet.<\/p>\n<p>Tallerkenerne har en praktisk st\u00f8rrelse til b\u00e5de hovedret og dessert. Den fine bamseform og de varme farver passer perfekt til enhver b\u00f8rnefest eller velkomstfest for den lille ny.<\/p>\n<p>Indhold: 8 stk. \/ M\u00e5l: 23 x 21,5 cm<\/p>\n","protected":false},"excerpt":{"rendered":"<p>G\u00f8r barnets f\u00f8dselsdag eller babyshoweren ekstra s\u00f8d med disse s\u00f8de bamseformede tallerkener. Den creme farve med hvide detaljer og guldkant skaber en elegant og hyggelig stemning ved festbordet. Tallerkenerne har en praktisk st\u00f8rrelse til b\u00e5de hovedret og dessert. Den fine [&hellip;]<\/p>\n","protected":false},"featured_media":73951,"template":"","meta":{"_acf_changed":false},"product_brand":[],"product_cat":[32],"product_tag":[],"class_list":{"0":"post-73950","1":"product","2":"type-product","3":"status-publish","4":"has-post-thumbnail","6":"product_cat-service","7":"pa_item-color-guld","8":"pa_item-color-beige","9":"pa_item-group-bordservice","10":"pa_item-subgroup-tallerkner","11":"pa_pakken-indeholder-8-stk-paptallerkener","12":"pa_tema_tax-occasions","13":"pa_under-tema-babyshower","15":"first","16":"instock","17":"taxable","18":"shipping-taxable","19":"purchasable","20":"product-type-simple"},"bundled_by":[],"bundle_stock_status":"instock","bundle_stock_quantity":22,"bundle_virtual":false,"bundle_layout":"","bundle_add_to_cart_form_location":"","bundle_editable_in_cart":false,"bundle_sold_individually_context":"","bundle_item_grouping":"","bundle_min_size":"","bundle_max_size":"","bundle_price":[],"bundled_items":[],"bundle_sell_ids":[],"acf":[],"tiered_pricing_type":"fixed","tiered_pricing_fixed_rules":[],"tiered_pricing_product_settings":{"layout":"default","base_unit_name":{"singular":null,"plural":null},"default_variation":null},"tiered_pricing_minimum_quantity":null,"tiered_pricing_roles_data":[],"tiered_pricing_percentage_rules":[],"tiered_pricing_maximum_quantity":null,"tiered_pricing_quantity_step":null,"_links":{"self":[{"href":"https:\/\/partyinabox.dk\/party\/wp-json\/wp\/v2\/product\/73950","targetHints":{"allow":["GET"]}}],"collection":[{"href":"https:\/\/partyinabox.dk\/party\/wp-json\/wp\/v2\/product"}],"about":[{"href":"https:\/\/partyinabox.dk\/party\/wp-json\/wp\/v2\/types\/product"}],"wp:featuredmedia":[{"embeddable":true,"href":"https:\/\/partyinabox.dk\/party\/wp-json\/wp\/v2\/media\/73951"}],"wp:attachment":[{"href":"https:\/\/partyinabox.dk\/party\/wp-json\/wp\/v2\/media?parent=73950"}],"wp:term":[{"taxonomy":"product_brand","embeddable":true,"href":"https:\/\/partyinabox.dk\/party\/wp-json\/wp\/v2\/product_brand?post=73950"},{"taxonomy":"product_cat","embeddable":true,"href":"https:\/\/partyinabox.dk\/party\/wp-json\/wp\/v2\/product_cat?post=73950"},{"taxonomy":"product_tag","embeddable":true,"href":"https:\/\/partyinabox.dk\/party\/wp-json\/wp\/v2\/product_tag?post=73950"}],"curies":[{"name":"wp","href":"https:\/\/api.w.org\/{rel}","templated":true}]}}