{"id":73940,"date":"2024-10-29T15:19:42","date_gmt":"2024-10-29T14:19:42","guid":{"rendered":"https:\/\/partyinabox.dk\/party\/vare\/snefnug-kagepynt\/"},"modified":"2026-04-16T11:45:59","modified_gmt":"2026-04-16T09:45:59","slug":"snefnug-kagepynt","status":"publish","type":"product","link":"https:\/\/partyinabox.dk\/party\/vare\/snefnug-kagepynt\/","title":{"rendered":"Snefnug kagepynt"},"content":{"rendered":"<p>G\u00f8r din vinter eller Frozen fest ekstra magisk med disse elegante snefnug p\u00e5 kagepinde. De s\u00f8lv- og isbl\u00e5 nuancer skaber straks den rette vinterstemning p\u00e5 dessertbordet, og som kagepynt.<\/p>\n<p>Hver kagepind prydes af et unikt snefnug i forskellige m\u00f8nstre, udf\u00f8rt i sarte pastelbl\u00e5 og s\u00f8lvfarvede toner. De lette snefnug er monteret p\u00e5 tynde tr\u00e6pinde, som nemt kan placeres i kager, cupcakes eller andre desserter.<\/p>\n<p><i>Tip: Brug kagepindene som det perfekte vinterpynt til alt fra nyt\u00e5rskager og isdesserter til julebagv\u00e6rk eller m\u00e5ske en Frozen f\u00f8dselsdags fest<\/i><\/p>\n<p>Indhold: 12 stk. \/ M\u00e5l: 8-9 cm<\/p>\n","protected":false},"excerpt":{"rendered":"<p>G\u00f8r din vinter eller Frozen fest ekstra magisk med disse elegante snefnug p\u00e5 kagepinde. De s\u00f8lv- og isbl\u00e5 nuancer skaber straks den rette vinterstemning p\u00e5 dessertbordet, og som kagepynt. Hver kagepind prydes af et unikt snefnug i forskellige m\u00f8nstre, udf\u00f8rt [&hellip;]<\/p>\n","protected":false},"featured_media":73941,"template":"","meta":{"_acf_changed":false},"product_brand":[],"product_cat":[33],"product_tag":[],"class_list":{"0":"post-73940","1":"product","2":"type-product","3":"status-publish","4":"has-post-thumbnail","6":"product_cat-til-kagen","7":"pa_item-color-soelv","8":"pa_item-group-kagetilbehoer","9":"pa_item-subgroup-kagepinde","10":"pa_pakken-indeholder-12-stk-kagepinde","11":"pa_tema_tax-christmas","12":"pa_under-tema-christmas-decorations","14":"first","15":"instock","16":"taxable","17":"shipping-taxable","18":"purchasable","19":"product-type-simple"},"bundled_by":[],"bundle_stock_status":"instock","bundle_stock_quantity":15,"bundle_virtual":false,"bundle_layout":"","bundle_add_to_cart_form_location":"","bundle_editable_in_cart":false,"bundle_sold_individually_context":"","bundle_item_grouping":"","bundle_min_size":"","bundle_max_size":"","bundle_price":[],"bundled_items":[],"bundle_sell_ids":[],"acf":[],"tiered_pricing_type":"fixed","tiered_pricing_fixed_rules":[],"tiered_pricing_product_settings":{"layout":"default","base_unit_name":{"singular":null,"plural":null},"default_variation":null},"tiered_pricing_minimum_quantity":null,"tiered_pricing_roles_data":[],"tiered_pricing_percentage_rules":[],"tiered_pricing_maximum_quantity":null,"tiered_pricing_quantity_step":null,"_links":{"self":[{"href":"https:\/\/partyinabox.dk\/party\/wp-json\/wp\/v2\/product\/73940","targetHints":{"allow":["GET"]}}],"collection":[{"href":"https:\/\/partyinabox.dk\/party\/wp-json\/wp\/v2\/product"}],"about":[{"href":"https:\/\/partyinabox.dk\/party\/wp-json\/wp\/v2\/types\/product"}],"wp:featuredmedia":[{"embeddable":true,"href":"https:\/\/partyinabox.dk\/party\/wp-json\/wp\/v2\/media\/73941"}],"wp:attachment":[{"href":"https:\/\/partyinabox.dk\/party\/wp-json\/wp\/v2\/media?parent=73940"}],"wp:term":[{"taxonomy":"product_brand","embeddable":true,"href":"https:\/\/partyinabox.dk\/party\/wp-json\/wp\/v2\/product_brand?post=73940"},{"taxonomy":"product_cat","embeddable":true,"href":"https:\/\/partyinabox.dk\/party\/wp-json\/wp\/v2\/product_cat?post=73940"},{"taxonomy":"product_tag","embeddable":true,"href":"https:\/\/partyinabox.dk\/party\/wp-json\/wp\/v2\/product_tag?post=73940"}],"curies":[{"name":"wp","href":"https:\/\/api.w.org\/{rel}","templated":true}]}}