{"id":73373,"date":"2024-10-24T12:06:44","date_gmt":"2024-10-24T10:06:44","guid":{"rendered":"https:\/\/partyinabox.dk\/party\/?post_type=product&#038;p=73373"},"modified":"2026-04-21T17:05:44","modified_gmt":"2026-04-21T15:05:44","slug":"hund-banner-guirlande-happy-birthday","status":"publish","type":"product","link":"https:\/\/partyinabox.dk\/party\/vare\/hund-banner-guirlande-happy-birthday\/","title":{"rendered":"Hund banner guirlande &#8221; Happy Birthday &#8220;"},"content":{"rendered":"<p>Flot hunde banner til f\u00f8dselsdag i lysebl\u00e5 farve med hvid skrift. Derudover er der s\u00f8de hunde og andre elementer lavet af papir, som pynter banneret.<\/p>\n<p>Indhold: 1 stk. \/ M\u00e5l: 210 cm<\/p>\n","protected":false},"excerpt":{"rendered":"<p>Flot hunde banner til f\u00f8dselsdag i lysebl\u00e5 farve med hvid skrift. Derudover er der s\u00f8de hunde og andre elementer lavet af papir, som pynter banneret. Indhold: 1 stk. \/ M\u00e5l: 210 cm<\/p>\n","protected":false},"featured_media":73376,"template":"","meta":{"_acf_changed":false},"product_brand":[],"product_cat":[19,31],"product_tag":[],"class_list":{"0":"post-73373","1":"product","2":"type-product","3":"status-publish","4":"has-post-thumbnail","6":"product_cat-pynt","7":"product_cat-til-loftet","9":"first","10":"instock","11":"taxable","12":"shipping-taxable","13":"purchasable","14":"product-type-simple"},"bundled_by":[],"bundle_stock_status":"instock","bundle_stock_quantity":62,"bundle_virtual":false,"bundle_layout":"","bundle_add_to_cart_form_location":"","bundle_editable_in_cart":false,"bundle_sold_individually_context":"","bundle_item_grouping":"","bundle_min_size":"","bundle_max_size":"","bundle_price":[],"bundled_items":[],"bundle_sell_ids":[],"acf":[],"tiered_pricing_type":"fixed","tiered_pricing_fixed_rules":[],"tiered_pricing_product_settings":{"layout":"default","base_unit_name":{"singular":null,"plural":null},"default_variation":null},"tiered_pricing_minimum_quantity":null,"tiered_pricing_roles_data":[],"tiered_pricing_percentage_rules":[],"tiered_pricing_maximum_quantity":null,"tiered_pricing_quantity_step":null,"_links":{"self":[{"href":"https:\/\/partyinabox.dk\/party\/wp-json\/wp\/v2\/product\/73373","targetHints":{"allow":["GET"]}}],"collection":[{"href":"https:\/\/partyinabox.dk\/party\/wp-json\/wp\/v2\/product"}],"about":[{"href":"https:\/\/partyinabox.dk\/party\/wp-json\/wp\/v2\/types\/product"}],"wp:featuredmedia":[{"embeddable":true,"href":"https:\/\/partyinabox.dk\/party\/wp-json\/wp\/v2\/media\/73376"}],"wp:attachment":[{"href":"https:\/\/partyinabox.dk\/party\/wp-json\/wp\/v2\/media?parent=73373"}],"wp:term":[{"taxonomy":"product_brand","embeddable":true,"href":"https:\/\/partyinabox.dk\/party\/wp-json\/wp\/v2\/product_brand?post=73373"},{"taxonomy":"product_cat","embeddable":true,"href":"https:\/\/partyinabox.dk\/party\/wp-json\/wp\/v2\/product_cat?post=73373"},{"taxonomy":"product_tag","embeddable":true,"href":"https:\/\/partyinabox.dk\/party\/wp-json\/wp\/v2\/product_tag?post=73373"}],"curies":[{"name":"wp","href":"https:\/\/api.w.org\/{rel}","templated":true}]}}