{"id":73362,"date":"2024-10-24T11:04:56","date_gmt":"2024-10-24T09:04:56","guid":{"rendered":"https:\/\/partyinabox.dk\/party\/?post_type=product&#038;p=73362"},"modified":"2026-04-28T12:37:48","modified_gmt":"2026-04-28T10:37:48","slug":"sommerfugl-folie-ballon-til-guirlande","status":"publish","type":"product","link":"https:\/\/partyinabox.dk\/party\/vare\/sommerfugl-folie-ballon-til-guirlande\/","title":{"rendered":"Sommerfugl folie ballon til guirlande"},"content":{"rendered":"<p>S\u00f8de sommerfugle folieballoner der kan s\u00e6ttes fast p\u00e5 en ballonguirlande eller balloner eller de kan h\u00e6nges i en snor og danne en guirlande selv eller h\u00e6nges fra loftet. De skal fyldes med luft og der medf\u00f8lger suger\u00f8r hertil. Der er 21 stykker i pakken i 3 forskellige farver &#8211; luser\u00f8d, mint og lilla.<\/p>\n<p>Der medf\u00f8lger ikke snor eller lim dutter.<\/p>\n<p>Indhold: 21 stk. \/ M\u00e5l: 19 x 23 cm cm<\/p>\n","protected":false},"excerpt":{"rendered":"<p>S\u00f8de sommerfugle folieballoner der kan s\u00e6ttes fast p\u00e5 en ballonguirlande eller balloner eller de kan h\u00e6nges i en snor og danne en guirlande selv eller h\u00e6nges fra loftet. De skal fyldes med luft og der medf\u00f8lger suger\u00f8r hertil. Der er [&hellip;]<\/p>\n","protected":false},"featured_media":73365,"template":"","meta":{"_acf_changed":false},"product_brand":[],"product_cat":[30],"product_tag":[],"class_list":{"0":"post-73362","1":"product","2":"type-product","3":"status-publish","4":"has-post-thumbnail","6":"product_cat-balloner","8":"first","9":"instock","10":"taxable","11":"shipping-taxable","12":"purchasable","13":"product-type-simple"},"bundled_by":[],"bundle_stock_status":"instock","bundle_stock_quantity":61,"bundle_virtual":false,"bundle_layout":"","bundle_add_to_cart_form_location":"","bundle_editable_in_cart":false,"bundle_sold_individually_context":"","bundle_item_grouping":"","bundle_min_size":"","bundle_max_size":"","bundle_price":[],"bundled_items":[],"bundle_sell_ids":[],"acf":[],"tiered_pricing_type":"fixed","tiered_pricing_fixed_rules":[],"tiered_pricing_product_settings":{"layout":"default","base_unit_name":{"singular":null,"plural":null},"default_variation":null},"tiered_pricing_minimum_quantity":null,"tiered_pricing_roles_data":[],"tiered_pricing_percentage_rules":[],"tiered_pricing_maximum_quantity":null,"tiered_pricing_quantity_step":null,"_links":{"self":[{"href":"https:\/\/partyinabox.dk\/party\/wp-json\/wp\/v2\/product\/73362","targetHints":{"allow":["GET"]}}],"collection":[{"href":"https:\/\/partyinabox.dk\/party\/wp-json\/wp\/v2\/product"}],"about":[{"href":"https:\/\/partyinabox.dk\/party\/wp-json\/wp\/v2\/types\/product"}],"wp:featuredmedia":[{"embeddable":true,"href":"https:\/\/partyinabox.dk\/party\/wp-json\/wp\/v2\/media\/73365"}],"wp:attachment":[{"href":"https:\/\/partyinabox.dk\/party\/wp-json\/wp\/v2\/media?parent=73362"}],"wp:term":[{"taxonomy":"product_brand","embeddable":true,"href":"https:\/\/partyinabox.dk\/party\/wp-json\/wp\/v2\/product_brand?post=73362"},{"taxonomy":"product_cat","embeddable":true,"href":"https:\/\/partyinabox.dk\/party\/wp-json\/wp\/v2\/product_cat?post=73362"},{"taxonomy":"product_tag","embeddable":true,"href":"https:\/\/partyinabox.dk\/party\/wp-json\/wp\/v2\/product_tag?post=73362"}],"curies":[{"name":"wp","href":"https:\/\/api.w.org\/{rel}","templated":true}]}}