{"id":73278,"date":"2024-10-23T12:51:57","date_gmt":"2024-10-23T10:51:57","guid":{"rendered":"https:\/\/partyinabox.dk\/party\/?post_type=product&#038;p=73278"},"modified":"2026-04-28T23:07:48","modified_gmt":"2026-04-28T21:07:48","slug":"staaende-enhjoerning-folie-ballon","status":"publish","type":"product","link":"https:\/\/partyinabox.dk\/party\/vare\/staaende-enhjoerning-folie-ballon\/","title":{"rendered":"St\u00e5ende enhj\u00f8rning folie ballon"},"content":{"rendered":"<p>S\u00f8d st\u00e5ende enhj\u00f8rning folieballon der kan st\u00e5 p\u00e5 gulvet eller bordet. Den skal kun fyldes med luft og der medf\u00f8lger et suger\u00f8r hertil. Ellers kan man tilk\u00f8be en pumpe.<\/p>\n<p>N\u00e5r unicorn folieballonen er fyldt op m\u00e5ler den ca. 95 x 86 cm<\/p>\n<p>Indhold: 1 stk. \/ M\u00e5l: 95 x 86 cm<\/p>\n","protected":false},"excerpt":{"rendered":"<p>S\u00f8d st\u00e5ende enhj\u00f8rning folieballon der kan st\u00e5 p\u00e5 gulvet eller bordet. Den skal kun fyldes med luft og der medf\u00f8lger et suger\u00f8r hertil. Ellers kan man tilk\u00f8be en pumpe. N\u00e5r unicorn folieballonen er fyldt op m\u00e5ler den ca. 95 x [&hellip;]<\/p>\n","protected":false},"featured_media":73280,"template":"","meta":{"_acf_changed":false},"product_brand":[],"product_cat":[30],"product_tag":[],"class_list":{"0":"post-73278","1":"product","2":"type-product","3":"status-publish","4":"has-post-thumbnail","6":"product_cat-balloner","8":"first","9":"instock","10":"taxable","11":"shipping-taxable","12":"purchasable","13":"product-type-simple"},"bundled_by":[],"bundle_stock_status":"instock","bundle_stock_quantity":236,"bundle_virtual":false,"bundle_layout":"","bundle_add_to_cart_form_location":"","bundle_editable_in_cart":false,"bundle_sold_individually_context":"","bundle_item_grouping":"","bundle_min_size":"","bundle_max_size":"","bundle_price":[],"bundled_items":[],"bundle_sell_ids":[],"acf":[],"tiered_pricing_type":"fixed","tiered_pricing_fixed_rules":[],"tiered_pricing_product_settings":{"layout":"default","base_unit_name":{"singular":null,"plural":null},"default_variation":null},"tiered_pricing_minimum_quantity":null,"tiered_pricing_roles_data":[],"tiered_pricing_percentage_rules":[],"tiered_pricing_maximum_quantity":null,"tiered_pricing_quantity_step":null,"_links":{"self":[{"href":"https:\/\/partyinabox.dk\/party\/wp-json\/wp\/v2\/product\/73278","targetHints":{"allow":["GET"]}}],"collection":[{"href":"https:\/\/partyinabox.dk\/party\/wp-json\/wp\/v2\/product"}],"about":[{"href":"https:\/\/partyinabox.dk\/party\/wp-json\/wp\/v2\/types\/product"}],"wp:featuredmedia":[{"embeddable":true,"href":"https:\/\/partyinabox.dk\/party\/wp-json\/wp\/v2\/media\/73280"}],"wp:attachment":[{"href":"https:\/\/partyinabox.dk\/party\/wp-json\/wp\/v2\/media?parent=73278"}],"wp:term":[{"taxonomy":"product_brand","embeddable":true,"href":"https:\/\/partyinabox.dk\/party\/wp-json\/wp\/v2\/product_brand?post=73278"},{"taxonomy":"product_cat","embeddable":true,"href":"https:\/\/partyinabox.dk\/party\/wp-json\/wp\/v2\/product_cat?post=73278"},{"taxonomy":"product_tag","embeddable":true,"href":"https:\/\/partyinabox.dk\/party\/wp-json\/wp\/v2\/product_tag?post=73278"}],"curies":[{"name":"wp","href":"https:\/\/api.w.org\/{rel}","templated":true}]}}