{"id":73187,"date":"2024-10-22T13:47:23","date_gmt":"2024-10-22T11:47:23","guid":{"rendered":"https:\/\/partyinabox.dk\/party\/?post_type=product&#038;p=73187"},"modified":"2026-04-28T19:22:02","modified_gmt":"2026-04-28T17:22:02","slug":"soelv-diskokugle-mellem","status":"publish","type":"product","link":"https:\/\/partyinabox.dk\/party\/vare\/soelv-diskokugle-mellem\/","title":{"rendered":"S\u00f8lv diskokugle (mellem)"},"content":{"rendered":"<p>S\u00e6t gang i festen med denne flotte s\u00f8lv diskokugle. Perfekt til en 70&#8217;er diskofest, s\u00f8lvfest eller anden festlighed. hvor denne kan udsmykke loftet.<\/p>\n<p>Indhold: 1 stk. \/ M\u00e5l: 20 cm (\u00d8)<\/p>\n","protected":false},"excerpt":{"rendered":"<p>S\u00e6t gang i festen med denne flotte s\u00f8lv diskokugle. Perfekt til en 70&#8217;er diskofest, s\u00f8lvfest eller anden festlighed. hvor denne kan udsmykke loftet. Indhold: 1 stk. \/ M\u00e5l: 20 cm (\u00d8)<\/p>\n","protected":false},"featured_media":73189,"template":"","meta":{"_acf_changed":false},"product_brand":[],"product_cat":[31],"product_tag":[],"class_list":{"0":"post-73187","1":"product","2":"type-product","3":"status-publish","4":"has-post-thumbnail","6":"product_cat-til-loftet","8":"first","9":"instock","10":"taxable","11":"shipping-taxable","12":"purchasable","13":"product-type-simple"},"bundled_by":[],"bundle_stock_status":"instock","bundle_stock_quantity":74,"bundle_virtual":false,"bundle_layout":"","bundle_add_to_cart_form_location":"","bundle_editable_in_cart":false,"bundle_sold_individually_context":"","bundle_item_grouping":"","bundle_min_size":"","bundle_max_size":"","bundle_price":[],"bundled_items":[],"bundle_sell_ids":[],"acf":[],"tiered_pricing_type":"fixed","tiered_pricing_fixed_rules":[],"tiered_pricing_product_settings":{"layout":"default","base_unit_name":{"singular":null,"plural":null},"default_variation":null},"tiered_pricing_minimum_quantity":null,"tiered_pricing_roles_data":[],"tiered_pricing_percentage_rules":[],"tiered_pricing_maximum_quantity":null,"tiered_pricing_quantity_step":null,"_links":{"self":[{"href":"https:\/\/partyinabox.dk\/party\/wp-json\/wp\/v2\/product\/73187","targetHints":{"allow":["GET"]}}],"collection":[{"href":"https:\/\/partyinabox.dk\/party\/wp-json\/wp\/v2\/product"}],"about":[{"href":"https:\/\/partyinabox.dk\/party\/wp-json\/wp\/v2\/types\/product"}],"wp:featuredmedia":[{"embeddable":true,"href":"https:\/\/partyinabox.dk\/party\/wp-json\/wp\/v2\/media\/73189"}],"wp:attachment":[{"href":"https:\/\/partyinabox.dk\/party\/wp-json\/wp\/v2\/media?parent=73187"}],"wp:term":[{"taxonomy":"product_brand","embeddable":true,"href":"https:\/\/partyinabox.dk\/party\/wp-json\/wp\/v2\/product_brand?post=73187"},{"taxonomy":"product_cat","embeddable":true,"href":"https:\/\/partyinabox.dk\/party\/wp-json\/wp\/v2\/product_cat?post=73187"},{"taxonomy":"product_tag","embeddable":true,"href":"https:\/\/partyinabox.dk\/party\/wp-json\/wp\/v2\/product_tag?post=73187"}],"curies":[{"name":"wp","href":"https:\/\/api.w.org\/{rel}","templated":true}]}}