{"id":72864,"date":"2024-10-18T10:43:24","date_gmt":"2024-10-18T08:43:24","guid":{"rendered":"https:\/\/partyinabox.dk\/party\/?post_type=product&#038;p=72864"},"modified":"2026-03-16T09:24:20","modified_gmt":"2026-03-16T08:24:20","slug":"guld-haarboejle-happy-new-year","status":"publish","type":"product","link":"https:\/\/partyinabox.dk\/party\/vare\/guld-haarboejle-happy-new-year\/","title":{"rendered":"Guld h\u00e5rb\u00f8jle &#8220;Happy new year&#8221;"},"content":{"rendered":"<p>Flot guld h\u00e5rb\u00f8jle med teksten Happy new year, der er superfin til nyt\u00e5r.<\/p>\n<p>Perfekt h\u00e5rb\u00f8jle til nyt\u00e5r.<\/p>\n<p>&nbsp;<\/p>\n<p>Indhold:1 stk.<\/p>\n","protected":false},"excerpt":{"rendered":"<p>Flot guld h\u00e5rb\u00f8jle med teksten Happy new year, der er superfin til nyt\u00e5r. Perfekt h\u00e5rb\u00f8jle til nyt\u00e5r. &nbsp; Indhold:1 stk.<\/p>\n","protected":false},"featured_media":72865,"template":"","meta":{"_acf_changed":false},"product_brand":[],"product_cat":[34],"product_tag":[],"class_list":{"0":"post-72864","1":"product","2":"type-product","3":"status-publish","4":"has-post-thumbnail","6":"product_cat-accessories","8":"first","9":"outofstock","10":"taxable","11":"shipping-taxable","12":"purchasable","13":"product-type-simple"},"bundled_by":[],"bundle_stock_status":"outofstock","bundle_stock_quantity":0,"bundle_virtual":false,"bundle_layout":"","bundle_add_to_cart_form_location":"","bundle_editable_in_cart":false,"bundle_sold_individually_context":"","bundle_item_grouping":"","bundle_min_size":"","bundle_max_size":"","bundle_price":[],"bundled_items":[],"bundle_sell_ids":[],"acf":[],"tiered_pricing_type":"fixed","tiered_pricing_fixed_rules":[],"tiered_pricing_product_settings":{"layout":"default","base_unit_name":{"singular":null,"plural":null},"default_variation":null},"tiered_pricing_minimum_quantity":null,"tiered_pricing_roles_data":[],"tiered_pricing_percentage_rules":[],"tiered_pricing_maximum_quantity":null,"tiered_pricing_quantity_step":null,"_links":{"self":[{"href":"https:\/\/partyinabox.dk\/party\/wp-json\/wp\/v2\/product\/72864","targetHints":{"allow":["GET"]}}],"collection":[{"href":"https:\/\/partyinabox.dk\/party\/wp-json\/wp\/v2\/product"}],"about":[{"href":"https:\/\/partyinabox.dk\/party\/wp-json\/wp\/v2\/types\/product"}],"wp:featuredmedia":[{"embeddable":true,"href":"https:\/\/partyinabox.dk\/party\/wp-json\/wp\/v2\/media\/72865"}],"wp:attachment":[{"href":"https:\/\/partyinabox.dk\/party\/wp-json\/wp\/v2\/media?parent=72864"}],"wp:term":[{"taxonomy":"product_brand","embeddable":true,"href":"https:\/\/partyinabox.dk\/party\/wp-json\/wp\/v2\/product_brand?post=72864"},{"taxonomy":"product_cat","embeddable":true,"href":"https:\/\/partyinabox.dk\/party\/wp-json\/wp\/v2\/product_cat?post=72864"},{"taxonomy":"product_tag","embeddable":true,"href":"https:\/\/partyinabox.dk\/party\/wp-json\/wp\/v2\/product_tag?post=72864"}],"curies":[{"name":"wp","href":"https:\/\/api.w.org\/{rel}","templated":true}]}}